{"id":33820,"date":"2022-07-05T09:26:10","date_gmt":"2022-07-05T01:26:10","guid":{"rendered":"https:\/\/www.meatprocessingmachine.org\/?p=33820"},"modified":"2026-02-12T16:48:50","modified_gmt":"2026-02-12T08:48:50","slug":"burger-meat-patty-making-machine-meatloaf-forming-machine","status":"publish","type":"product","link":"https:\/\/www.meatprocessingmachine.org\/vi\/burger-meat-patty-making-machine-meatloaf-forming-machine.html","title":{"rendered":"M\u00e1y t\u1ea1o h\u00ecnh th\u1ecbt vi\u00ean burger | M\u00e1y t\u1ea1o h\u00ecnh th\u1ecbt vi\u00ean"},"content":{"rendered":"<div class=\"kk-star-ratings kksr-auto kksr-align-right kksr-valign-top\"     data-payload='{&quot;align&quot;:&quot;right&quot;,&quot;id&quot;:&quot;33820&quot;,&quot;slug&quot;:&quot;default&quot;,&quot;valign&quot;:&quot;top&quot;,&quot;ignore&quot;:&quot;&quot;,&quot;reference&quot;:&quot;auto&quot;,&quot;class&quot;:&quot;&quot;,&quot;count&quot;:&quot;0&quot;,&quot;legendonly&quot;:&quot;&quot;,&quot;readonly&quot;:&quot;&quot;,&quot;score&quot;:&quot;0&quot;,&quot;starsonly&quot;:&quot;&quot;,&quot;best&quot;:&quot;5&quot;,&quot;gap&quot;:&quot;5&quot;,&quot;greet&quot;:&quot;Rate this product&quot;,&quot;legend&quot;:&quot;0\\\/5 - (0 b\u00ecnh ch\u1ecdn)&quot;,&quot;size&quot;:&quot;24&quot;,&quot;title&quot;:&quot;Burger meat patty-making machine | meatloaf forming machine&quot;,&quot;width&quot;:&quot;0&quot;,&quot;_legend&quot;:&quot;{score}\\\/{best} - ({count} {votes})&quot;,&quot;font_factor&quot;:&quot;1.25&quot;}'>              <div class=\"kksr-stars\">      <div class=\"kksr-stars-inactive\">             <div class=\"kksr-star\" data-star=\"1\" style=\"padding-right: 5px\">               <div class=\"kksr-icon\" style=\"width: 24px; height: 24px;\"><\/div>         <\/div>             <div class=\"kksr-star\" data-star=\"2\" style=\"padding-right: 5px\">               <div class=\"kksr-icon\" style=\"width: 24px; height: 24px;\"><\/div>         <\/div>             <div class=\"kksr-star\" data-star=\"3\" style=\"padding-right: 5px\">               <div class=\"kksr-icon\" style=\"width: 24px; height: 24px;\"><\/div>         <\/div>             <div class=\"kksr-star\" data-star=\"4\" style=\"padding-right: 5px\">               <div class=\"kksr-icon\" style=\"width: 24px; height: 24px;\"><\/div>         <\/div>             <div class=\"kksr-star\" data-star=\"5\" style=\"padding-right: 5px\">               <div class=\"kksr-icon\" style=\"width: 24px; height: 24px;\"><\/div>         <\/div>     <\/div>      <div class=\"kksr-stars-active\" style=\"width: 0px;\">             <div class=\"kksr-star\" style=\"padding-right: 5px\">               <div class=\"kksr-icon\" style=\"width: 24px; height: 24px;\"><\/div>         <\/div>             <div class=\"kksr-star\" style=\"padding-right: 5px\">               <div class=\"kksr-icon\" style=\"width: 24px; height: 24px;\"><\/div>         <\/div>             <div class=\"kksr-star\" style=\"padding-right: 5px\">               <div class=\"kksr-icon\" style=\"width: 24px; height: 24px;\"><\/div>         <\/div>             <div class=\"kksr-star\" style=\"padding-right: 5px\">               <div class=\"kksr-icon\" style=\"width: 24px; height: 24px;\"><\/div>         <\/div>             <div class=\"kksr-star\" style=\"padding-right: 5px\">               <div class=\"kksr-icon\" style=\"width: 24px; height: 24px;\"><\/div>         <\/div>     <\/div> <\/div>                   <div class=\"kksr-legend\" style=\"font-size: 19.2px;\">             <span class=\"kksr-muted\">\u0110\u00e1nh gi\u00e1 s\u1ea3n ph\u1ea9m n\u00e0y<\/span>     <\/div>     <\/div>  <p>M\u00e1y h\u00ecnh th\u00e0nh patty th\u1ecbt b\u00f2 t\u1ef1 \u0111\u1ed9ng l\u00e0 m\u1ed9t m\u00e1y \u0111\u1ec3 t\u1ea1o h\u00ecnh patty hamburger. N\u00f3 c\u00f3 th\u1ec3 nhanh ch\u00f3ng t\u1ea1o h\u00ecnh patties, v\u00e0 h\u00ecnh d\u1ea1ng c\u1ee7a ch\u00fang c\u00f3 th\u1ec3 \u0111\u01b0\u1ee3c t\u00f9y ch\u1ec9nh. V\u00ed d\u1ee5, n\u00f3 c\u00f3 th\u1ec3 x\u1eed l\u00fd patties h\u00ecnh sao v\u00e0 patties th\u1ecbt g\u00e0 \u0111\u00f9i. N\u00f3 c\u00f3 th\u1ec3 \u0111\u01b0\u1ee3c th\u1ef1c hi\u1ec7n b\u1eb1ng c\u00e1ch thay \u0111\u1ed5i khu\u00f4n m\u00e1y. , M\u00e1y h\u00ecnh th\u00e0nh patties Hamburg c\u00f3 th\u1ec3 x\u1eed l\u00fd patties th\u1ecbt b\u00f2, patties g\u00e0, patties c\u00e1, patties t\u00f4m, patties khoai t\u00e2y b\u00ed \u0111\u1ecf, v\u00e0 c\u00e1c th\u00e0nh ph\u1ea7n kh\u00e1c, ph\u00f9 h\u1ee3p cho ch\u1ebf bi\u1ebfn th\u1ecbt, nh\u00e0 h\u00e0ng, c\u0103ng tin, c\u1eeda h\u00e0ng burger v\u00e0 c\u00e1c n\u01a1i kh\u00e1c. <\/p>    <figure class=\"wp-block-gallery has-nested-images columns-default is-cropped wp-block-gallery-2 is-layout-flex wp-block-gallery-is-layout-flex\"> <figure class=\"wp-block-image size-large\"><img loading=\"lazy\" decoding=\"async\" width=\"720\" height=\"540\" data-id=\"33833\" src=\"https:\/\/www.meatprocessingmachine.org\/wp-content\/uploads\/2022\/07\/SPB51005-raw-stacked-burgers-1.png\" alt=\"\" class=\"wp-image-33833\" title=\"\"><figcaption><\/figcaption><\/figure>    <figure class=\"wp-block-image size-large\"><img loading=\"lazy\" decoding=\"async\" width=\"720\" height=\"540\" data-id=\"33834\" src=\"https:\/\/www.meatprocessingmachine.org\/wp-content\/uploads\/2022\/07\/\u56fe\u72478.png\" alt=\"\" class=\"wp-image-33834\" title=\"\"><figcaption><\/figcaption><\/figure>    <figure class=\"wp-block-image size-large\"><img loading=\"lazy\" decoding=\"async\" width=\"720\" height=\"540\" data-id=\"33835\" src=\"https:\/\/www.meatprocessingmachine.org\/wp-content\/uploads\/2022\/07\/OIP.png\" alt=\"\" class=\"wp-image-33835\" title=\"\"><figcaption><\/figcaption><\/figure>    <figure class=\"wp-block-image size-large\"><img loading=\"lazy\" decoding=\"async\" width=\"720\" height=\"540\" data-id=\"33836\" src=\"https:\/\/www.meatprocessingmachine.org\/wp-content\/uploads\/2022\/07\/O1CN01l84kae1SohFGTSCiS_845992294.jpg_400x400-\u526f\u672c.png\" alt=\"\" class=\"wp-image-33836\" title=\"\"><figcaption><\/figcaption><\/figure>    <figure class=\"wp-block-image size-large\"><img loading=\"lazy\" decoding=\"async\" width=\"720\" height=\"540\" data-id=\"33837\" src=\"https:\/\/www.meatprocessingmachine.org\/wp-content\/uploads\/2022\/07\/\u56fe\u72471.png\" alt=\"\" class=\"wp-image-33837\" title=\"\"><figcaption><\/figcaption><\/figure>    <figure class=\"wp-block-image size-large\"><img loading=\"lazy\" decoding=\"async\" width=\"720\" height=\"540\" data-id=\"33838\" src=\"https:\/\/www.meatprocessingmachine.org\/wp-content\/uploads\/2022\/07\/u2057661609210569391fm199app68fPNG.png\" alt=\"\" class=\"wp-image-33838\" title=\"\"><figcaption><\/figcaption><\/figure> <\/figure>    <h2 class=\"wp-block-heading\" id=\"h-ingredients-for-burger-meat-patty-making-machine\">Nguy\u00ean li\u1ec7u cho m\u00e1y l\u00e0m pattie th\u1ecbt b\u00f2<\/h2>   <div class=\"wp-block-image\"> <figure class=\"aligncenter size-full is-resized\"><img decoding=\"async\" src=\"https:\/\/www.meatprocessingmachine.org\/wp-content\/uploads\/2022\/07\/058fc544f0069cfd5496d497c978d99.jpg\" alt=\"\u00e9p pattie th\u1ecbt b\u00f2\" class=\"wp-image-33824\" width=\"720\" title=\"\"><figcaption class=\"wp-element-caption\">Burger Meat Patty-Making Machine<\/figcaption><\/figure> <\/div>   <p>Nguy\u00ean li\u1ec7u cho khu\u00f4n \u0111\u00fac: nhi\u1ec1u lo\u1ea1i th\u1ecbt, bao g\u1ed3m g\u00e0, b\u00f2, c\u1eebu v\u00e0 l\u1ee3n; s\u1ea3n ph\u1ea9m h\u1ea3i s\u1ea3n, c\u00e1, t\u00f4m, m\u1ef1c v\u00e0 c\u00e1 h\u1ed3i; c\u0169ng c\u00f3 th\u1ec3 x\u1eed l\u00fd b\u00e1nh rau, nh\u01b0 khoai t\u00e2y, khoai lang, b\u00ed \u0111\u1ecf, c\u00e0 r\u1ed1t, \u0111\u1eadu xanh, \u0111\u1eadu \u0111\u1ecf, \u0111\u1eadu broad, \u0111\u1eadu n\u00e0nh, \u0111\u1ec3 c\u00e2n b\u1eb1ng dinh d\u01b0\u1ee1ng, c\u00f3 th\u1ec3 tr\u1ed9n v\u1edbi th\u1ecbt, c\u00e1 v\u00e0 rau; patties \u0111\u00e3 \u0111\u01b0\u1ee3c ch\u1ebf bi\u1ebfn c\u00f3 th\u1ec3 \u0111\u01b0a v\u00e0o hamburger.<\/p>    <h2 class=\"wp-block-heading\">L\u00e0m th\u1ebf n\u00e0o \u0111\u1ec3 s\u1eed d\u1ee5ng m\u00e1y l\u00e0m pattie th\u1ecbt b\u00f2?<\/h2>   <div class=\"wp-block-image\"> <figure class=\"aligncenter size-full\"><img loading=\"lazy\" decoding=\"async\" width=\"720\" height=\"540\" src=\"https:\/\/www.meatprocessingmachine.org\/wp-content\/uploads\/2022\/07\/u19631668031616309069fm199app68fPNG.png\" alt=\"\u00e9p pattie th\u1ecbt b\u00f2\" class=\"wp-image-33825\" title=\"\"><figcaption class=\"wp-element-caption\">\u00e9p pattie th\u1ecbt b\u00f2<\/figcaption><\/figure> <\/div>   <p>Tr\u01b0\u1edbc khi m\u00e1y l\u00e0m pattie th\u1ecbt b\u00f2 ho\u1ea1t \u0111\u1ed9ng, tr\u01b0\u1edbc ti\u00ean l\u1eafp khu\u00f4n forming tr\u1ed1ng pattie c\u1ea7n thi\u1ebft, sau \u0111\u00f3 m\u1edf n\u1eafp th\u00f9ng v\u1eadt li\u1ec7u, l\u1eafp \u0111\u1ec7m \u00e9p th\u1ecbt trong th\u00f9ng v\u1eadt li\u1ec7u, v\u00e0 th\u00eam nh\u00e2n th\u1ecbt \u0111\u00e3 chu\u1ea9n b\u1ecb v\u00e0o th\u00f9ng v\u1eadt li\u1ec7u, Cu\u1ed1i c\u00f9ng kh\u1edfi \u0111\u1ed9ng m\u00e1y \u0111\u00fac. Sau khi m\u00e1y \u0111\u00fac ho\u1ea1t \u0111\u1ed9ng, l\u01b0\u1ee1i \u00e9p th\u1ecbt trong th\u00f9ng v\u1eadt li\u1ec7u quay c\u00f9ng n\u00f3 v\u00e0 li\u00ean t\u1ee5c \u00e9p v\u1eadt li\u1ec7u th\u1ecbt xu\u1ed1ng khu\u00f4n \u0111\u00fac. Khu\u00f4n sau \u0111\u00f3 \u0111\u01b0\u1ee3c c\u1eaft b\u1ecf tr\u00ean b\u0103ng chuy\u1ec1n b\u1edfi d\u00e2y th\u00e9p \u0111\u1ec3 h\u00ecnh th\u00e0nh chu tr\u00ecnh l\u00e0m vi\u1ec7c \u0111\u00fac v\u00e0 xu\u1ea5t pattie th\u1ecbt.<\/p>    <h2 class=\"wp-block-heading\">M\u00e1y h\u00ecnh th\u00e0nh pattie b\u00f2<\/h2>   <div class=\"wp-block-image\"> <figure class=\"aligncenter size-full\"><img loading=\"lazy\" decoding=\"async\" width=\"720\" height=\"540\" src=\"https:\/\/www.meatprocessingmachine.org\/wp-content\/uploads\/2022\/07\/u15355109621088436437fm199app68fJPEG.png\" alt=\"M\u00e1y l\u00e0m pattie th\u1ecbt b\u00f2\" class=\"wp-image-33826\" title=\"\"><figcaption class=\"wp-element-caption\">m\u00e1y l\u00e0m pattie th\u1ecbt b\u00f2 <\/figcaption><\/figure> <\/div>   <p class=\"translation-block\">M\u00e1y h\u00ecnh th\u00e0nh pattie hamburger t\u1ef1 \u0111\u1ed9ng bi\u1ebfn th\u1ecbt xay th\u00e0nh h\u00ecnh d\u1ea1ng v\u00e0 tr\u1ecdng l\u01b0\u1ee3ng thi\u1ebft k\u1ebf, c\u00f3 th\u1ec3 x\u1eed l\u00fd th\u00e0nh h\u00ecnh tam gi\u00e1c, h\u00ecnh ch\u1eef nh\u1eadt, h\u00ecnh tr\u00f2n, h\u00ecnh tr\u00e1i tim v\u00e0 h\u00ecnh d\u1ea1ng \u0111\u1eb7c bi\u1ec7t, v\u00e0 t\u1ef1 \u0111\u1ed9ng ho\u00e0n t\u1ea5t qu\u00e1 tr\u00ecnh \u0111i\u1ec1n \u0111\u1ea7y, \u0111\u1ecbnh h\u00ecnh v\u00e0 xu\u1ea5t ra c\u1ee7a th\u1ecbt. A <a href=\"https:\/\/www.meatprocessingmachine.org\/vi\/chicken-bone-grinder-best-meat-grinder-for-grinding-bones.html\/\">xay th\u1ecbt <\/a> c\u00f3 th\u1ec3 \u0111\u01b0\u1ee3c \u0111\u1eb7t ph\u00eda tr\u01b0\u1edbc m\u00e1y \u0111\u00fac \u0111\u1ec3 xay th\u1ecbt, sau \u0111\u00f3 c\u00f3 th\u1ec3 \u0111\u01b0a v\u00e0o <a href=\"https:\/\/www.meatprocessingmachine.org\/vi\/good-quality-meat-food-stuffing-mixer.html\/\">m\u00e1y tr\u1ed9n th\u1ecbt<\/a>, v\u00e0 gia v\u1ecb v\u00e0 c\u00e1c lo\u1ea1i rau c\u1ee7 kh\u00e1c c\u00f3 th\u1ec3 \u0111\u01b0\u1ee3c cho v\u00e0o, v\u00e0 m\u00e1y c\u00f3 th\u1ec3 th\u1ef1c hi\u1ec7n tr\u1ed9n t\u1ef1 \u0111\u1ed9ng. C\u00f3 th\u1ec3 chi\u00ean ho\u1eb7c l\u00e0m l\u1ea1nh nhanh, v\u00e0 sau khi qu\u00e1 tr\u00ecnh x\u1eed l\u00fd ho\u00e0n th\u00e0nh, c\u0169ng c\u00f3 th\u1ec3 \u0111\u00f3ng g\u00f3i ch\u00e2n kh\u00f4ng, v\u00e0 <a href=\"https:\/\/www.meatprocessingmachine.org\/vi\/single-chamber-vacuum-packaging-machine.html\/\">\u0111\u00f3ng g\u00f3i ch\u00e2n kh\u00f4ng <\/a> c\u00f3 th\u1ec3 \u0111\u01b0\u1ee3c s\u1eed d\u1ee5ng \u0111\u1ec3 k\u00e9o d\u00e0i th\u1eddi h\u1ea1n s\u1eed d\u1ee5ng c\u1ee7a th\u1ef1c ph\u1ea9m. Theo c\u00e1ch n\u00e0y, d\u00f9ng m\u00e1y thay th\u1ebf lao \u0111\u1ed9ng c\u00f3 th\u1ec3 \u0111\u1ea9y nhanh qu\u00e1 tr\u00ecnh s\u1ea3n xu\u1ea5t.<\/p>    <h2 class=\"wp-block-heading\">T\u1ea1i sao m\u00e1y \u00e9p patties th\u1ecbt b\u00f2 c\u00f3 th\u1ec3 s\u1ea3n xu\u1ea5t c\u00e1c h\u00ecnh d\u1ea1ng patties kh\u00e1c nhau<\/h2>    <figure class=\"wp-block-gallery has-nested-images columns-2 is-cropped wp-block-gallery-3 is-layout-flex wp-block-gallery-is-layout-flex\"> <figure class=\"wp-block-image size-large\"><img loading=\"lazy\" decoding=\"async\" width=\"720\" height=\"540\" data-id=\"33827\" src=\"https:\/\/www.meatprocessingmachine.org\/wp-content\/uploads\/2022\/07\/422919056768911247.png\" alt=\"meatloaf forming machine mold\" class=\"wp-image-33827\" title=\"\"><figcaption class=\"wp-element-caption\">Khu\u00f4n h\u00ecnh th\u00e0nh th\u1ecbt n\u01b0\u1edbng<\/figcaption><\/figure>    <figure class=\"wp-block-image size-large\"><img loading=\"lazy\" decoding=\"async\" width=\"720\" height=\"540\" data-id=\"33828\" src=\"https:\/\/www.meatprocessingmachine.org\/wp-content\/uploads\/2022\/07\/542820201130200308.png\" alt=\"meatloaf forming machine mold\" class=\"wp-image-33828\" title=\"\"><figcaption class=\"wp-element-caption\">Khu\u00f4n h\u00ecnh th\u00e0nh th\u1ecbt n\u01b0\u1edbng<\/figcaption><\/figure>    <figure class=\"wp-block-image size-large\"><img loading=\"lazy\" decoding=\"async\" width=\"720\" height=\"540\" data-id=\"33829\" src=\"https:\/\/www.meatprocessingmachine.org\/wp-content\/uploads\/2022\/07\/\u5fae\u4fe1\u622a\u56fe_20220704102149.png\" alt=\"heart shape meat patty\" class=\"wp-image-33829\" title=\"\"><figcaption class=\"wp-element-caption\">Pattie th\u1ecbt h\u00ecnh tr\u00e1i tim<\/figcaption><\/figure>    <figure class=\"wp-block-image size-large\"><img loading=\"lazy\" decoding=\"async\" width=\"720\" height=\"540\" data-id=\"33830\" src=\"https:\/\/www.meatprocessingmachine.org\/wp-content\/uploads\/2022\/07\/0.147.png\" alt=\"round meat patty\" class=\"wp-image-33830\" title=\"\"><figcaption class=\"wp-element-caption\">Pattie th\u1ecbt h\u00ecnh tr\u00f2n<\/figcaption><\/figure> <\/figure>    <p>M\u00e1y l\u00e0m pattie th\u1ecbt b\u00f2 c\u00f3 th\u1ec3 s\u1ea3n xu\u1ea5t pattie h\u00ecnh tr\u00f2n, h\u00ecnh tam gi\u00e1c, h\u00ecnh vu\u00f4ng, h\u00ecnh tr\u00e1i tim v\u00e0 h\u00ecnh sao. T\u1ea1i sao m\u1ed9t m\u00e1y c\u00f3 th\u1ec3 t\u1ea1o ra nhi\u1ec1u h\u00ecnh d\u1ea1ng pattie kh\u00e1c nhau \u0111\u1ebfn th\u1ebf? L\u00fd do l\u00e0 khu\u00f4n c\u1ee7a m\u00e1y c\u00f3 th\u1ec3 \u0111\u01b0\u1ee3c thay th\u1ebf b\u1eb1ng c\u00e1ch thay \u0111\u1ed5i c\u00e1c khu\u00f4n kh\u00e1c nhau, v\u00e0 m\u00e1y h\u00ecnh th\u00e0nh th\u1ecbt n\u01b0\u1edbng c\u00f3 th\u1ec3 l\u00e0m patties th\u1ecbt v\u1edbi c\u00e1c h\u00ecnh d\u1ea1ng kh\u00e1c nhau.<\/p>    <h2 class=\"wp-block-heading\">Th\u00f4ng s\u1ed1 k\u1ef9 thu\u1eadt c\u1ee7a m\u00e1y h\u00ecnh th\u00e0nh th\u1ecbt n\u01b0\u1edbng<\/h2>    <p>K\u00edch th\u01b0\u1edbc: 850*600*1400mm<\/p>    <p>Tr\u1ecdng l\u01b0\u1ee3ng: 100kg<\/p>    <p>\u0110i\u1ec7n \u00e1p: 380V 50hz \u0111i\u1ec7n ba pha, c\u00f3 th\u1ec3 \u0111\u1ed5i sang 220V; ba pha l\u00e0 y\u00eau c\u1ea7u b\u1eaft bu\u1ed9c;<\/p>    <p>C\u00f4ng su\u1ea5t: 0.55kw<\/p>    <h2 class=\"wp-block-heading\">\u01afu \u0111i\u1ec3m c\u1ee7a m\u00e1y h\u00ecnh th\u00e0nh th\u1ecbt n\u01b0\u1edbng<\/h2>   <div class=\"wp-block-image\"> <figure class=\"aligncenter size-full\"><img loading=\"lazy\" decoding=\"async\" width=\"720\" height=\"540\" src=\"https:\/\/www.meatprocessingmachine.org\/wp-content\/uploads\/2022\/07\/\u5fae\u4fe1\u622a\u56fe_20220704102242.png\" alt=\"m\u00e1y ch\u1ebf bi\u1ebfn pattie th\u1ecbt b\u00f2\" class=\"wp-image-33832\" title=\"\"><figcaption class=\"wp-element-caption\">m\u00e1y ch\u1ebf bi\u1ebfn pattie th\u1ecbt b\u00f2<\/figcaption><\/figure> <\/div>   <p>1. M\u00e1y l\u00e0m pattie th\u1ecbt b\u00f2 s\u1eed d\u1ee5ng b\u1ed9 \u0111i\u1ec1u khi\u1ec3n plc, c\u00f3 th\u1ec3 ph\u00e2n b\u1ed5 c\u00e1c ch\u1ee9c n\u0103ng li\u00ean quan theo \u00fd b\u1ea1n<\/p>    <p>Th\u00e2n b\u1eb1ng th\u00e9p kh\u00f4ng g\u1ec9 2, kh\u00f4ng d\u1ec5 b\u1ecb g\u1ec9, c\u00f3 th\u1ec3 s\u1eed d\u1ee5ng trong th\u1eddi gian d\u00e0i<\/p>    <p>3. M\u00e1y \u00e9p pattie b\u00f2 c\u00f3 hi\u1ec7u su\u1ea5t cao, t\u1ed1c \u0111\u1ed9 \u1ed5n \u0111\u1ecbnh v\u00e0 h\u00ecnh d\u1ea1ng k\u00edch th\u01b0\u1edbc pattie \u0111\u1ed3ng \u0111\u1ec1u.<\/p>    <p>4. M\u00f4 khu\u00f4n pattie t\u00f9y ch\u1ec9nh, c\u00f3 th\u1ec3 s\u1ea3n xu\u1ea5t nhi\u1ec1u h\u00ecnh d\u1ea1ng, \u0111\u1eb9p m\u1eaft v\u00e0 s\u00e1ng t\u1ea1o<\/p>   <div class=\"wp-block-image\"> <figure class=\"aligncenter size-full\"><img loading=\"lazy\" decoding=\"async\" width=\"720\" height=\"540\" src=\"https:\/\/www.meatprocessingmachine.org\/wp-content\/uploads\/2022\/07\/\u5fae\u4fe1\u622a\u56fe_20220704102020.png\" alt=\"m\u00e1y ch\u1ebf bi\u1ebfn pattie th\u1ecbt b\u00f2\" class=\"wp-image-33839\" title=\"\"><figcaption class=\"wp-element-caption\">m\u00e1y ch\u1ebf bi\u1ebfn pattie th\u1ecbt b\u00f2<\/figcaption><\/figure> <\/div>   <h2 class=\"wp-block-heading\">Video v\u1ec1 m\u00e1y l\u00e0m pattie th\u1ecbt b\u00f2<\/h2>    <figure class=\"wp-block-embed aligncenter is-type-video is-provider-youtube wp-block-embed-youtube\"><div class=\"wp-block-embed__wrapper\"> <iframe loading=\"lazy\" title=\"M\u00e1y l\u00e0m pattie hamburger 2022 m\u1edbi | m\u00e1y \u0111\u1ecbnh h\u00ecnh hamburger t\u1ef1 \u0111\u1ed9ng | ch\u1ebf bi\u1ebfn th\u1ecbt\" width=\"500\" height=\"281\" src=\"https:\/\/www.youtube.com\/embed\/4TSWc6f6DOY?feature=oembed\" frameborder=\"0\" allow=\"accelerometer; autoplay; clipboard-write; encrypted-media; gyroscope; picture-in-picture; web-share\" referrerpolicy=\"strict-origin-when-cross-origin\" allowfullscreen><\/iframe> <\/div><\/figure>","protected":false},"excerpt":{"rendered":"<p>M\u00e1y h\u00ecnh th\u00e0nh patty th\u1ecbt b\u00f2 t\u1ef1 \u0111\u1ed9ng l\u00e0 m\u1ed9t m\u00e1y \u0111\u1ec3 t\u1ea1o h\u00ecnh patty hamburger. N\u00f3 c\u00f3 th\u1ec3 nhanh ch\u00f3ng t\u1ea1o h\u00ecnh patties, v\u00e0 h\u00ecnh d\u1ea1ng c\u1ee7a ch\u00fang c\u00f3 th\u1ec3 \u0111\u01b0\u1ee3c t\u00f9y ch\u1ec9nh. V\u00ed d\u1ee5, n\u00f3 c\u00f3 th\u1ec3 x\u1eed l\u00fd patties h\u00ecnh sao v\u00e0 patties th\u1ecbt g\u00e0 \u0111\u00f9i. N\u00f3 c\u00f3 th\u1ec3 \u0111\u01b0\u1ee3c th\u1ef1c hi\u1ec7n b\u1eb1ng c\u00e1ch thay \u0111\u1ed5i khu\u00f4n m\u00e1y. , M\u00e1y h\u00ecnh th\u00e0nh patties Hamburg c\u00f3 th\u1ec3 x\u1eed l\u00fd patties th\u1ecbt b\u00f2, patties g\u00e0, patties c\u00e1, patties t\u00f4m, patties khoai t\u00e2y b\u00ed \u0111\u1ecf, v\u00e0 c\u00e1c th\u00e0nh ph\u1ea7n kh\u00e1c, ph\u00f9 h\u1ee3p cho ch\u1ebf bi\u1ebfn th\u1ecbt, nh\u00e0 h\u00e0ng, c\u0103ng tin, c\u1eeda h\u00e0ng burger v\u00e0 c\u00e1c n\u01a1i kh\u00e1c. <\/p>","protected":false},"author":1,"featured_media":34114,"parent":0,"template":"","product-type":[582,583,584],"class_list":["post-33820","product","type-product","status-publish","has-post-thumbnail","hentry","product-type-cattle-sheep","product-type-chicken-turkey","product-type-fish"],"_links":{"self":[{"href":"https:\/\/www.meatprocessingmachine.org\/vi\/wp-json\/wp\/v2\/product\/33820","targetHints":{"allow":["GET"]}}],"collection":[{"href":"https:\/\/www.meatprocessingmachine.org\/vi\/wp-json\/wp\/v2\/product"}],"about":[{"href":"https:\/\/www.meatprocessingmachine.org\/vi\/wp-json\/wp\/v2\/types\/product"}],"author":[{"embeddable":true,"href":"https:\/\/www.meatprocessingmachine.org\/vi\/wp-json\/wp\/v2\/users\/1"}],"wp:featuredmedia":[{"embeddable":true,"href":"https:\/\/www.meatprocessingmachine.org\/vi\/wp-json\/wp\/v2\/media\/34114"}],"wp:attachment":[{"href":"https:\/\/www.meatprocessingmachine.org\/vi\/wp-json\/wp\/v2\/media?parent=33820"}],"wp:term":[{"taxonomy":"product-type","embeddable":true,"href":"https:\/\/www.meatprocessingmachine.org\/vi\/wp-json\/wp\/v2\/product-type?post=33820"}],"curies":[{"name":"wp","href":"https:\/\/api.w.org\/{rel}","templated":true}]}}