{"id":34047,"date":"2023-01-04T17:53:56","date_gmt":"2023-01-04T09:53:56","guid":{"rendered":"https:\/\/www.meatprocessingmachine.org\/?post_type=product&#038;p=34047"},"modified":"2024-06-20T15:54:25","modified_gmt":"2024-06-20T07:54:25","slug":"frozen-meat-slicer-machine","status":"publish","type":"product","link":"https:\/\/www.meatprocessingmachine.org\/vi\/frozen-meat-slicer-machine.html","title":{"rendered":"M\u00e1y c\u1eaft th\u1ecbt \u0111\u00f4ng l\u1ea1nh cho l\u00e1t th\u1ecbt | m\u00e1y c\u1eaft th\u1ecbt"},"content":{"rendered":"<div class=\"kk-star-ratings kksr-auto kksr-align-right kksr-valign-top\"     data-payload='{&quot;align&quot;:&quot;right&quot;,&quot;id&quot;:&quot;34047&quot;,&quot;slug&quot;:&quot;default&quot;,&quot;valign&quot;:&quot;top&quot;,&quot;ignore&quot;:&quot;&quot;,&quot;reference&quot;:&quot;auto&quot;,&quot;class&quot;:&quot;&quot;,&quot;count&quot;:&quot;0&quot;,&quot;legendonly&quot;:&quot;&quot;,&quot;readonly&quot;:&quot;&quot;,&quot;score&quot;:&quot;0&quot;,&quot;starsonly&quot;:&quot;&quot;,&quot;best&quot;:&quot;5&quot;,&quot;gap&quot;:&quot;5&quot;,&quot;greet&quot;:&quot;Rate this product&quot;,&quot;legend&quot;:&quot;0\\\/5 - (0 b\u00ecnh ch\u1ecdn)&quot;,&quot;size&quot;:&quot;24&quot;,&quot;title&quot;:&quot;Frozen meat slicer machine for meat flake | meat planer&quot;,&quot;width&quot;:&quot;0&quot;,&quot;_legend&quot;:&quot;{score}\\\/{best} - ({count} {votes})&quot;,&quot;font_factor&quot;:&quot;1.25&quot;}'>              <div class=\"kksr-stars\">      <div class=\"kksr-stars-inactive\">             <div class=\"kksr-star\" data-star=\"1\" style=\"padding-right: 5px\">               <div class=\"kksr-icon\" style=\"width: 24px; height: 24px;\"><\/div>         <\/div>             <div class=\"kksr-star\" data-star=\"2\" style=\"padding-right: 5px\">               <div class=\"kksr-icon\" style=\"width: 24px; height: 24px;\"><\/div>         <\/div>             <div class=\"kksr-star\" data-star=\"3\" style=\"padding-right: 5px\">               <div class=\"kksr-icon\" style=\"width: 24px; height: 24px;\"><\/div>         <\/div>             <div class=\"kksr-star\" data-star=\"4\" style=\"padding-right: 5px\">               <div class=\"kksr-icon\" style=\"width: 24px; height: 24px;\"><\/div>         <\/div>             <div class=\"kksr-star\" data-star=\"5\" style=\"padding-right: 5px\">               <div class=\"kksr-icon\" style=\"width: 24px; height: 24px;\"><\/div>         <\/div>     <\/div>      <div class=\"kksr-stars-active\" style=\"width: 0px;\">             <div class=\"kksr-star\" style=\"padding-right: 5px\">               <div class=\"kksr-icon\" style=\"width: 24px; height: 24px;\"><\/div>         <\/div>             <div class=\"kksr-star\" style=\"padding-right: 5px\">               <div class=\"kksr-icon\" style=\"width: 24px; height: 24px;\"><\/div>         <\/div>             <div class=\"kksr-star\" style=\"padding-right: 5px\">               <div class=\"kksr-icon\" style=\"width: 24px; height: 24px;\"><\/div>         <\/div>             <div class=\"kksr-star\" style=\"padding-right: 5px\">               <div class=\"kksr-icon\" style=\"width: 24px; height: 24px;\"><\/div>         <\/div>             <div class=\"kksr-star\" style=\"padding-right: 5px\">               <div class=\"kksr-icon\" style=\"width: 24px; height: 24px;\"><\/div>         <\/div>     <\/div> <\/div>                   <div class=\"kksr-legend\" style=\"font-size: 19.2px;\">             <span class=\"kksr-muted\">\u0110\u00e1nh gi\u00e1 s\u1ea3n ph\u1ea9m n\u00e0y<\/span>     <\/div>     <\/div>  <p>M\u00e1y c\u1eaft l\u00e1t th\u1ecbt \u0111\u00f4ng l\u1ea1nh Taizy l\u00e0 thi\u1ebft b\u1ecb c\u00f3 th\u1ec3 c\u1eaft th\u1ecbt \u0111\u00f4ng l\u1ea1nh th\u00e0nh l\u00e1t trong tr\u1ea1ng th\u00e1i \u0111\u00f4ng l\u1ea1nh. \u0110\u00e2y l\u00e0 m\u1ed9t m\u00e1y \u0111\u01b0\u1ee3c thi\u1ebft k\u1ebf \u0111\u1eb7c bi\u1ec7t \u0111\u1ec3 c\u1eaft l\u00e1t th\u1ecbt. N\u00f3 c\u00f3 th\u1ec3 c\u1eaft th\u1ecbt heo \u0111\u1ea7u, c\u00e1, \u1ee9c g\u00e0, v.v.<\/p>    <figure class=\"wp-block-embed is-type-video is-provider-youtube wp-block-embed-youtube wp-embed-aspect-16-9 wp-has-aspect-ratio\"><div class=\"wp-block-embed__wrapper\"> <iframe loading=\"lazy\" title=\"M\u00e1y c\u1eaft l\u00e1t th\u1ecbt t\u1ef1 \u0111\u1ed9ng ho\u00e0n h\u1ea3o | M\u00e1y c\u1eaft l\u00e1t th\u1ecbt \u0111\u00f4ng l\u1ea1nh t\u1ed1t nh\u1ea5t? | c\u1eaft th\u1ecbt\" width=\"500\" height=\"281\" src=\"https:\/\/www.youtube.com\/embed\/YSpmDnh6B7w?feature=oembed\" frameborder=\"0\" allow=\"accelerometer; autoplay; clipboard-write; encrypted-media; gyroscope; picture-in-picture; web-share\" referrerpolicy=\"strict-origin-when-cross-origin\" allowfullscreen><\/iframe> <\/div><figcaption class=\"wp-element-caption\">m\u00e1y c\u1eaft l\u00e1t th\u1ecbt<\/figcaption><\/figure>    <h2 class=\"wp-block-heading\">Ch\u1ee9c n\u0103ng c\u1ee7a m\u00e1y c\u1eaft l\u00e1t th\u1ecbt \u0111\u00f4ng l\u1ea1nh<\/h2>    <figure class=\"wp-block-gallery has-nested-images columns-4 is-cropped wp-block-gallery-2 is-layout-flex wp-block-gallery-is-layout-flex\"> <figure class=\"wp-block-image size-large\"><img loading=\"lazy\" decoding=\"async\" width=\"720\" height=\"540\" data-id=\"34052\" src=\"https:\/\/www.meatprocessingmachine.org\/wp-content\/uploads\/2023\/01\/meat-flake-3.webp\" alt=\"l\u00e1t th\u1ecbt m\u1ecfng\" class=\"wp-image-34052\" title=\"\" srcset=\"https:\/\/www.meatprocessingmachine.org\/wp-content\/uploads\/2023\/01\/meat-flake-3.webp 720w, https:\/\/www.meatprocessingmachine.org\/wp-content\/uploads\/2023\/01\/meat-flake-3-300x225.webp 300w\" sizes=\"auto, (max-width: 720px) 100vw, 720px\" \/><figcaption class=\"wp-element-caption\">L\u00e1t th\u1ecbt<\/figcaption><\/figure>    <figure class=\"wp-block-image size-large\"><img loading=\"lazy\" decoding=\"async\" width=\"720\" height=\"540\" data-id=\"34051\" src=\"https:\/\/www.meatprocessingmachine.org\/wp-content\/uploads\/2023\/01\/meat-flake-2.webp\" alt=\"l\u00e1t th\u1ecbt m\u1ecfng\" class=\"wp-image-34051\" title=\"\" srcset=\"https:\/\/www.meatprocessingmachine.org\/wp-content\/uploads\/2023\/01\/meat-flake-2.webp 720w, https:\/\/www.meatprocessingmachine.org\/wp-content\/uploads\/2023\/01\/meat-flake-2-300x225.webp 300w\" sizes=\"auto, (max-width: 720px) 100vw, 720px\" \/><figcaption class=\"wp-element-caption\">L\u00e1t th\u1ecbt<\/figcaption><\/figure>    <figure class=\"wp-block-image size-large\"><img loading=\"lazy\" decoding=\"async\" width=\"720\" height=\"540\" data-id=\"34050\" src=\"https:\/\/www.meatprocessingmachine.org\/wp-content\/uploads\/2023\/01\/meat-flake-1.webp\" alt=\"l\u00e1t th\u1ecbt m\u1ecfng\" class=\"wp-image-34050\" title=\"\" srcset=\"https:\/\/www.meatprocessingmachine.org\/wp-content\/uploads\/2023\/01\/meat-flake-1.webp 720w, https:\/\/www.meatprocessingmachine.org\/wp-content\/uploads\/2023\/01\/meat-flake-1-300x225.webp 300w\" sizes=\"auto, (max-width: 720px) 100vw, 720px\" \/><figcaption class=\"wp-element-caption\">L\u00e1t th\u1ecbt<\/figcaption><\/figure>    <figure class=\"wp-block-image size-large\"><img loading=\"lazy\" decoding=\"async\" width=\"720\" height=\"540\" data-id=\"34049\" src=\"https:\/\/www.meatprocessingmachine.org\/wp-content\/uploads\/2023\/01\/meat-flake.webp\" alt=\"l\u00e1t th\u1ecbt m\u1ecfng\" class=\"wp-image-34049\" title=\"\" srcset=\"https:\/\/www.meatprocessingmachine.org\/wp-content\/uploads\/2023\/01\/meat-flake.webp 720w, https:\/\/www.meatprocessingmachine.org\/wp-content\/uploads\/2023\/01\/meat-flake-300x225.webp 300w\" sizes=\"auto, (max-width: 720px) 100vw, 720px\" \/><figcaption class=\"wp-element-caption\">L\u00e1t th\u1ecbt<\/figcaption><\/figure> <\/figure>    <p>Trong ch\u1ebf bi\u1ebfn th\u1ecbt, c\u1ea7n nghi\u1ec1n th\u1ecbt \u0111\u00f4ng l\u1ea1nh, nh\u01b0ng kh\u00f4ng th\u1ec3 nghi\u1ec1n tr\u1ef1c ti\u1ebfp th\u1ecbt \u0111\u00f4ng l\u1ea1nh th\u00e0nh nhuy\u1ec5n. B\u1edfi v\u00ec th\u1ecbt \u0111\u00f4ng l\u1ea1nh qu\u00e1 l\u1edbn s\u1ebd l\u00e0m h\u1ecfng m\u00e1y, nh\u01b0ng m\u00e1y c\u00e1n th\u1ecbt n\u00e0y d\u00e0nh cho c\u00e1c m\u00e1y x\u1eed l\u00fd th\u1ecbt \u0111\u00f4ng l\u1ea1nh.<\/p>    <h2 class=\"wp-block-heading\">T\u00ednh n\u0103ng c\u1ee7a m\u00e1y c\u1eaft l\u00e1t th\u1ecbt \u0111\u00f4ng l\u1ea1nh<\/h2>    <div class=\"wp-block-media-text alignwide is-stacked-on-mobile is-vertically-aligned-center\"><figure class=\"wp-block-media-text__media\"><img loading=\"lazy\" decoding=\"async\" width=\"720\" height=\"540\" src=\"https:\/\/www.meatprocessingmachine.org\/wp-content\/uploads\/2023\/01\/meat-slicer-machine-4.webp\" alt=\"m\u00e1y c\u1eaft l\u00e1t th\u1ecbt\" class=\"wp-image-34065 size-full\" title=\"\" srcset=\"https:\/\/www.meatprocessingmachine.org\/wp-content\/uploads\/2023\/01\/meat-slicer-machine-4.webp 720w, https:\/\/www.meatprocessingmachine.org\/wp-content\/uploads\/2023\/01\/meat-slicer-machine-4-300x225.webp 300w\" sizes=\"auto, (max-width: 720px) 100vw, 720px\" \/><\/figure><div class=\"wp-block-media-text__content\"> <h3 class=\"wp-block-heading\">H\u1ec7 th\u1ed1ng \u0111i\u1ec1u khi\u1ec3n \u0111\u01a1n gi\u1ea3n<\/h3>    <p>M\u00e1y c\u00f3 b\u1ed1n n\u00fat, n\u00fat kh\u1edfi \u0111\u1ed9ng, n\u00fat d\u1eebng, n\u00fat d\u1eebng kh\u1ea9n c\u1ea5p v\u00e0 \u0111\u00e8n b\u00e1o hi\u1ec7u ngu\u1ed3n.<\/p> <\/div><\/div>    <div class=\"wp-block-media-text alignwide has-media-on-the-right is-stacked-on-mobile\"><div class=\"wp-block-media-text__content\"> <h3 class=\"wp-block-heading\">D\u1ec5 v\u1eadn h\u00e0nh<\/h3>    <p> Sau khi giao h\u00e0ng, s\u1ebd g\u1eedi h\u01b0\u1edbng d\u1eabn v\u1eadn h\u00e0nh c\u1ee5 th\u1ec3, v\u00e0 k\u1ef9 thu\u1eadt vi\u00ean s\u1ebd h\u1ed7 tr\u1ee3 kh\u00e1ch h\u00e0ng<\/p> <\/div><figure class=\"wp-block-media-text__media\"><img loading=\"lazy\" decoding=\"async\" width=\"720\" height=\"540\" src=\"https:\/\/www.meatprocessingmachine.org\/wp-content\/uploads\/2023\/01\/meat-slicer-machine-5.webp\" alt=\"m\u00e1y c\u1eaft l\u00e1t th\u1ecbt\" class=\"wp-image-34066 size-full\" title=\"\" srcset=\"https:\/\/www.meatprocessingmachine.org\/wp-content\/uploads\/2023\/01\/meat-slicer-machine-5.webp 720w, https:\/\/www.meatprocessingmachine.org\/wp-content\/uploads\/2023\/01\/meat-slicer-machine-5-300x225.webp 300w\" sizes=\"auto, (max-width: 720px) 100vw, 720px\" \/><\/figure><\/div>    <div class=\"wp-block-media-text alignwide is-stacked-on-mobile\"><figure class=\"wp-block-media-text__media\"><img loading=\"lazy\" decoding=\"async\" width=\"720\" height=\"540\" src=\"https:\/\/www.meatprocessingmachine.org\/wp-content\/uploads\/2023\/01\/frozen-meat-slicer.webp\" alt=\"M\u00e1y c\u1eaft th\u1ecbt \u0111\u00f4ng l\u1ea1nh\" class=\"wp-image-34067 size-full\" title=\"\" srcset=\"https:\/\/www.meatprocessingmachine.org\/wp-content\/uploads\/2023\/01\/frozen-meat-slicer.webp 720w, https:\/\/www.meatprocessingmachine.org\/wp-content\/uploads\/2023\/01\/frozen-meat-slicer-300x225.webp 300w\" sizes=\"auto, (max-width: 720px) 100vw, 720px\" \/><\/figure><div class=\"wp-block-media-text__content\"> <h3 class=\"wp-block-heading\">D\u1ec5 d\u00e0ng l\u00e0m s\u1ea1ch <\/h3>    <p class=\"translation-block\">M\u00e1y c\u00e1n th\u1ecbt c\u00f3 th\u1ec3 l\u00e0m s\u1ea1ch tr\u1ef1c ti\u1ebfp b\u1eb1ng n\u01b0\u1edbc, l\u00e0m b\u1eb1ng <a href=\"https:\/\/en.wikipedia.org\/wiki\/Stainless_steel\" data-type=\"URL\" data-id=\"https:\/\/en.wikipedia.org\/wiki\/Stainless_steel\" target=\"_blank\" rel=\"noopener\">th\u00e9p kh\u00f4ng g\u1ec9<\/a>, kh\u00f4ng d\u1ec5 b\u1ecb g\u1ec9<\/p> <\/div><\/div>    <div class=\"wp-block-media-text alignwide has-media-on-the-right is-stacked-on-mobile\"><div class=\"wp-block-media-text__content\"> <h3 class=\"wp-block-heading\">D\u1ec5 d\u00e0ng di chuy\u1ec3n<\/h3>    <p>Ph\u1ea7n d\u01b0\u1edbi c\u1ee7a m\u00e1y \u0111\u01b0\u1ee3c l\u1eafp \u0111\u1eb7t v\u00e0 c\u00f3 b\u00e1nh xe<\/p> <\/div><figure class=\"wp-block-media-text__media\"><img loading=\"lazy\" decoding=\"async\" width=\"720\" height=\"540\" src=\"https:\/\/www.meatprocessingmachine.org\/wp-content\/uploads\/2023\/01\/meat-cutting-machine.webp\" alt=\"M\u00e1y c\u1eaft th\u1ecbt t\u01b0\u01a1i l\u1edbn\" class=\"wp-image-34068 size-full\" title=\"\" srcset=\"https:\/\/www.meatprocessingmachine.org\/wp-content\/uploads\/2023\/01\/meat-cutting-machine.webp 720w, https:\/\/www.meatprocessingmachine.org\/wp-content\/uploads\/2023\/01\/meat-cutting-machine-300x225.webp 300w\" sizes=\"auto, (max-width: 720px) 100vw, 720px\" \/><\/figure><\/div>    <div class=\"wp-block-media-text alignwide is-stacked-on-mobile\"><figure class=\"wp-block-media-text__media\"><img loading=\"lazy\" decoding=\"async\" width=\"720\" height=\"540\" src=\"https:\/\/www.meatprocessingmachine.org\/wp-content\/uploads\/2023\/01\/meat-slicer-machine-6.webp\" alt=\"m\u00e1y c\u1eaft l\u00e1t th\u1ecbt\" class=\"wp-image-34069 size-full\" title=\"\" srcset=\"https:\/\/www.meatprocessingmachine.org\/wp-content\/uploads\/2023\/01\/meat-slicer-machine-6.webp 720w, https:\/\/www.meatprocessingmachine.org\/wp-content\/uploads\/2023\/01\/meat-slicer-machine-6-300x225.webp 300w\" sizes=\"auto, (max-width: 720px) 100vw, 720px\" \/><\/figure><div class=\"wp-block-media-text__content\"> <h3 class=\"wp-block-heading\">L\u01b0\u1ee1i dao m\u1ea1nh m\u1ebd<\/h3>    <p>C\u00e1c l\u01b0\u1ee1i dao c\u00f3 th\u1ec3 nhanh ch\u00f3ng c\u1eaft th\u1ecbt \u0111\u00f4ng l\u1ea1nh th\u00e0nh l\u00e1t, v\u00e0 \u0111\u1ea7u ra m\u1ecbn m\u00e0ng.<\/p> <\/div><\/div>    <h2 class=\"wp-block-heading\">Th\u00f4ng s\u1ed1 m\u00e1y c\u1eaft l\u00e1t th\u1ecbt \u0111\u00f4ng l\u1ea1nh<\/h2>    <figure class=\"wp-block-table\"><table><tbody><tr><td>M\u1eabu m\u00e3<\/td><td>&nbsp;BR-960<\/td><\/tr><tr><td>C\u00f4ng su\u1ea5t<\/td><td>4<\/td><\/tr><tr><td>C\u00f4ng su\u1ea5t s\u1ea3n xu\u1ea5t (kg)<\/td><td>600-1200<\/td><\/tr><tr><td>\u0110\u1ed9 d\u00e0y l\u00e1t c\u1eaft (mm)<\/td><td>5-10<\/td><\/tr><tr><td>\u0110i\u1ec7n \u00e1p cung c\u1ea5p (V)<\/td><td>380<\/td><\/tr><tr><td>K\u00edch th\u01b0\u1edbc(mm)<\/td><td>1350x650x1350<\/td><\/tr><\/tbody><\/table><figcaption class=\"wp-element-caption\">m\u00e1y c\u1eaft l\u00e1t th\u1ecbt \u0111\u00f4ng l\u1ea1nh<\/figcaption><\/figure>    <figure class=\"wp-block-gallery has-nested-images columns-4 is-cropped wp-block-gallery-3 is-layout-flex wp-block-gallery-is-layout-flex\"> <figure class=\"wp-block-image size-large\"><img loading=\"lazy\" decoding=\"async\" width=\"720\" height=\"540\" data-id=\"34053\" src=\"https:\/\/www.meatprocessingmachine.org\/wp-content\/uploads\/2023\/01\/meat-slicer-machine.webp\" alt=\"meat slicing machine\" class=\"wp-image-34053\" title=\"\" srcset=\"https:\/\/www.meatprocessingmachine.org\/wp-content\/uploads\/2023\/01\/meat-slicer-machine.webp 720w, https:\/\/www.meatprocessingmachine.org\/wp-content\/uploads\/2023\/01\/meat-slicer-machine-300x225.webp 300w\" sizes=\"auto, (max-width: 720px) 100vw, 720px\" \/><figcaption class=\"wp-element-caption\">M\u00e1y c\u1eaft th\u1ecbt<\/figcaption><\/figure>    <figure class=\"wp-block-image size-large\"><img loading=\"lazy\" decoding=\"async\" width=\"720\" height=\"540\" data-id=\"34054\" src=\"https:\/\/www.meatprocessingmachine.org\/wp-content\/uploads\/2023\/01\/meat-slicer-machine-1.webp\" alt=\"meat slicer equipment\" class=\"wp-image-34054\" title=\"\" srcset=\"https:\/\/www.meatprocessingmachine.org\/wp-content\/uploads\/2023\/01\/meat-slicer-machine-1.webp 720w, https:\/\/www.meatprocessingmachine.org\/wp-content\/uploads\/2023\/01\/meat-slicer-machine-1-300x225.webp 300w\" sizes=\"auto, (max-width: 720px) 100vw, 720px\" \/><figcaption class=\"wp-element-caption\">Thi\u1ebft b\u1ecb c\u1eaft l\u00e1t th\u1ecbt<\/figcaption><\/figure>    <figure class=\"wp-block-image size-large\"><img loading=\"lazy\" decoding=\"async\" width=\"720\" height=\"540\" data-id=\"34055\" src=\"https:\/\/www.meatprocessingmachine.org\/wp-content\/uploads\/2023\/01\/meat-slicer-machine-2.webp\" alt=\"m\u00e1y c\u1eaft l\u00e1t th\u1ecbt\" class=\"wp-image-34055\" title=\"\" srcset=\"https:\/\/www.meatprocessingmachine.org\/wp-content\/uploads\/2023\/01\/meat-slicer-machine-2.webp 720w, https:\/\/www.meatprocessingmachine.org\/wp-content\/uploads\/2023\/01\/meat-slicer-machine-2-300x225.webp 300w\" sizes=\"auto, (max-width: 720px) 100vw, 720px\" \/><figcaption class=\"wp-element-caption\">M\u00e1y c\u1eaft l\u00e1t th\u1ecbt<\/figcaption><\/figure>    <figure class=\"wp-block-image size-large\"><img loading=\"lazy\" decoding=\"async\" width=\"720\" height=\"540\" data-id=\"34056\" src=\"https:\/\/www.meatprocessingmachine.org\/wp-content\/uploads\/2023\/01\/meat-slicer-machine-3.webp\" alt=\"m\u00e1y c\u1eaft l\u00e1t th\u1ecbt\" class=\"wp-image-34056\" title=\"\" srcset=\"https:\/\/www.meatprocessingmachine.org\/wp-content\/uploads\/2023\/01\/meat-slicer-machine-3.webp 720w, https:\/\/www.meatprocessingmachine.org\/wp-content\/uploads\/2023\/01\/meat-slicer-machine-3-300x225.webp 300w\" sizes=\"auto, (max-width: 720px) 100vw, 720px\" \/><figcaption class=\"wp-element-caption\">M\u00e1y c\u00e1n th\u1ecbt<\/figcaption><\/figure> <\/figure>    <h2 class=\"wp-block-heading\">M\u00e1y c\u00e1n th\u1ecbt c\u00f3 th\u1ec3 trang b\u1ecb thang m\u00e1y<\/h2>    <figure class=\"wp-block-gallery has-nested-images columns-default is-cropped wp-block-gallery-4 is-layout-flex wp-block-gallery-is-layout-flex\"> <figure class=\"wp-block-image size-large\"><img loading=\"lazy\" decoding=\"async\" width=\"720\" height=\"540\" data-id=\"34057\" src=\"https:\/\/www.meatprocessingmachine.org\/wp-content\/uploads\/2023\/01\/Frozen-meat-slicer-elevator.webp\" alt=\"Thang m\u00e1y c\u1eaft l\u00e1t th\u1ecbt \u0111\u00f4ng l\u1ea1nh\" class=\"wp-image-34057\" title=\"\" srcset=\"https:\/\/www.meatprocessingmachine.org\/wp-content\/uploads\/2023\/01\/Frozen-meat-slicer-elevator.webp 720w, https:\/\/www.meatprocessingmachine.org\/wp-content\/uploads\/2023\/01\/Frozen-meat-slicer-elevator-300x225.webp 300w\" sizes=\"auto, (max-width: 720px) 100vw, 720px\" \/><figcaption class=\"wp-element-caption\">Thang m\u00e1y c\u1eaft l\u00e1t th\u1ecbt \u0111\u00f4ng l\u1ea1nh<\/figcaption><\/figure>    <figure class=\"wp-block-image size-large\"><img loading=\"lazy\" decoding=\"async\" width=\"720\" height=\"540\" data-id=\"34058\" src=\"https:\/\/www.meatprocessingmachine.org\/wp-content\/uploads\/2023\/01\/Frozen-meat-slicer-elevator-1.webp\" alt=\"meat slicer machine elevator\" class=\"wp-image-34058\" title=\"\" srcset=\"https:\/\/www.meatprocessingmachine.org\/wp-content\/uploads\/2023\/01\/Frozen-meat-slicer-elevator-1.webp 720w, https:\/\/www.meatprocessingmachine.org\/wp-content\/uploads\/2023\/01\/Frozen-meat-slicer-elevator-1-300x225.webp 300w\" sizes=\"auto, (max-width: 720px) 100vw, 720px\" \/><figcaption class=\"wp-element-caption\">Thang m\u00e1y m\u00e1y c\u1eaft l\u00e1t th\u1ecbt<\/figcaption><\/figure>    <figure class=\"wp-block-image size-large\"><img loading=\"lazy\" decoding=\"async\" width=\"720\" height=\"540\" data-id=\"34059\" src=\"https:\/\/www.meatprocessingmachine.org\/wp-content\/uploads\/2023\/01\/Frozen-meat-slicer-elevator-2.webp\" alt=\"thang m\u00e1y\" class=\"wp-image-34059\" title=\"\" srcset=\"https:\/\/www.meatprocessingmachine.org\/wp-content\/uploads\/2023\/01\/Frozen-meat-slicer-elevator-2.webp 720w, https:\/\/www.meatprocessingmachine.org\/wp-content\/uploads\/2023\/01\/Frozen-meat-slicer-elevator-2-300x225.webp 300w\" sizes=\"auto, (max-width: 720px) 100vw, 720px\" \/><figcaption class=\"wp-element-caption\">Thang m\u00e1y<\/figcaption><\/figure> <\/figure>    <p>T\u1ea1i sao m\u00e1y c\u1eaft l\u00e1t th\u1ecbt \u0111\u00f4ng l\u1ea1nh c\u1ea7n c\u00f3 c\u1ea7n n\u00e2ng? B\u1edfi v\u00ec l\u1ed1i ra th\u1ecbt c\u1ee7a m\u00e1y c\u1eaft l\u00e1t th\u1ecbt \u0111\u00f4ng l\u1ea1nh n\u1eb1m \u1edf ph\u00eda d\u01b0\u1edbi, n\u1ebfu trang b\u1ecb m\u00e1y c\u1eaft l\u00e1t th\u1ecbt \u0111\u00f4ng l\u1ea1nh, th\u1ecbt \u0111\u00e3 c\u1eaft c\u00f3 th\u1ec3 \u0111\u01b0\u1ee3c v\u1eadn chuy\u1ec3n tr\u1ef1c ti\u1ebfp \u0111\u1ebfn b\u00e0n thao t\u00e1c, ho\u1eb7c th\u1ecbt \u0111\u00e3 c\u1eaft c\u00f3 th\u1ec3 \u0111\u01b0\u1ee3c chuy\u1ec3n tr\u1ef1c ti\u1ebfp \u0111\u1ebfn m\u00e1y ti\u1ebfp theo \u0111\u1ec3 x\u1eed l\u00fd, gi\u1ea3m t\u1ea3i c\u00f4ng vi\u1ec7c.<\/p>    <h2 class=\"wp-block-heading\">Thi\u1ebft b\u1ecb n\u00e0o c\u00f3 \u0111\u1ec3 ch\u1ebf bi\u1ebfn th\u1ecbt?<\/h2>    <p>C\u00f3 nhi\u1ec1u thi\u1ebft b\u1ecb ch\u1ebf bi\u1ebfn th\u1ecbt, v\u00e0 n\u00f3i chung. C\u00e1c m\u00e1y d\u00f9ng cho th\u1ecbt \u0111\u00f4ng l\u1ea1nh v\u00e0 th\u1ecbt t\u01b0\u01a1i l\u00e0 kh\u00e1c nhau. V\u00e0 c\u00e1c lo\u1ea1i th\u1ecbt kh\u00e1c nhau c\u0169ng c\u00f3 c\u00e1c m\u00e1y kh\u00e1c nhau. Ch\u1ecdn \u0111\u00fang m\u00e1y c\u00f3 th\u1ec3 l\u00e0m cho vi\u1ec7c x\u1eed l\u00fd th\u1ecbt d\u1ec5 d\u00e0ng h\u01a1n.<\/p>    <figure class=\"wp-block-image size-full\"><img loading=\"lazy\" decoding=\"async\" width=\"720\" height=\"540\" src=\"https:\/\/www.meatprocessingmachine.org\/wp-content\/uploads\/2023\/01\/meat-equipment.webp\" alt=\"meat equipment\" class=\"wp-image-34070\" title=\"\" srcset=\"https:\/\/www.meatprocessingmachine.org\/wp-content\/uploads\/2023\/01\/meat-equipment.webp 720w, https:\/\/www.meatprocessingmachine.org\/wp-content\/uploads\/2023\/01\/meat-equipment-300x225.webp 300w\" sizes=\"auto, (max-width: 720px) 100vw, 720px\" \/><figcaption class=\"wp-element-caption\">Thi\u1ebft b\u1ecb th\u1ecbt<\/figcaption><\/figure>    <h3 class=\"wp-block-heading\">M\u00e1y c\u1eaft l\u00e1t th\u1ecbt \u0111\u00f4ng l\u1ea1nh v\u00e0 t\u01b0\u01a1i<\/h3>    <p class=\"translation-block\">D\u00f9 b\u1ea1n mu\u1ed1n <a href=\"https:\/\/www.meatprocessingmachine.org\/vi\/products\/meat-cutting-machine\/\" data-type=\"URL\" data-id=\"https:\/\/www.meatprocessingmachine.org\/products\/meat-cutting-machine\/\">c\u1eaft th\u1ecbt<\/a> ho\u1eb7c <a href=\"https:\/\/www.meatprocessingmachine.org\/vi\/products\/meat-grinding-machine\/\" data-type=\"URL\" data-id=\"https:\/\/www.meatprocessingmachine.org\/products\/meat-grinding-machine\/\">xay th\u1ecbt<\/a>, c\u00e1c m\u00e1y cho th\u1ecbt \u0111\u00f4ng l\u1ea1nh v\u00e0 th\u1ecbt t\u01b0\u01a1i l\u00e0 kh\u00e1c nhau, v\u00ec v\u1eady khi mua m\u00e1y, b\u1ea1n c\u1ea7n ch\u00fa \u00fd xem m\u00e1y c\u00f3 x\u1eed l\u00fd th\u1ecbt \u0111\u00f4ng l\u1ea1nh hay th\u1ecbt t\u01b0\u01a1i<\/p>    <h3 class=\"wp-block-heading\">X\u1eed l\u00fd c\u00e1c lo\u1ea1i th\u1ecbt kh\u00e1c nhau<\/h3>    <p class=\"translation-block\">C\u00e1c lo\u1ea1i kh\u00e1c nhau \u1edf \u0111\u00e2y \u0111\u1ec1 c\u1eadp \u0111\u1ebfn <a href=\"https:\/\/www.meatprocessingmachine.org\/vi\/category\/products\/fish\/\" data-type=\"URL\" data-id=\"https:\/\/www.meatprocessingmachine.org\/category\/products\/fish\/\">c\u00e1<\/a> ho\u1eb7c th\u1ecbt heo, <a href=\"https:\/\/www.meatprocessingmachine.org\/vi\/category\/products\/chicken-turkey\/\" data-type=\"URL\" data-id=\"https:\/\/www.meatprocessingmachine.org\/category\/products\/chicken-turkey\/\">g\u00e0<\/a> ho\u1eb7c <a href=\"https:\/\/www.meatprocessingmachine.org\/vi\/meat-roll-cutting-machine.html\/\" data-type=\"URL\" data-id=\"https:\/\/www.meatprocessingmachine.org\/meat-roll-cutting-machine.html\">c\u1eebu<\/a>. S\u1ef1 kh\u00e1c bi\u1ec7t ch\u00ednh l\u00e0 th\u1ecbt c\u00f3 x\u01b0\u01a1ng hay kh\u00f4ng. \u0110\u00e2y l\u00e0 m\u1ed9t \u0111i\u1ec3m quan tr\u1ecdng kh\u00e1c khi mua m\u00e1y c\u1eaft th\u1ecbt. B\u1ea1n c\u00f3 th\u1ec3 nh\u1ea5p v\u00e0o c\u00e1c li\u00ean k\u1ebft trong b\u00e0i vi\u1ebft \u0111\u1ec3 t\u00ecm hi\u1ec3u v\u1ec1 c\u00e1c m\u00e1y d\u00f9ng cho c\u00e1c lo\u1ea1i th\u1ecbt kh\u00e1c nhau.<\/p>","protected":false},"excerpt":{"rendered":"<p>A frozen meat slicer machine is equipment that can cut frozen meat into slices in a frozen state. It is a machine specially designed for meat slices. Can cut frozen pork head, fish, chicken breast, etc.<\/p>","protected":false},"author":1,"featured_media":34048,"parent":0,"template":"","product-type":[589],"class_list":["post-34047","product","type-product","status-publish","has-post-thumbnail","hentry","product-type-meat-cutting-machine"],"_links":{"self":[{"href":"https:\/\/www.meatprocessingmachine.org\/vi\/wp-json\/wp\/v2\/product\/34047","targetHints":{"allow":["GET"]}}],"collection":[{"href":"https:\/\/www.meatprocessingmachine.org\/vi\/wp-json\/wp\/v2\/product"}],"about":[{"href":"https:\/\/www.meatprocessingmachine.org\/vi\/wp-json\/wp\/v2\/types\/product"}],"author":[{"embeddable":true,"href":"https:\/\/www.meatprocessingmachine.org\/vi\/wp-json\/wp\/v2\/users\/1"}],"wp:featuredmedia":[{"embeddable":true,"href":"https:\/\/www.meatprocessingmachine.org\/vi\/wp-json\/wp\/v2\/media\/34048"}],"wp:attachment":[{"href":"https:\/\/www.meatprocessingmachine.org\/vi\/wp-json\/wp\/v2\/media?parent=34047"}],"wp:term":[{"taxonomy":"product-type","embeddable":true,"href":"https:\/\/www.meatprocessingmachine.org\/vi\/wp-json\/wp\/v2\/product-type?post=34047"}],"curies":[{"name":"wp","href":"https:\/\/api.w.org\/{rel}","templated":true}]}}