{"id":34714,"date":"2026-02-24T16:23:05","date_gmt":"2026-02-24T08:23:05","guid":{"rendered":"https:\/\/www.meatprocessingmachine.org\/?post_type=product&#038;p=34714"},"modified":"2026-03-06T09:58:31","modified_gmt":"2026-03-06T01:58:31","slug":"fresh-meat-strip-cutting-machine","status":"publish","type":"product","link":"https:\/\/www.meatprocessingmachine.org\/vi\/fresh-meat-strip-cutting-machine.html","title":{"rendered":"M\u00e1y in tr\u1ee9ng Taizy in 30.000 qu\u1ea3 tr\u1ee9ng\/gi\u1edd v\u1edbi m\u1ef1c \u0111\u1ecf, h\u1ed3ng ho\u1eb7c xanh l\u00e1, c\u00f3 m\u00e0n h\u00ecnh c\u1ea3m \u1ee9ng m\u00e0u, m\u00e3 r\u00f5 r\u00e0ng, ph\u00f9 h\u1ee3p cho d\u00e2y chuy\u1ec1n ph\u00e2n lo\u1ea1i &amp; r\u1eeda tr\u1ee9ng."},"content":{"rendered":"<div class=\"kk-star-ratings kksr-auto kksr-align-right kksr-valign-top\"     data-payload='{&quot;align&quot;:&quot;right&quot;,&quot;id&quot;:&quot;34714&quot;,&quot;slug&quot;:&quot;default&quot;,&quot;valign&quot;:&quot;top&quot;,&quot;ignore&quot;:&quot;&quot;,&quot;reference&quot;:&quot;auto&quot;,&quot;class&quot;:&quot;&quot;,&quot;count&quot;:&quot;0&quot;,&quot;legendonly&quot;:&quot;&quot;,&quot;readonly&quot;:&quot;&quot;,&quot;score&quot;:&quot;0&quot;,&quot;starsonly&quot;:&quot;&quot;,&quot;best&quot;:&quot;5&quot;,&quot;gap&quot;:&quot;5&quot;,&quot;greet&quot;:&quot;Rate this product&quot;,&quot;legend&quot;:&quot;0\\\/5 - (0 b\u00ecnh ch\u1ecdn)&quot;,&quot;size&quot;:&quot;24&quot;,&quot;title&quot;:&quot;Fresh Meat Strip Cutting Machine&quot;,&quot;width&quot;:&quot;0&quot;,&quot;_legend&quot;:&quot;{score}\\\/{best} - ({count} {votes})&quot;,&quot;font_factor&quot;:&quot;1.25&quot;}'>              <div class=\"kksr-stars\">      <div class=\"kksr-stars-inactive\">             <div class=\"kksr-star\" data-star=\"1\" style=\"padding-right: 5px\">               <div class=\"kksr-icon\" style=\"width: 24px; height: 24px;\"><\/div>         <\/div>             <div class=\"kksr-star\" data-star=\"2\" style=\"padding-right: 5px\">               <div class=\"kksr-icon\" style=\"width: 24px; height: 24px;\"><\/div>         <\/div>             <div class=\"kksr-star\" data-star=\"3\" style=\"padding-right: 5px\">               <div class=\"kksr-icon\" style=\"width: 24px; height: 24px;\"><\/div>         <\/div>             <div class=\"kksr-star\" data-star=\"4\" style=\"padding-right: 5px\">               <div class=\"kksr-icon\" style=\"width: 24px; height: 24px;\"><\/div>         <\/div>             <div class=\"kksr-star\" data-star=\"5\" style=\"padding-right: 5px\">               <div class=\"kksr-icon\" style=\"width: 24px; height: 24px;\"><\/div>         <\/div>     <\/div>      <div class=\"kksr-stars-active\" style=\"width: 0px;\">             <div class=\"kksr-star\" style=\"padding-right: 5px\">               <div class=\"kksr-icon\" style=\"width: 24px; height: 24px;\"><\/div>         <\/div>             <div class=\"kksr-star\" style=\"padding-right: 5px\">               <div class=\"kksr-icon\" style=\"width: 24px; height: 24px;\"><\/div>         <\/div>             <div class=\"kksr-star\" style=\"padding-right: 5px\">               <div class=\"kksr-icon\" style=\"width: 24px; height: 24px;\"><\/div>         <\/div>             <div class=\"kksr-star\" style=\"padding-right: 5px\">               <div class=\"kksr-icon\" style=\"width: 24px; height: 24px;\"><\/div>         <\/div>             <div class=\"kksr-star\" style=\"padding-right: 5px\">               <div class=\"kksr-icon\" style=\"width: 24px; height: 24px;\"><\/div>         <\/div>     <\/div> <\/div>                   <div class=\"kksr-legend\" style=\"font-size: 19.2px;\">             <span class=\"kksr-muted\">\u0110\u00e1nh gi\u00e1 s\u1ea3n ph\u1ea9m n\u00e0y<\/span>     <\/div>     <\/div>  <p class=\"translation-block\">M\u00e1y c\u1eaft l\u00e1t th\u1ecbt t\u01b0\u01a1i  l\u00e1t, l\u00e1t m\u1ecfng, kh\u1ed1i, ho\u1eb7c c\u1ee5c  l\u00e0 m\u1ed9t m\u00e1y ch\u1ebf bi\u1ebfn th\u1ecbt chuy\u00ean nghi\u1ec7p \u0111\u01b0\u1ee3c thi\u1ebft k\u1ebf \u0111\u1ec3 c\u1eaft th\u1ecbt t\u01b0\u01a1i th\u00e0nh  d\u1ea3i, l\u00e1t, kh\u1ed1i ho\u1eb7c c\u1ee5c .<\/p>    <figure class=\"wp-block-gallery has-nested-images columns-default is-cropped wp-block-gallery-2 is-layout-flex wp-block-gallery-is-layout-flex\"> <figure class=\"wp-block-image size-large\"><img loading=\"lazy\" decoding=\"async\" width=\"720\" height=\"540\" data-id=\"34716\" src=\"https:\/\/www.meatprocessingmachine.org\/wp-content\/uploads\/2026\/02\/Strip-Cut-Fresh-Meat.webp\" alt=\"Th\u1ecbt t\u01b0\u01a1i c\u1eaft kh\u1ed1i\" class=\"wp-image-34716\" title=\"\" srcset=\"https:\/\/www.meatprocessingmachine.org\/wp-content\/uploads\/2026\/02\/Strip-Cut-Fresh-Meat.webp 720w, https:\/\/www.meatprocessingmachine.org\/wp-content\/uploads\/2026\/02\/Strip-Cut-Fresh-Meat-300x225.webp 300w, https:\/\/www.meatprocessingmachine.org\/wp-content\/uploads\/2026\/02\/Strip-Cut-Fresh-Meat-16x12.webp 16w\" sizes=\"auto, (max-width: 720px) 100vw, 720px\" \/><figcaption class=\"wp-element-caption\">Th\u1ecbt t\u01b0\u01a1i c\u1eaft kh\u1ed1i<\/figcaption><\/figure>    <figure class=\"wp-block-image size-large\"><img loading=\"lazy\" decoding=\"async\" width=\"720\" height=\"540\" data-id=\"34715\" src=\"https:\/\/www.meatprocessingmachine.org\/wp-content\/uploads\/2026\/02\/Chunk-Cut-Fresh-Meat.webp\" alt=\"Th\u1ecbt t\u01b0\u01a1i c\u1eaft kh\u1ed1i\" class=\"wp-image-34715\" title=\"\" srcset=\"https:\/\/www.meatprocessingmachine.org\/wp-content\/uploads\/2026\/02\/Chunk-Cut-Fresh-Meat.webp 720w, https:\/\/www.meatprocessingmachine.org\/wp-content\/uploads\/2026\/02\/Chunk-Cut-Fresh-Meat-300x225.webp 300w, https:\/\/www.meatprocessingmachine.org\/wp-content\/uploads\/2026\/02\/Chunk-Cut-Fresh-Meat-16x12.webp 16w\" sizes=\"auto, (max-width: 720px) 100vw, 720px\" \/><figcaption class=\"wp-element-caption\">Th\u1ecbt t\u01b0\u01a1i c\u1eaft kh\u1ed1i<\/figcaption><\/figure> <\/figure>    <p class=\"translation-block\">Taizy cung c\u1ea5p c\u00e1c m\u1eabu 340 v\u00e0 500, v\u1edbi c\u00f4ng su\u1ea5t ph\u00f9 h\u1ee3p v\u1edbi c\u00e1c nhu c\u1ea7u x\u1eed l\u00fd kh\u00e1c nhau \u2014 m\u1eabu 340 \u0111\u1ea1t <strong><mark class=\"has-inline-color has-luminous-vivid-amber-color\">0\u2013600\u202fkg\/h<\/mark><\/strong>, trong khi m\u1eabu 500 c\u00f3 th\u1ec3 l\u00ean t\u1edbi <strong><mark class=\"has-inline-color has-luminous-vivid-amber-color\">0\u20131000\u202fkg\/h<\/mark><\/strong>.<\/p>   <div class=\"wp-block-image\"> <figure class=\"aligncenter size-full\"><img loading=\"lazy\" decoding=\"async\" width=\"720\" height=\"540\" src=\"https:\/\/www.meatprocessingmachine.org\/wp-content\/uploads\/2026\/02\/Fresh-Meat-Strip-Cutting-Machine.webp\" alt=\"M\u00e1y in tr\u1ee9ng Taizy in 30.000 qu\u1ea3 tr\u1ee9ng\/gi\u1edd v\u1edbi m\u1ef1c \u0111\u1ecf, h\u1ed3ng ho\u1eb7c xanh l\u00e1, c\u00f3 m\u00e0n h\u00ecnh c\u1ea3m \u1ee9ng m\u00e0u, m\u00e3 r\u00f5 r\u00e0ng, ph\u00f9 h\u1ee3p cho d\u00e2y chuy\u1ec1n ph\u00e2n lo\u1ea1i &amp; r\u1eeda tr\u1ee9ng.\" class=\"wp-image-34721\" title=\"\" srcset=\"https:\/\/www.meatprocessingmachine.org\/wp-content\/uploads\/2026\/02\/Fresh-Meat-Strip-Cutting-Machine.webp 720w, https:\/\/www.meatprocessingmachine.org\/wp-content\/uploads\/2026\/02\/Fresh-Meat-Strip-Cutting-Machine-300x225.webp 300w, https:\/\/www.meatprocessingmachine.org\/wp-content\/uploads\/2026\/02\/Fresh-Meat-Strip-Cutting-Machine-16x12.webp 16w\" sizes=\"auto, (max-width: 720px) 100vw, 720px\" \/><figcaption class=\"wp-element-caption\">M\u00e1y in tr\u1ee9ng Taizy in 30.000 qu\u1ea3 tr\u1ee9ng\/gi\u1edd v\u1edbi m\u1ef1c \u0111\u1ecf, h\u1ed3ng ho\u1eb7c xanh l\u00e1, c\u00f3 m\u00e0n h\u00ecnh c\u1ea3m \u1ee9ng m\u00e0u, m\u00e3 r\u00f5 r\u00e0ng, ph\u00f9 h\u1ee3p cho d\u00e2y chuy\u1ec1n ph\u00e2n lo\u1ea1i &amp; r\u1eeda tr\u1ee9ng.<\/figcaption><\/figure> <\/div>   <p class=\"translation-block\">\u0110\u01b0\u1ee3c l\u00e0m b\u1eb1ng th\u00e9p kh\u00f4ng g\u1ec9 ch\u1ea5t l\u01b0\u1ee3ng cao v\u00e0 trang b\u1ecb <strong><mark class=\"has-inline-color has-luminous-vivid-amber-color\">440C<\/mark><\/strong> l\u01b0\u1ee1i dao th\u00e9p kh\u00f4ng g\u1ec9 \u0111\u1ed9 c\u1ee9ng cao, m\u00e1y \u0111\u1ea3m b\u1ea3o c\u1eaft s\u1eafc n\u00e9t, hi\u1ec7u qu\u1ea3. B\u1ed9 l\u01b0\u1ee1i dao c\u00f3 th\u1ec3 thay nhanh trong v\u00f2ng 1 ph\u00fat, cho ph\u00e9p x\u1eed l\u00fd \u0111a d\u1ea1ng trong m\u1ed9t b\u01b0\u1edbc cho c\u00e1c l\u00e1t\/d\u1ea3i v\u00e0 b\u01b0\u1edbc th\u1ee9 hai cho kh\u1ed1i\/c\u1ee5c.<\/p>    <figure class=\"wp-block-embed is-type-video is-provider-youtube wp-block-embed-youtube wp-embed-aspect-16-9 wp-has-aspect-ratio\"><div class=\"wp-block-embed__wrapper\"> <iframe loading=\"lazy\" title=\"M\u00e1y c\u1eaft l\u00e1t th\u1ecbt t\u01b0\u01a1i m\u1ea1nh m\u1ebd, hi\u1ec7u qu\u1ea3 cao\" width=\"500\" height=\"281\" src=\"https:\/\/www.youtube.com\/embed\/HYhztLgd1_U?feature=oembed\" frameborder=\"0\" allow=\"accelerometer; autoplay; clipboard-write; encrypted-media; gyroscope; picture-in-picture; web-share\" referrerpolicy=\"strict-origin-when-cross-origin\" allowfullscreen><\/iframe> <\/div><\/figure>    <h2 class=\"wp-block-heading\">Ch\u1ee9c n\u0103ng c\u1ee7a m\u00e1y c\u1eaft l\u00e1t th\u1ecbt t\u01b0\u01a1i<\/h2>    <p class=\"translation-block\"><strong><mark class=\"has-inline-color has-luminous-vivid-amber-color\">C\u1eaft \u0111a k\u00edch c\u1ee1, m\u1ed9t m\u00e1y cho nhi\u1ec1u m\u1ee5c \u0111\u00edch<\/mark><\/strong><\/p>    <p>M\u00e1y c\u00f3 th\u1ec3 c\u1eaft th\u1ecbt th\u00e0nh d\u1ea3i ho\u1eb7c l\u00e1t trong m\u1ed9t b\u01b0\u1edbc v\u1edbi k\u00edch th\u01b0\u1edbc \u0111\u1ed3ng \u0111\u1ec1u v\u00e0 b\u1ec1 m\u1eb7t m\u1ecbn. N\u00f3 c\u0169ng h\u1ed7 tr\u1ee3 b\u01b0\u1edbc th\u1ee9 hai \u0111\u1ec3 c\u1eaft th\u00e0nh kh\u1ed1i ho\u1eb7c c\u1ee5c, \u0111\u00e1p \u1ee9ng c\u00e1c y\u00eau c\u1ea7u s\u1ea3n ph\u1ea9m kh\u00e1c nhau v\u00e0 n\u00e2ng cao t\u00ednh linh ho\u1ea1t trong s\u1ea3n xu\u1ea5t.<\/p>    <p class=\"translation-block\"><strong><mark class=\"has-inline-color has-luminous-vivid-amber-color\">Thi\u1ebft k\u1ebf thay l\u01b0\u1ee1i dao nhanh<\/mark><\/strong><\/p>    <p>B\u1ed9 l\u01b0\u1ee1i dao m\u00f4-\u0111un c\u00f3 th\u1ec3 th\u00e1o r\u1eddi v\u00e0 thay th\u1ebf trong v\u00f2ng 1 ph\u00fat, gi\u1ea3m th\u1eddi gian ch\u1ebft v\u00e0 cho ph\u00e9p chuy\u1ec3n \u0111\u1ed5i nhanh gi\u1eefa c\u00e1c k\u00edch c\u1ee1 s\u1ea3n ph\u1ea9m kh\u00e1c nhau.<\/p>    <p class=\"translation-block\"><strong><mark class=\"has-inline-color has-luminous-vivid-amber-color\">T\u00f9y ch\u1ecdn c\u1eaft t\u00f9y ch\u1ec9nh<\/mark><\/strong><\/p>    <p>H\u1ed7 tr\u1ee3 l\u01b0\u1ee1i dao t\u00f9y ch\u1ec9nh \u0111\u1ec3 x\u1eed l\u00fd nhi\u1ec1u lo\u1ea1i nguy\u00ean li\u1ec7u, bao g\u1ed3m th\u1ecbt c\u00f3 x\u01b0\u01a1ng nh\u01b0 g\u00e0, v\u1ecbt, c\u00e1, cho ph\u00e9p c\u1eaft ch\u00ednh x\u00e1c.<\/p>   <div class=\"wp-block-image\"> <figure class=\"aligncenter size-full\"><img loading=\"lazy\" decoding=\"async\" width=\"720\" height=\"540\" src=\"https:\/\/www.meatprocessingmachine.org\/wp-content\/uploads\/2026\/02\/Meat-Slicing-Cutting-Machine.webp\" alt=\"M\u00e1y c\u1eaft l\u00e1t th\u1ecbt\" class=\"wp-image-34720\" title=\"\" srcset=\"https:\/\/www.meatprocessingmachine.org\/wp-content\/uploads\/2026\/02\/Meat-Slicing-Cutting-Machine.webp 720w, https:\/\/www.meatprocessingmachine.org\/wp-content\/uploads\/2026\/02\/Meat-Slicing-Cutting-Machine-300x225.webp 300w, https:\/\/www.meatprocessingmachine.org\/wp-content\/uploads\/2026\/02\/Meat-Slicing-Cutting-Machine-16x12.webp 16w\" sizes=\"auto, (max-width: 720px) 100vw, 720px\" \/><figcaption class=\"wp-element-caption\">M\u00e1y c\u1eaft l\u00e1t th\u1ecbt<\/figcaption><\/figure> <\/div>   <h2 class=\"wp-block-heading\">Nguy\u00ean li\u1ec7u ph\u00f9 h\u1ee3p<\/h2>    <p>M\u00e1y c\u1eaft l\u00e1t th\u1ecbt x\u1eed l\u00fd b\u1ed1n lo\u1ea1i nguy\u00ean li\u1ec7u ch\u00ednh, x\u1eed l\u00fd hi\u1ec7u qu\u1ea3 c\u1ea3 c\u00e1c s\u1ea3n ph\u1ea9m kh\u00f4ng x\u01b0\u01a1ng v\u00e0 c\u00f3 x\u01b0\u01a1ng t\u00f9y ch\u1ec9nh:<\/p>    <ul class=\"wp-block-list\"> <li><strong>Th\u1ecbt t\u01b0\u01a1i:<\/strong> Th\u1ecbt heo kh\u00f4ng x\u01b0\u01a1ng, b\u00f2, c\u1eebu v\u00e0 c\u00e1c lo\u1ea1i th\u1ecbt t\u01b0\u01a1i kh\u00e1c<\/li>    <li><strong>B\u00e1nh ng\u1ecdt\/B\u1ed9t nh\u00e0o:<\/strong> D\u1ea3i, l\u00e1t ho\u1eb7c c\u1ee5c c\u1ee7a c\u00e1c s\u1ea3n ph\u1ea9m b\u1ed9t kh\u00e1c nhau<\/li>    <li><strong>Rau:<\/strong> R\u1ec5 v\u00e0 l\u00e1 rau c\u1ee7 nh\u01b0 c\u1ee7 c\u1ea3i, khoai t\u00e2y, c\u1ee7 sen, v\u00e0 rau l\u00e1 xanh<\/li>    <li><strong>S\u1ea3n ph\u1ea9m \u0111\u1eb7c bi\u1ec7t:<\/strong> Th\u1ef1c ph\u1ea9m ch\u00edn, c\u0169ng nh\u01b0 gia c\u1ea7m v\u00e0 c\u00e1 c\u00f3 x\u01b0\u01a1ng (g\u00e0, v\u1ecbt, c\u00e1) v\u1edbi l\u01b0\u1ee1i dao t\u00f9y ch\u1ec9nh<\/li> <\/ul>    <figure class=\"wp-block-gallery has-nested-images columns-default is-cropped wp-block-gallery-3 is-layout-flex wp-block-gallery-is-layout-flex\"> <figure class=\"wp-block-image size-large\"><img loading=\"lazy\" decoding=\"async\" width=\"720\" height=\"540\" data-id=\"34724\" src=\"https:\/\/www.meatprocessingmachine.org\/wp-content\/uploads\/2026\/02\/Lamb.webp\" alt=\"Th\u1ecbt c\u1eebu\" class=\"wp-image-34724\" title=\"\" srcset=\"https:\/\/www.meatprocessingmachine.org\/wp-content\/uploads\/2026\/02\/Lamb.webp 720w, https:\/\/www.meatprocessingmachine.org\/wp-content\/uploads\/2026\/02\/Lamb-300x225.webp 300w, https:\/\/www.meatprocessingmachine.org\/wp-content\/uploads\/2026\/02\/Lamb-16x12.webp 16w\" sizes=\"auto, (max-width: 720px) 100vw, 720px\" \/><figcaption class=\"wp-element-caption\">Th\u1ecbt c\u1eebu<\/figcaption><\/figure>    <figure class=\"wp-block-image size-large\"><img loading=\"lazy\" decoding=\"async\" width=\"720\" height=\"540\" data-id=\"34723\" src=\"https:\/\/www.meatprocessingmachine.org\/wp-content\/uploads\/2026\/02\/Beef.webp\" alt=\"Th\u1ecbt b\u00f2\" class=\"wp-image-34723\" title=\"\" srcset=\"https:\/\/www.meatprocessingmachine.org\/wp-content\/uploads\/2026\/02\/Beef.webp 720w, https:\/\/www.meatprocessingmachine.org\/wp-content\/uploads\/2026\/02\/Beef-300x225.webp 300w, https:\/\/www.meatprocessingmachine.org\/wp-content\/uploads\/2026\/02\/Beef-16x12.webp 16w\" sizes=\"auto, (max-width: 720px) 100vw, 720px\" \/><figcaption class=\"wp-element-caption\">Th\u1ecbt b\u00f2<\/figcaption><\/figure>    <figure class=\"wp-block-image size-large\"><img loading=\"lazy\" decoding=\"async\" width=\"720\" height=\"540\" data-id=\"34725\" src=\"https:\/\/www.meatprocessingmachine.org\/wp-content\/uploads\/2026\/02\/Potato-Slices.webp\" alt=\"Khoai t\u00e2y l\u00e1t\" class=\"wp-image-34725\" title=\"\" srcset=\"https:\/\/www.meatprocessingmachine.org\/wp-content\/uploads\/2026\/02\/Potato-Slices.webp 720w, https:\/\/www.meatprocessingmachine.org\/wp-content\/uploads\/2026\/02\/Potato-Slices-300x225.webp 300w, https:\/\/www.meatprocessingmachine.org\/wp-content\/uploads\/2026\/02\/Potato-Slices-16x12.webp 16w\" sizes=\"auto, (max-width: 720px) 100vw, 720px\" \/><figcaption class=\"wp-element-caption\">Khoai t\u00e2y l\u00e1t<\/figcaption><\/figure> <\/figure>    <h2 class=\"wp-block-heading\">\u0110i\u1ec3m m\u1ea1nh c\u1ed1t l\u00f5i c\u1ee7a m\u00e1y c\u1eaft l\u00e1t th\u1ecbt t\u01b0\u01a1i l\u00e0 g\u00ec?<\/h2>    <div class=\"wp-block-columns is-layout-flex wp-container-core-columns-is-layout-9d6595d7 wp-block-columns-is-layout-flex\"> <div class=\"wp-block-column is-layout-flow wp-block-column-is-layout-flow\"> <p class=\"has-text-align-center translation-block\"><strong><mark class=\"has-inline-color has-luminous-vivid-amber-color\">C\u00f4ng su\u1ea5t cao<\/mark><\/strong><\/p>    <p>M\u1eabu 340 \u0111\u1ea1t 0\u2013600\u202fkg\/h, v\u00e0 m\u1eabu 500 l\u00ean t\u1edbi 0\u20131000\u202fkg\/h, \u0111\u00e1p \u1ee9ng nhu c\u1ea7u c\u1ee7a c\u00e1c nh\u00e0 m\u00e1y ch\u1ebf bi\u1ebfn nh\u1ecf \u0111\u1ebfn l\u1edbn v\u00e0 cho ph\u00e9p x\u1eed l\u00fd theo l\u00f4 hi\u1ec7u qu\u1ea3.<\/p> <\/div>    <div class=\"wp-block-column is-layout-flow wp-block-column-is-layout-flow\"> <p class=\"has-text-align-center translation-block\"><strong><mark class=\"has-inline-color has-luminous-vivid-amber-color\">H\u1ec7 th\u1ed1ng \u0111\u1ed9ng c\u01a1 m\u1ea1nh m\u1ebd<\/mark><\/strong><\/p>    <p>Trang b\u1ecb motor 1.5\u202fkW, m\u00e1y ho\u1ea1t \u0111\u1ed9ng tr\u01a1n tru v\u1edbi c\u00f4ng su\u1ea5t \u0111\u1ee7, h\u1ed7 tr\u1ee3 v\u1eadn h\u00e0nh li\u00ean t\u1ee5c l\u00e2u d\u00e0i v\u00e0 s\u1ea3n xu\u1ea5t \u1ed5n \u0111\u1ecbnh.<\/p> <\/div> <\/div>    <div class=\"wp-block-columns is-layout-flex wp-container-core-columns-is-layout-9d6595d7 wp-block-columns-is-layout-flex\"> <div class=\"wp-block-column is-layout-flow wp-block-column-is-layout-flow\"> <p class=\"has-text-align-center translation-block\"><strong><mark class=\"has-inline-color has-luminous-vivid-amber-color\">Kh\u1ea3 n\u0103ng c\u1ea5p li\u1ec7u l\u1edbn<\/mark><\/strong><\/p>    <p>C\u00f3 th\u1ec3 x\u1eed l\u00fd c\u00e1c mi\u1ebfng th\u1ecbt t\u01b0\u01a1i l\u1edbn ho\u1eb7c b\u1ed9t nh\u00e0o d\u1ec5 d\u00e0ng, n\u00e2ng cao hi\u1ec7u qu\u1ea3 s\u1eed d\u1ee5ng nguy\u00ean li\u1ec7u.<\/p> <\/div>    <div class=\"wp-block-column is-layout-flow wp-block-column-is-layout-flow\"> <p class=\"has-text-align-center translation-block\"><strong><mark class=\"has-inline-color has-luminous-vivid-amber-color\">Ch\u1ea5t li\u1ec7u b\u1ec1n, ch\u1ea5t l\u01b0\u1ee3ng cao<\/mark><\/strong><\/p>    <p>L\u00e0m b\u1eb1ng th\u00e9p kh\u00f4ng g\u1ec9 cao c\u1ea5p, ch\u1ed1ng \u0103n m\u00f2n v\u00e0 d\u1ec5 v\u1ec7 sinh, \u0111\u00e1p \u1ee9ng ti\u00eau chu\u1ea9n v\u1ec7 sinh th\u1ef1c ph\u1ea9m. L\u01b0\u1ee1i dao b\u1eb1ng th\u00e9p kh\u00f4ng g\u1ec9 440C, s\u1eafc b\u00e9n v\u00e0 m\u1ea1nh m\u1ebd \u0111\u1ec3 c\u1eaft l\u00e2u d\u00e0i.<\/p> <\/div> <\/div>    <div class=\"wp-block-columns is-layout-flex wp-container-core-columns-is-layout-9d6595d7 wp-block-columns-is-layout-flex\"> <div class=\"wp-block-column is-layout-flow wp-block-column-is-layout-flow\"> <p class=\"has-text-align-center translation-block\"><strong><mark class=\"has-inline-color has-luminous-vivid-amber-color\">V\u1eadn h\u00e0nh d\u1ec5 d\u00e0ng<\/mark><\/strong><\/p>    <p>Thi\u1ebft k\u1ebf t\u00edch h\u1ee3p v\u1edbi thay l\u01b0\u1ee1i dao nhanh v\u00e0 c\u1eaft \u0111a ch\u1ee9c n\u0103ng gi\u1ea3m c\u00e1c b\u01b0\u1edbc th\u1ee7 c\u00f4ng v\u00e0 n\u00e2ng cao hi\u1ec7u qu\u1ea3 x\u1eed l\u00fd.<\/p> <\/div>    <div class=\"wp-block-column is-layout-flow wp-block-column-is-layout-flow\"> <p class=\"has-text-align-center translation-block\"><strong><mark class=\"has-inline-color has-luminous-vivid-amber-color\">Ch\u1ee9c n\u0103ng c\u1eaft \u0111a d\u1ea1ng<\/mark><\/strong><\/p>    <p>H\u1ed7 tr\u1ee3 c\u1eaft th\u00e0nh d\u1ea3i, l\u00e1t, c\u1ee5c v\u00e0 kh\u1ed1i. C\u1eaft l\u00e1t ho\u1eb7c c\u1eaft kh\u1ed1i trong m\u1ed9t b\u01b0\u1edbc v\u00e0 dicing trong b\u01b0\u1edbc th\u1ee9 hai cung c\u1ea5p c\u00e1c t\u00f9y ch\u1ecdn x\u1eed l\u00fd linh ho\u1ea1t cho c\u00e1c y\u00eau c\u1ea7u s\u1ea3n ph\u1ea9m kh\u00e1c nhau.<\/p> <\/div> <\/div>   <div class=\"wp-block-image\"> <figure class=\"aligncenter size-full\"><img loading=\"lazy\" decoding=\"async\" width=\"720\" height=\"540\" src=\"https:\/\/www.meatprocessingmachine.org\/wp-content\/uploads\/2026\/02\/Fresh-Meat-Strip-Cutting-Machine-For-Sale.webp\" alt=\"M\u00e1y c\u1eaft l\u00e1t th\u1ecbt t\u01b0\u01a1i \u0111\u1ec3 b\u00e1n\" class=\"wp-image-34718\" title=\"\" srcset=\"https:\/\/www.meatprocessingmachine.org\/wp-content\/uploads\/2026\/02\/Fresh-Meat-Strip-Cutting-Machine-For-Sale.webp 720w, https:\/\/www.meatprocessingmachine.org\/wp-content\/uploads\/2026\/02\/Fresh-Meat-Strip-Cutting-Machine-For-Sale-300x225.webp 300w, https:\/\/www.meatprocessingmachine.org\/wp-content\/uploads\/2026\/02\/Fresh-Meat-Strip-Cutting-Machine-For-Sale-16x12.webp 16w\" sizes=\"auto, (max-width: 720px) 100vw, 720px\" \/><figcaption class=\"wp-element-caption\">M\u00e1y c\u1eaft l\u00e1t th\u1ecbt t\u01b0\u01a1i \u0111\u1ec3 b\u00e1n<\/figcaption><\/figure> <\/div>   <h2 class=\"wp-block-heading\">Th\u00f4ng s\u1ed1 k\u1ef9 thu\u1eadt<\/h2>    <figure class=\"wp-block-table\"><table class=\"has-fixed-layout\"><thead><tr><th>Th\u00f4ng s\u1ed1<\/th><th>M\u1eabu m\u00e1y c\u1eaft l\u00e1t th\u1ecbt t\u01b0\u01a1i 340<\/th><th>M\u1eabu m\u00e1y c\u1eaft l\u00e1t th\u1ecbt t\u01b0\u01a1i 500<\/th><\/tr><\/thead><tbody><tr><td>C\u00f4ng su\u1ea5t \u0111\u1ed9ng c\u01a1<\/td><td>1.5\u202fkW<\/td><td>1.5\u202fkW<\/td><\/tr><tr><td>\u0110i\u1ec7n \u00e1p<\/td><td>380\u202fV<\/td><td>380\u202fV<\/td><\/tr><tr><td>K\u00edch th\u01b0\u1edbc c\u1ea5p li\u1ec7u t\u1ed1i \u0111a<\/td><td>1000 \u00d7 330 \u00d7 70\u202fmm<\/td><td>1000 \u00d7 480 \u00d7 70\u202fmm<\/td><\/tr><tr><td>N\u0103ng su\u1ea5t<\/td><td>0\u2013600\u202fkg\/h<\/td><td>0\u20131000\u202fkg\/h<\/td><\/tr><tr><td>Tr\u1ecdng l\u01b0\u1ee3ng m\u00e1y<\/td><td>180\u202fkg<\/td><td>200\u202fkg<\/td><\/tr><tr><td>K\u00edch th\u01b0\u1edbc (L \u00d7 W \u00d7 H)<\/td><td>1680 \u00d7 680 \u00d7 1160\u202fmm<\/td><td>1680 \u00d7 860 \u00d7 1160\u202fmm<\/td><\/tr><\/tbody><\/table><\/figure>   <div class=\"wp-block-image\"> <figure class=\"aligncenter size-full\"><img loading=\"lazy\" decoding=\"async\" width=\"720\" height=\"540\" src=\"https:\/\/www.meatprocessingmachine.org\/wp-content\/uploads\/2026\/02\/Fresh-Meat-Strip-Cutter.webp\" alt=\"M\u00e1y c\u1eaft l\u00e1t th\u1ecbt t\u01b0\u01a1i\" class=\"wp-image-34717\" title=\"\" srcset=\"https:\/\/www.meatprocessingmachine.org\/wp-content\/uploads\/2026\/02\/Fresh-Meat-Strip-Cutter.webp 720w, https:\/\/www.meatprocessingmachine.org\/wp-content\/uploads\/2026\/02\/Fresh-Meat-Strip-Cutter-300x225.webp 300w, https:\/\/www.meatprocessingmachine.org\/wp-content\/uploads\/2026\/02\/Fresh-Meat-Strip-Cutter-16x12.webp 16w\" sizes=\"auto, (max-width: 720px) 100vw, 720px\" \/><figcaption class=\"wp-element-caption\">M\u00e1y c\u1eaft l\u00e1t th\u1ecbt t\u01b0\u01a1i<\/figcaption><\/figure> <\/div>   <h2 class=\"wp-block-heading\">T\u1ea1i sao ch\u1ecdn M\u00e1y c\u1eaft l\u00e1t th\u1ecbt t\u01b0\u01a1i Taizy?<\/h2>    <p class=\"translation-block\"><strong>Ch\u1ee9ng nh\u1eadn \u0111\u00e1ng tin c\u1eady, ch\u1ea5t l\u01b0\u1ee3ng \u0111\u1ea3m b\u1ea3o<\/strong><\/p>    <p>M\u00e1y c\u1eaft l\u00e1t th\u1ecbt t\u01b0\u01a1i Taizy c\u00f3 nhi\u1ec1u ch\u1ee9ng nh\u1eadn qu\u1ed1c t\u1ebf, bao g\u1ed3m ISO9001 qu\u1ea3n l\u00fd ch\u1ea5t l\u01b0\u1ee3ng, CE, v\u00e0 ki\u1ec3m nghi\u1ec7m b\u1edfi SGS v\u00e0 TUV. M\u1ecdi b\u01b0\u1edbc t\u1eeb thi\u1ebft k\u1ebf, s\u1ea3n xu\u1ea5t \u0111\u1ebfn giao h\u00e0ng \u0111\u1ec1u \u0111\u00e1p \u1ee9ng ti\u00eau chu\u1ea9n ch\u1ea5t l\u01b0\u1ee3ng v\u00e0 an to\u00e0n qu\u1ed1c t\u1ebf, \u0111\u1ea3m b\u1ea3o hi\u1ec7u su\u1ea5t \u0111\u01b0\u1ee3c c\u00f4ng nh\u1eadn to\u00e0n c\u1ea7u.<\/p>    <p class=\"translation-block\"><strong>D\u1ecbch v\u1ee5 h\u1eadu m\u00e3i to\u00e0n di\u1ec7n<\/strong><\/p>    <ul class=\"wp-block-list\"> <li><strong>B\u1ea3o h\u00e0nh m\u1edf r\u1ed9ng:<\/strong> T\u1ea5t c\u1ea3 c\u00e1c m\u00e1y \u0111i k\u00e8m b\u1ea3o h\u00e0nh mi\u1ec5n ph\u00ed 1 n\u0103m. Thi\u1ec7t h\u1ea1i kh\u00f4ng do con ng\u01b0\u1eddi g\u00e2y ra s\u1ebd \u0111\u01b0\u1ee3c s\u1eeda ch\u1eefa ho\u1eb7c thay th\u1ebf mi\u1ec5n ph\u00ed.<\/li>    <li><strong>H\u01b0\u1edbng d\u1eabn l\u1eafp \u0111\u1eb7t \u0111\u1ea7y \u0111\u1ee7:<\/strong> H\u01b0\u1edbng d\u1eabn s\u1eed d\u1ee5ng ti\u00eau chu\u1ea9n v\u00e0 h\u1ed7 tr\u1ee3 t\u1eeb xa chuy\u00ean nghi\u1ec7p gi\u00fap doanh nghi\u1ec7p nhanh ch\u00f3ng thi\u1ebft l\u1eadp m\u00e1y.<\/li>    <li><strong>H\u1ed7 tr\u1ee3 t\u1ea1i ch\u1ed7:<\/strong> \u0110\u1ed1i v\u1edbi c\u00e1c l\u1eafp \u0111\u1eb7t ph\u1ee9c t\u1ea1p, k\u1ef9 s\u01b0 c\u00f3 th\u1ec3 \u0111\u01b0\u1ee3c c\u1eed \u0111\u1ebfn \u0111\u1ec3 x\u1eed l\u00fd l\u1eafp \u0111\u1eb7t, v\u1eadn h\u00e0nh th\u1eed v\u00e0 \u0111\u00e0o t\u1ea1o ng\u01b0\u1eddi v\u1eadn h\u00e0nh, \u0111\u1ea3m b\u1ea3o b\u1eaft \u0111\u1ea7u s\u1ea3n xu\u1ea5t nhanh ch\u00f3ng.<\/li> <\/ul>    <p>T\u1eeb thi\u1ebft k\u1ebf c\u1ed1t l\u00f5i v\u00e0 ch\u1ea5t l\u01b0\u1ee3ng \u0111\u01b0\u1ee3c ch\u1ee9ng nh\u1eadn \u0111\u1ebfn h\u1ed7 tr\u1ee3 h\u1eadu m\u00e3i to\u00e0n di\u1ec7n, m\u00e1y c\u1eaft l\u00e1t th\u1ecbt t\u01b0\u01a1i Taizy gi\u00fap c\u00e1c doanh nghi\u1ec7p ch\u1ebf bi\u1ebfn th\u1ef1c ph\u1ea9m v\u00e0 l\u00e0 l\u1ef1a ch\u1ecdn \u01b0u ti\u00ean trong c\u1eaft v\u00e0 ch\u1ebf bi\u1ebfn th\u1ecbt.<\/p>    <p class=\"translation-block\">Ngo\u00e0i m\u00e1y c\u1eaft l\u00e1t th\u1ecbt t\u01b0\u01a1i, ch\u00fang t\u00f4i c\u00f2n cung c\u1ea5p <strong><a href=\"https:\/\/www.meatprocessingmachine.org\/vi\/products\/meat-cutting-machine\/\">m\u00e1y c\u1eaft l\u00e1t th\u1ecbt t\u01b0\u01a1i<\/a><\/strong> v\u00e0 c\u00e1c thi\u1ebft b\u1ecb ch\u1ebf bi\u1ebfn th\u1ecbt kh\u00e1c \u0111\u1ec3 h\u1ed7 tr\u1ee3 nhu c\u1ea7u s\u1ea3n xu\u1ea5t c\u1ee7a b\u1ea1n. N\u1ebfu quan t\u00e2m, vui l\u00f2ng li\u00ean h\u1ec7 v\u1edbi ch\u00fang t\u00f4i \u0111\u1ec3 bi\u1ebft th\u00eam chi ti\u1ebft.<\/p>   <div class=\"wp-block-image\"> <figure class=\"aligncenter size-full\"><img loading=\"lazy\" decoding=\"async\" width=\"720\" height=\"540\" src=\"https:\/\/www.meatprocessingmachine.org\/wp-content\/uploads\/2026\/02\/Industrial-Meat-Slicing-Machine.webp\" alt=\"M\u00e1y c\u1eaft th\u1ecbt c\u00f4ng nghi\u1ec7p\" class=\"wp-image-34648\" title=\"\" srcset=\"https:\/\/www.meatprocessingmachine.org\/wp-content\/uploads\/2026\/02\/Industrial-Meat-Slicing-Machine.webp 720w, https:\/\/www.meatprocessingmachine.org\/wp-content\/uploads\/2026\/02\/Industrial-Meat-Slicing-Machine-300x225.webp 300w, https:\/\/www.meatprocessingmachine.org\/wp-content\/uploads\/2026\/02\/Industrial-Meat-Slicing-Machine-16x12.webp 16w\" sizes=\"auto, (max-width: 720px) 100vw, 720px\" \/><figcaption class=\"wp-element-caption\">M\u00e1y c\u1eaft th\u1ecbt c\u00f4ng nghi\u1ec7p<\/figcaption><\/figure> <\/div>","protected":false},"excerpt":{"rendered":"<p>The fresh meat strip cutting machine is a professional meat processing machine designed for cutting fresh meat into strips, slices, cubes, or chunks. Taizy offers the 340 and 500 models, with production capacities tailored to different processing needs \u2014 the 340 model reaches 0\u2013600\u202fkg\/h, while the 500 model can go up to 0\u20131000\u202fkg\/h. Made of [&hellip;]<\/p>\n","protected":false},"author":1,"featured_media":34727,"parent":0,"template":"","product-type":[582,583,589],"class_list":["post-34714","product","type-product","status-publish","has-post-thumbnail","hentry","product-type-cattle-sheep","product-type-chicken-turkey","product-type-meat-cutting-machine"],"_links":{"self":[{"href":"https:\/\/www.meatprocessingmachine.org\/vi\/wp-json\/wp\/v2\/product\/34714","targetHints":{"allow":["GET"]}}],"collection":[{"href":"https:\/\/www.meatprocessingmachine.org\/vi\/wp-json\/wp\/v2\/product"}],"about":[{"href":"https:\/\/www.meatprocessingmachine.org\/vi\/wp-json\/wp\/v2\/types\/product"}],"author":[{"embeddable":true,"href":"https:\/\/www.meatprocessingmachine.org\/vi\/wp-json\/wp\/v2\/users\/1"}],"wp:featuredmedia":[{"embeddable":true,"href":"https:\/\/www.meatprocessingmachine.org\/vi\/wp-json\/wp\/v2\/media\/34727"}],"wp:attachment":[{"href":"https:\/\/www.meatprocessingmachine.org\/vi\/wp-json\/wp\/v2\/media?parent=34714"}],"wp:term":[{"taxonomy":"product-type","embeddable":true,"href":"https:\/\/www.meatprocessingmachine.org\/vi\/wp-json\/wp\/v2\/product-type?post=34714"}],"curies":[{"name":"wp","href":"https:\/\/api.w.org\/{rel}","templated":true}]}}