{"id":34827,"date":"2026-02-28T16:51:49","date_gmt":"2026-02-28T08:51:49","guid":{"rendered":"https:\/\/www.meatprocessingmachine.org\/?post_type=product&#038;p=34827"},"modified":"2026-02-28T16:51:50","modified_gmt":"2026-02-28T08:51:50","slug":"large-fresh-meat-slicer","status":"publish","type":"product","link":"https:\/\/www.meatprocessingmachine.org\/vi\/large-fresh-meat-slicer.html","title":{"rendered":"M\u00e1y c\u1eaft th\u1ecbt t\u01b0\u01a1i l\u1edbn"},"content":{"rendered":"<div class=\"kk-star-ratings kksr-auto kksr-align-right kksr-valign-top\"     data-payload='{&quot;align&quot;:&quot;right&quot;,&quot;id&quot;:&quot;34827&quot;,&quot;slug&quot;:&quot;default&quot;,&quot;valign&quot;:&quot;top&quot;,&quot;ignore&quot;:&quot;&quot;,&quot;reference&quot;:&quot;auto&quot;,&quot;class&quot;:&quot;&quot;,&quot;count&quot;:&quot;2&quot;,&quot;legendonly&quot;:&quot;&quot;,&quot;readonly&quot;:&quot;&quot;,&quot;score&quot;:&quot;5&quot;,&quot;starsonly&quot;:&quot;&quot;,&quot;best&quot;:&quot;5&quot;,&quot;gap&quot;:&quot;5&quot;,&quot;greet&quot;:&quot;Rate this product&quot;,&quot;legend&quot;:&quot;5\\\/5 - (2 b\u00ecnh ch\u1ecdn)&quot;,&quot;size&quot;:&quot;24&quot;,&quot;title&quot;:&quot;Large Fresh Meat Slicer&quot;,&quot;width&quot;:&quot;142.5&quot;,&quot;_legend&quot;:&quot;{score}\\\/{best} - ({count} {votes})&quot;,&quot;font_factor&quot;:&quot;1.25&quot;}'>              <div class=\"kksr-stars\">      <div class=\"kksr-stars-inactive\">             <div class=\"kksr-star\" data-star=\"1\" style=\"padding-right: 5px\">               <div class=\"kksr-icon\" style=\"width: 24px; height: 24px;\"><\/div>         <\/div>             <div class=\"kksr-star\" data-star=\"2\" style=\"padding-right: 5px\">               <div class=\"kksr-icon\" style=\"width: 24px; height: 24px;\"><\/div>         <\/div>             <div class=\"kksr-star\" data-star=\"3\" style=\"padding-right: 5px\">               <div class=\"kksr-icon\" style=\"width: 24px; height: 24px;\"><\/div>         <\/div>             <div class=\"kksr-star\" data-star=\"4\" style=\"padding-right: 5px\">               <div class=\"kksr-icon\" style=\"width: 24px; height: 24px;\"><\/div>         <\/div>             <div class=\"kksr-star\" data-star=\"5\" style=\"padding-right: 5px\">               <div class=\"kksr-icon\" style=\"width: 24px; height: 24px;\"><\/div>         <\/div>     <\/div>      <div class=\"kksr-stars-active\" style=\"width: 142.5px;\">             <div class=\"kksr-star\" style=\"padding-right: 5px\">               <div class=\"kksr-icon\" style=\"width: 24px; height: 24px;\"><\/div>         <\/div>             <div class=\"kksr-star\" style=\"padding-right: 5px\">               <div class=\"kksr-icon\" style=\"width: 24px; height: 24px;\"><\/div>         <\/div>             <div class=\"kksr-star\" style=\"padding-right: 5px\">               <div class=\"kksr-icon\" style=\"width: 24px; height: 24px;\"><\/div>         <\/div>             <div class=\"kksr-star\" style=\"padding-right: 5px\">               <div class=\"kksr-icon\" style=\"width: 24px; height: 24px;\"><\/div>         <\/div>             <div class=\"kksr-star\" style=\"padding-right: 5px\">               <div class=\"kksr-icon\" style=\"width: 24px; height: 24px;\"><\/div>         <\/div>     <\/div> <\/div>                   <div class=\"kksr-legend\" style=\"font-size: 19.2px;\">             5\/5 - (2 b\u00ecnh ch\u1ecdn)    <\/div>     <\/div>  <p class=\"translation-block\"><strong><mark class=\"has-inline-color has-luminous-vivid-amber-color\">M\u00e1y c\u1eaft th\u1ecbt t\u01b0\u01a1i l\u1edbn<\/mark><\/strong> l\u00e0 m\u1ed9t m\u00e1y ch\u1ebf bi\u1ebfn th\u1ef1c ph\u1ea9m c\u1ea5p c\u00f4ng nghi\u1ec7p \u0111\u01b0\u1ee3c thi\u1ebft k\u1ebf \u0111\u1ec3 c\u1eaft th\u1ecbt t\u01b0\u01a1i th\u00e0nh \u0111\u1ed9 d\u00e0y \u0111\u1ed3ng \u0111\u1ec1u m\u1ed9t c\u00e1ch hi\u1ec7u qu\u1ea3.<\/p>   <div class=\"wp-block-image\"> <figure class=\"aligncenter size-full\"><img loading=\"lazy\" decoding=\"async\" width=\"720\" height=\"540\" src=\"https:\/\/www.meatprocessingmachine.org\/wp-content\/uploads\/2026\/02\/Large-Fresh-Meat-Slicer.webp\" alt=\"M\u00e1y c\u1eaft th\u1ecbt t\u01b0\u01a1i l\u1edbn\" class=\"wp-image-34832\" title=\"\" srcset=\"https:\/\/www.meatprocessingmachine.org\/wp-content\/uploads\/2026\/02\/Large-Fresh-Meat-Slicer.webp 720w, https:\/\/www.meatprocessingmachine.org\/wp-content\/uploads\/2026\/02\/Large-Fresh-Meat-Slicer-300x225.webp 300w, https:\/\/www.meatprocessingmachine.org\/wp-content\/uploads\/2026\/02\/Large-Fresh-Meat-Slicer-16x12.webp 16w\" sizes=\"auto, (max-width: 720px) 100vw, 720px\" \/><figcaption class=\"wp-element-caption\">M\u00e1y c\u1eaft th\u1ecbt t\u01b0\u01a1i l\u1edbn<\/figcaption><\/figure> <\/div>   <p class=\"translation-block\">Taizy cung c\u1ea5p hai m\u1eabu ch\u00ednh: CY-QP180 v\u00e0 CY-QP200, v\u1edbi c\u00f4ng su\u1ea5t s\u1ea3n xu\u1ea5t l\u1ea7n l\u01b0\u1ee3t l\u00e0  500\u202fkg\/h  v\u00e0  800\u20131000\u202fkg\/h . M\u00e1y c\u1eaft h\u1ed7 tr\u1ee3 \u0111i\u1ec1u ch\u1ec9nh \u0111\u1ed9 d\u00e0y t\u1eeb  2\u201330\u202fmm , v\u00e0 c\u00f3 th\u1ec3 th\u1ef1c hi\u1ec7n \u0111a ch\u1ee9c n\u0103ng, bao g\u1ed3m c\u1eaft l\u00e1t v\u00e0 c\u1eaft ph\u1ee5 th\u00e0nh s\u1ee3i.<\/p>    <p>M\u00e1y \u0111\u01b0\u1ee3c l\u00e0m ho\u00e0n to\u00e0n b\u1eb1ng th\u00e9p kh\u00f4ng g\u1ec9 304 v\u00e0 c\u00f3 thi\u1ebft k\u1ebf m\u00f4-\u0111un v\u1edbi kho\u1ea3ng c\u00e1ch l\u01b0\u1ee1i dao c\u00f3 th\u1ec3 thay th\u1ebf, \u0111\u00e1p \u1ee9ng nhu c\u1ea7u ch\u1ebf bi\u1ebfn th\u1ecbt quy m\u00f4 l\u1edbn v\u00e0 n\u00e2ng cao hi\u1ec7u qu\u1ea3, ti\u00eau chu\u1ea9n s\u1ea3n ph\u1ea9m.<\/p>    <h2 class=\"wp-block-heading\">Ch\u1ee9c n\u0103ng c\u1ee7a m\u00e1y c\u1eaft th\u1ecbt t\u01b0\u01a1i l\u1edbn<\/h2>    <ul class=\"wp-block-list\"> <li><strong>C\u00f4ng su\u1ea5t cao<\/strong>: X\u1eed l\u00fd l\u00ean \u0111\u1ebfn 1000\u202fkg th\u1ecbt m\u1ed7i gi\u1edd, t\u0103ng hi\u1ec7u qu\u1ea3 8\u201310 l\u1ea7n so v\u1edbi c\u1eaft th\u1ee7 c\u00f4ng.<\/li>    <li><strong>\u0110a n\u0103ng<\/strong>: Ph\u00f9 h\u1ee3p \u0111\u1ec3 c\u1eaft th\u1ecbt l\u1ee3n, b\u00f2, c\u1eebu v\u00e0 c\u00e1c lo\u1ea1i th\u1ecbt t\u01b0\u01a1i kh\u00e1c.<\/li>    <li><strong>Nhi\u1ec1u ki\u1ec3u c\u1eaft<\/strong>: H\u1ed7 tr\u1ee3 c\u1eaft s\u01a1 b\u1ed9 v\u00e0 c\u1eaft ph\u1ee5 th\u00e0nh s\u1ee3i trong m\u1ed9t quy tr\u00ecnh li\u00ean t\u1ee5c. Kh\u00f4ng c\u1ea7n thi\u1ebft b\u1ecb b\u1ed5 sung.<\/li>    <li><strong>\u0110i\u1ec1u ch\u1ec9nh \u0111\u1ed9 d\u00e0y l\u00e1t c\u1eaft<\/strong>: Kho\u1ea3ng c\u00e1ch l\u01b0\u1ee1i dao c\u00f3 th\u1ec3 thay th\u1ebf. \u0110\u1ed9 d\u00e0y l\u00e1t c\u1eaft c\u00f3 th\u1ec3 linh ho\u1ea1t \u0111i\u1ec1u ch\u1ec9nh t\u1eeb 2 \u0111\u1ebfn 30\u202fmm.<\/li>    <li><strong>D\u1ec5 v\u1eadn h\u00e0nh<\/strong>: H\u1ec7 th\u1ed1ng \u0111i\u1ec1u khi\u1ec3n th\u00e2n thi\u1ec7n cho ph\u00e9p ho\u1ea1t \u0111\u1ed9ng \u1ed5n \u0111\u1ecbnh v\u00e0 li\u00ean t\u1ee5c.<\/li> <\/ul>   <div class=\"wp-block-image\"> <figure class=\"aligncenter size-full\"><img loading=\"lazy\" decoding=\"async\" width=\"720\" height=\"540\" src=\"https:\/\/www.meatprocessingmachine.org\/wp-content\/uploads\/2026\/02\/Large-Fresh-Meat-Slicer-for-Beef-Pork-Lamb-and-Chicken.webp\" alt=\"M\u00e1y c\u1eaft th\u1ecbt t\u01b0\u01a1i l\u1edbn cho b\u00f2, l\u1ee3n, c\u1eebu, g\u00e0\" class=\"wp-image-34831\" title=\"\" srcset=\"https:\/\/www.meatprocessingmachine.org\/wp-content\/uploads\/2026\/02\/Large-Fresh-Meat-Slicer-for-Beef-Pork-Lamb-and-Chicken.webp 720w, https:\/\/www.meatprocessingmachine.org\/wp-content\/uploads\/2026\/02\/Large-Fresh-Meat-Slicer-for-Beef-Pork-Lamb-and-Chicken-300x225.webp 300w, https:\/\/www.meatprocessingmachine.org\/wp-content\/uploads\/2026\/02\/Large-Fresh-Meat-Slicer-for-Beef-Pork-Lamb-and-Chicken-16x12.webp 16w\" sizes=\"auto, (max-width: 720px) 100vw, 720px\" \/><figcaption class=\"wp-element-caption\">M\u00e1y c\u1eaft th\u1ecbt t\u01b0\u01a1i l\u1edbn cho b\u00f2, l\u1ee3n, c\u1eebu, g\u00e0<\/figcaption><\/figure> <\/div>   <h2 class=\"wp-block-heading\">Nguy\u00ean li\u1ec7u ph\u00f9 h\u1ee3p<\/h2>    <p>Ph\u00f9 h\u1ee3p \u0111\u1ec3 c\u1eaft c\u00e1c lo\u1ea1i th\u1ecbt t\u01b0\u01a1i kh\u00e1c nhau, bao g\u1ed3m:<\/p>    <ul class=\"wp-block-list\"> <li>Th\u1ecbt b\u00f2 v\u00e0 c\u1eebu<\/li>    <li>Th\u1ecbt l\u1ee3n<\/li>    <li>G\u00e0 v\u00e0 c\u00e1c lo\u1ea1i gia c\u1ea7m kh\u00e1c<\/li>    <li>Th\u1ecbt \u0111\u00f4ng l\u1ea1nh ho\u1eb7c th\u1ecbt \u01b0\u1edbp l\u1ea1nh<\/li>    <li>C\u00e1c lo\u1ea1i th\u1ecbt ch\u1ebf bi\u1ebfn th\u01b0\u01a1ng m\u1ea1i ho\u1eb7c c\u00f4ng nghi\u1ec7p kh\u00e1c<\/li> <\/ul>    <figure class=\"wp-block-gallery has-nested-images columns-default is-cropped wp-block-gallery-2 is-layout-flex wp-block-gallery-is-layout-flex\"> <figure class=\"wp-block-image size-large\"><img loading=\"lazy\" decoding=\"async\" width=\"720\" height=\"540\" data-id=\"34723\" src=\"https:\/\/www.meatprocessingmachine.org\/wp-content\/uploads\/2026\/02\/Beef.webp\" alt=\"Th\u1ecbt b\u00f2\" class=\"wp-image-34723\" title=\"\" srcset=\"https:\/\/www.meatprocessingmachine.org\/wp-content\/uploads\/2026\/02\/Beef.webp 720w, https:\/\/www.meatprocessingmachine.org\/wp-content\/uploads\/2026\/02\/Beef-300x225.webp 300w, https:\/\/www.meatprocessingmachine.org\/wp-content\/uploads\/2026\/02\/Beef-16x12.webp 16w\" sizes=\"auto, (max-width: 720px) 100vw, 720px\" \/><figcaption class=\"wp-element-caption\">Th\u1ecbt b\u00f2<\/figcaption><\/figure>    <figure class=\"wp-block-image size-large\"><img loading=\"lazy\" decoding=\"async\" width=\"720\" height=\"540\" data-id=\"34724\" src=\"https:\/\/www.meatprocessingmachine.org\/wp-content\/uploads\/2026\/02\/Lamb.webp\" alt=\"Th\u1ecbt c\u1eebu\" class=\"wp-image-34724\" title=\"\" srcset=\"https:\/\/www.meatprocessingmachine.org\/wp-content\/uploads\/2026\/02\/Lamb.webp 720w, https:\/\/www.meatprocessingmachine.org\/wp-content\/uploads\/2026\/02\/Lamb-300x225.webp 300w, https:\/\/www.meatprocessingmachine.org\/wp-content\/uploads\/2026\/02\/Lamb-16x12.webp 16w\" sizes=\"auto, (max-width: 720px) 100vw, 720px\" \/><figcaption class=\"wp-element-caption\">Th\u1ecbt c\u1eebu<\/figcaption><\/figure>    <figure class=\"wp-block-image size-large\"><img loading=\"lazy\" decoding=\"async\" width=\"720\" height=\"540\" data-id=\"34772\" src=\"https:\/\/www.meatprocessingmachine.org\/wp-content\/uploads\/2026\/02\/Frozen-Meat.webp\" alt=\"Th\u1ecbt \u0111\u00f4ng l\u1ea1nh\" class=\"wp-image-34772\" title=\"\" srcset=\"https:\/\/www.meatprocessingmachine.org\/wp-content\/uploads\/2026\/02\/Frozen-Meat.webp 720w, https:\/\/www.meatprocessingmachine.org\/wp-content\/uploads\/2026\/02\/Frozen-Meat-300x225.webp 300w, https:\/\/www.meatprocessingmachine.org\/wp-content\/uploads\/2026\/02\/Frozen-Meat-16x12.webp 16w\" sizes=\"auto, (max-width: 720px) 100vw, 720px\" \/><figcaption class=\"wp-element-caption\">Th\u1ecbt \u0111\u00f4ng l\u1ea1nh<\/figcaption><\/figure> <\/figure>    <h2 class=\"wp-block-heading\">\u01afu \u0111i\u1ec3m c\u1ee7a M\u00e1y c\u1eaft th\u1ecbt t\u01b0\u01a1i c\u00f4ng nghi\u1ec7p l\u1edbn<\/h2>    <div class=\"wp-block-columns is-layout-flex wp-container-core-columns-is-layout-9d6595d7 wp-block-columns-is-layout-flex\"> <div class=\"wp-block-column is-layout-flow wp-block-column-is-layout-flow\"> <p class=\"has-text-align-center translation-block\"><strong><mark class=\"has-inline-color has-luminous-vivid-amber-color\">V\u1eadt li\u1ec7u an to\u00e0n v\u00e0 b\u1ec1n<\/mark><\/strong><\/p>    <p>To\u00e0n b\u1ed9 l\u00e0m b\u1eb1ng th\u00e9p kh\u00f4ng g\u1ec9 c\u1ea5p th\u1ef1c ph\u1ea9m 304. \u0110\u00e1p \u1ee9ng ti\u00eau chu\u1ea9n v\u1ec7 sinh th\u1ef1c ph\u1ea9m, ch\u1ed1ng \u0103n m\u00f2n, d\u1ec5 l\u00e0m s\u1ea1ch, gi\u1ea3m d\u01b0 l\u01b0\u1ee3ng th\u1ecbt v\u00e0 s\u1ef1 ph\u00e1t tri\u1ec3n c\u1ee7a vi khu\u1ea9n, k\u00e9o d\u00e0i tu\u1ed5i th\u1ecd. L\u00fd t\u01b0\u1edfng cho s\u1ea3n xu\u1ea5t c\u00f4ng nghi\u1ec7p t\u1ea7n su\u1ea5t cao.<\/p> <\/div>    <div class=\"wp-block-column is-layout-flow wp-block-column-is-layout-flow\"> <p class=\"has-text-align-center translation-block\"><strong><mark class=\"has-inline-color has-luminous-vivid-amber-color\">Hi\u1ec7u qu\u1ea3 cao v\u00e0 ti\u1ebft ki\u1ec7m n\u0103ng l\u01b0\u1ee3ng<\/mark><\/strong><\/p>    <p>Hai m\u1eabu v\u1edbi c\u00f4ng su\u1ea5t 500\u202fkg\/h v\u00e0 800\u20131000\u202fkg\/h, ti\u00eau th\u1ee5 ch\u1ec9 750\u202fW v\u00e0 1500\u202fW t\u01b0\u01a1ng \u1ee9ng. H\u1ed7 tr\u1ee3 ho\u1ea1t \u0111\u1ed9ng li\u00ean t\u1ee5c 24 gi\u1edd, mang l\u1ea1i n\u0103ng su\u1ea5t cao trong khi ti\u1ebft ki\u1ec7m n\u0103ng l\u01b0\u1ee3ng.<\/p> <\/div> <\/div>    <div class=\"wp-block-columns is-layout-flex wp-container-core-columns-is-layout-9d6595d7 wp-block-columns-is-layout-flex\"> <div class=\"wp-block-column is-layout-flow wp-block-column-is-layout-flow\"> <p class=\"has-text-align-center translation-block\"><strong><mark class=\"has-inline-color has-luminous-vivid-amber-color\">V\u1eadn h\u00e0nh linh ho\u1ea1t<\/mark><\/strong><\/p>    <p>Kho\u1ea3ng c\u00e1ch l\u01b0\u1ee1i dao c\u00f3 th\u1ec3 \u0111i\u1ec1u ch\u1ec9nh. \u0110\u1ed9 d\u00e0y l\u00e1t c\u1eaft c\u00f3 th\u1ec3 ki\u1ec3m so\u00e1t ch\u00ednh x\u00e1c. D\u1ec5 d\u00e0ng thi\u1ebft l\u1eadp v\u00e0 v\u1eadn h\u00e0nh m\u00e0 kh\u00f4ng c\u1ea7n nh\u00e2n vi\u00ean chuy\u00ean m\u00f4n. Ph\u00f9 h\u1ee3p cho c\u00e1c nh\u00e0 m\u00e1y ch\u1ebf bi\u1ebfn th\u1ecbt v\u00e0 d\u1ecbch v\u1ee5 \u0103n u\u1ed1ng quy m\u00f4 l\u1edbn.<\/p> <\/div>    <div class=\"wp-block-column is-layout-flow wp-block-column-is-layout-flow\"> <p class=\"has-text-align-center translation-block\"><strong><mark class=\"has-inline-color has-luminous-vivid-amber-color\">C\u1ea5u tr\u00fac nh\u1ecf g\u1ecdn v\u00e0 d\u1ec5 b\u1ea3o tr\u00ec<\/mark><\/strong><\/p>    <p>Thi\u1ebft k\u1ebf ti\u1ebft ki\u1ec7m kh\u00f4ng gian. C\u00e1c th\u00e0nh ph\u1ea7n m\u00f4-\u0111un cho ph\u00e9p th\u00e1o r\u1eddi v\u00e0 l\u00e0m s\u1ea1ch d\u1ec5 d\u00e0ng, gi\u1ea3m chi ph\u00ed b\u1ea3o tr\u00ec v\u00e0 th\u1eddi gian ch\u1ebft.<\/p> <\/div> <\/div>    <div class=\"wp-block-columns is-layout-flex wp-container-core-columns-is-layout-9d6595d7 wp-block-columns-is-layout-flex\"> <div class=\"wp-block-column is-layout-flow wp-block-column-is-layout-flow\"> <p class=\"has-text-align-center translation-block\"><strong><mark class=\"has-inline-color has-luminous-vivid-amber-color\">V\u1eadn h\u00e0nh \u1ed5n \u0111\u1ecbnh v\u00e0 an to\u00e0n<\/mark><\/strong><\/p>    <p>H\u1ec7 truy\u1ec1n \u0111\u1ed9ng c\u01a1 kh\u00ed tr\u01b0\u1edfng th\u00e0nh \u0111\u1ea3m b\u1ea3o ho\u1ea1t \u0111\u1ed9ng tr\u01a1n tru, \u00eam \u00e1i. Nhi\u1ec1u bi\u1ec7n ph\u00e1p b\u1ea3o v\u1ec7 an to\u00e0n \u0111\u1ea3m b\u1ea3o an to\u00e0n cho ng\u01b0\u1eddi v\u1eadn h\u00e0nh.<\/p> <\/div>    <div class=\"wp-block-column is-layout-flow wp-block-column-is-layout-flow\"> <p class=\"has-text-align-center translation-block\"><strong><mark class=\"has-inline-color has-luminous-vivid-amber-color\">Hi\u1ec7u qu\u1ea3 cao v\u00e0 ti\u1ebft ki\u1ec7m n\u0103ng l\u01b0\u1ee3ng<\/mark><\/strong><\/p>    <p>M\u00e1y c\u1eaft th\u1ecbt t\u01b0\u01a1i l\u1edbn cung c\u1ea5p n\u0103ng su\u1ea5t cao v\u1edbi ti\u00eau th\u1ee5 \u0111i\u1ec7n n\u0103ng th\u1ea5p, h\u1ed7 tr\u1ee3 ho\u1ea1t \u0111\u1ed9ng li\u00ean t\u1ee5c 24 gi\u1edd, t\u1ed1i \u0111a h\u00f3a n\u0103ng su\u1ea5t trong khi gi\u1ea3m chi ph\u00ed n\u0103ng l\u01b0\u1ee3ng.<\/p> <\/div> <\/div>   <div class=\"wp-block-image\"> <figure class=\"aligncenter size-full\"><img loading=\"lazy\" decoding=\"async\" width=\"720\" height=\"540\" src=\"https:\/\/www.meatprocessingmachine.org\/wp-content\/uploads\/2026\/02\/Industrial-Fresh-Meat-Slicer.webp\" alt=\"M\u00e1y c\u1eaft th\u1ecbt t\u01b0\u01a1i c\u00f4ng nghi\u1ec7p\" class=\"wp-image-34830\" title=\"\" srcset=\"https:\/\/www.meatprocessingmachine.org\/wp-content\/uploads\/2026\/02\/Industrial-Fresh-Meat-Slicer.webp 720w, https:\/\/www.meatprocessingmachine.org\/wp-content\/uploads\/2026\/02\/Industrial-Fresh-Meat-Slicer-300x225.webp 300w, https:\/\/www.meatprocessingmachine.org\/wp-content\/uploads\/2026\/02\/Industrial-Fresh-Meat-Slicer-16x12.webp 16w\" sizes=\"auto, (max-width: 720px) 100vw, 720px\" \/><figcaption class=\"wp-element-caption\">M\u00e1y c\u1eaft th\u1ecbt t\u01b0\u01a1i c\u00f4ng nghi\u1ec7p<\/figcaption><\/figure> <\/div>   <h2 class=\"wp-block-heading\">Technical Specifications &#8211; Large Fresh Meat Slicer<\/h2>    <figure class=\"wp-block-table\"><table class=\"has-fixed-layout\"><thead><tr><th>M\u1eabu m\u00e3<\/th><th>CY-QP180<\/th><th>CY-QP200<\/th><\/tr><\/thead><tbody><tr><td>K\u00edch th\u01b0\u1edbc (D\u00e0i\u00d7R\u1ed9ng\u00d7Cao mm)<\/td><td>430 \u00d7 533 \u00d7 860<\/td><td>490 \u00d7 600 \u00d7 1025<\/td><\/tr><tr><td>K\u00edch th\u01b0\u1edbc \u0111\u00f3ng g\u00f3i (mm)<\/td><td>587 \u00d7 490 \u00d7 1028<\/td><td>565 \u00d7 685 \u00d7 1210<\/td><\/tr><tr><td>\u0110i\u1ec7n \u00e1p \/ T\u1ea7n s\u1ed1<\/td><td>220\/380\u202fV 50\u202fHz<\/td><td>220\/380\u202fV 50\u202fHz<\/td><\/tr><tr><td>C\u00f4ng su\u1ea5t<\/td><td>500\u202fkg\/h<\/td><td>800\u20131000\u202fkg\/h<\/td><\/tr><tr><td>C\u00f4ng su\u1ea5t<\/td><td>750\u202fW<\/td><td>1500\u202fW<\/td><\/tr><tr><td>Tr\u1ecdng l\u01b0\u1ee3ng t\u1ecbnh<\/td><td>70\u202fkg<\/td><td>90\u202fkg<\/td><\/tr><tr><td>Tr\u1ecdng l\u01b0\u1ee3ng t\u1ed5ng<\/td><td>91.5\u202fkg<\/td><td>115\u202fkg<\/td><\/tr><tr><td>\u0110\u1ed9 d\u00e0y l\u00e1t c\u1eaft<\/td><td>2\u201330\u202fmm<\/td><td>2\u201330\u202fmm<\/td><\/tr><\/tbody><\/table><\/figure>    <ul class=\"wp-block-list\"> <li><strong>CY-QP180<\/strong>: C\u00f4ng su\u1ea5t 500\u202fkg\/h, c\u00f4ng su\u1ea5t 750\u202fW, k\u00edch th\u01b0\u1edbc nh\u1ecf g\u1ecdn, ph\u00f9 h\u1ee3p cho c\u00e1c c\u01a1 s\u1edf ch\u1ebf bi\u1ebfn nh\u1ecf \u0111\u1ebfn trung b\u00ecnh.<\/li>    <li><strong>CY-QP200<\/strong>: C\u00f4ng su\u1ea5t 800\u20131000\u202fkg\/h, c\u00f4ng su\u1ea5t 1500\u202fW, th\u00e2n m\u00e1y l\u1edbn h\u01a1n, ph\u00f9 h\u1ee3p cho nhu c\u1ea7u ch\u1ebf bi\u1ebfn s\u1ed1 l\u01b0\u1ee3ng l\u1edbn.<\/li>    <li><strong>C\u00e1c t\u00ednh n\u0103ng ph\u1ed5 bi\u1ebfn<\/strong>: \u0110\u1ed9 d\u00e0y l\u00e1t c\u1eaft \u0111i\u1ec1u ch\u1ec9nh 2\u201330\u202fmm, c\u00f9ng v\u1eadt li\u1ec7u v\u00e0 ch\u1ee9c n\u0103ng; \u0111i\u1ec3m kh\u00e1c bi\u1ec7t ch\u00ednh l\u00e0 c\u00f4ng su\u1ea5t, k\u00edch th\u01b0\u1edbc v\u00e0 ki\u1ec3u d\u00e1ng.<\/li> <\/ul>    <figure class=\"wp-block-gallery has-nested-images columns-default is-cropped wp-block-gallery-3 is-layout-flex wp-block-gallery-is-layout-flex\"> <figure class=\"wp-block-image size-large\"><img loading=\"lazy\" decoding=\"async\" width=\"720\" height=\"540\" data-id=\"34829\" src=\"https:\/\/www.meatprocessingmachine.org\/wp-content\/uploads\/2026\/02\/Commercial-Meat-Sliceing-Machine.webp\" alt=\"M\u00e1y c\u1eaft th\u1ecbt gia s\u00fac th\u01b0\u01a1ng m\u1ea1i\" class=\"wp-image-34829\" title=\"\" srcset=\"https:\/\/www.meatprocessingmachine.org\/wp-content\/uploads\/2026\/02\/Commercial-Meat-Sliceing-Machine.webp 720w, https:\/\/www.meatprocessingmachine.org\/wp-content\/uploads\/2026\/02\/Commercial-Meat-Sliceing-Machine-300x225.webp 300w, https:\/\/www.meatprocessingmachine.org\/wp-content\/uploads\/2026\/02\/Commercial-Meat-Sliceing-Machine-16x12.webp 16w\" sizes=\"auto, (max-width: 720px) 100vw, 720px\" \/><figcaption class=\"wp-element-caption\">M\u00e1y c\u1eaft th\u1ecbt gia s\u00fac th\u01b0\u01a1ng m\u1ea1i<\/figcaption><\/figure>    <figure class=\"wp-block-image size-large\"><img loading=\"lazy\" decoding=\"async\" width=\"720\" height=\"540\" data-id=\"34828\" src=\"https:\/\/www.meatprocessingmachine.org\/wp-content\/uploads\/2026\/02\/Automatic-Large-Meat-Slicer-for-Fresh-or-Frozen-Meat.webp\" alt=\"M\u00e1y c\u1eaft th\u1ecbt l\u1edbn t\u1ef1 \u0111\u1ed9ng cho th\u1ecbt t\u01b0\u01a1i ho\u1eb7c \u0111\u00f4ng l\u1ea1nh\" class=\"wp-image-34828\" title=\"\" srcset=\"https:\/\/www.meatprocessingmachine.org\/wp-content\/uploads\/2026\/02\/Automatic-Large-Meat-Slicer-for-Fresh-or-Frozen-Meat.webp 720w, https:\/\/www.meatprocessingmachine.org\/wp-content\/uploads\/2026\/02\/Automatic-Large-Meat-Slicer-for-Fresh-or-Frozen-Meat-300x225.webp 300w, https:\/\/www.meatprocessingmachine.org\/wp-content\/uploads\/2026\/02\/Automatic-Large-Meat-Slicer-for-Fresh-or-Frozen-Meat-16x12.webp 16w\" sizes=\"auto, (max-width: 720px) 100vw, 720px\" \/><figcaption class=\"wp-element-caption\">M\u00e1y c\u1eaft th\u1ecbt l\u1edbn t\u1ef1 \u0111\u1ed9ng cho th\u1ecbt t\u01b0\u01a1i ho\u1eb7c \u0111\u00f4ng l\u1ea1nh<\/figcaption><\/figure> <\/figure>    <h2 class=\"wp-block-heading\">T\u1ea1i sao ch\u1ecdn Taizy?<\/h2>    <p>Taizy cam k\u1ebft cung c\u1ea5p thi\u1ebft b\u1ecb ch\u1ebf bi\u1ebfn th\u1ef1c ph\u1ea9m ch\u1ea5t l\u01b0\u1ee3ng cao v\u00e0 \u0111\u00e1ng tin c\u1eady. C\u00e1c \u01b0u \u0111i\u1ec3m c\u1ee7a m\u00e1y c\u1eaft th\u1ecbt t\u01b0\u01a1i l\u1edbn bao g\u1ed3m:<\/p>    <p class=\"translation-block\"><strong>Ch\u1ee9ng nh\u1eadn qu\u1ed1c t\u1ebf<\/strong><\/p>    <ul class=\"wp-block-list\"> <li>Ch\u1ee9ng nh\u1eadn v\u1edbi <strong>ISO9001, CE, SGS, v\u00e0 TUV<\/strong>, \u0111\u00e1p \u1ee9ng c\u00e1c ti\u00eau chu\u1ea9n an to\u00e0n th\u1ef1c ph\u1ea9m to\u00e0n c\u1ea7u.<\/li> <\/ul>    <p class=\"translation-block\"><strong>B\u1ea3o h\u00e0nh m\u1ed9t n\u0103m<\/strong><\/p>    <ul class=\"wp-block-list\"> <li>\u0110\u1ea3m b\u1ea3o hi\u1ec7u su\u1ea5t \u0111\u00e1ng tin c\u1eady v\u00e0 \u0111\u1ed9 \u1ed5n \u0111\u1ecbnh l\u00e2u d\u00e0i c\u1ee7a thi\u1ebft b\u1ecb.<\/li> <\/ul>    <p class=\"translation-block\"><strong>D\u1ecbch v\u1ee5 h\u1eadu m\u00e3i to\u00e0n di\u1ec7n<\/strong><\/p>    <ul class=\"wp-block-list\"> <li>Bao g\u1ed3m h\u01b0\u1edbng d\u1eabn l\u1eafp \u0111\u1eb7t chi ti\u1ebft, h\u01b0\u1edbng d\u1eabn c\u00e0i \u0111\u1eb7t t\u1eeb xa v\u00e0 h\u1ed7 tr\u1ee3 k\u1ef9 thu\u1eadt t\u1ea1i ch\u1ed7 n\u1ebfu c\u1ea7n.<\/li> <\/ul>    <p class=\"translation-block\"><strong>B\u1ec1n b\u1ec9 v\u00e0 an to\u00e0n<\/strong><\/p>    <ul class=\"wp-block-list\"> <li>\u0110\u01b0\u1ee3c thi\u1ebft k\u1ebf \u0111\u1ec3 \u0111\u00e1p \u1ee9ng t\u1ea5t c\u1ea3 c\u00e1c ti\u00eau chu\u1ea9n an to\u00e0n v\u00e0 v\u1ec7 sinh th\u1ef1c ph\u1ea9m, \u0111\u1ea3m b\u1ea3o qu\u00e1 tr\u00ecnh ch\u1ebf bi\u1ebfn th\u1ecbt c\u00f4ng nghi\u1ec7p hi\u1ec7u qu\u1ea3 v\u00e0 an to\u00e0n.<\/li> <\/ul>   <div class=\"wp-block-image\"> <figure class=\"aligncenter size-full\"><img loading=\"lazy\" decoding=\"async\" width=\"720\" height=\"540\" src=\"https:\/\/www.meatprocessingmachine.org\/wp-content\/uploads\/2026\/02\/Meat-Slicing-Machine-2.webp\" alt=\"M\u00e1y c\u1eaft th\u1ecbt\" class=\"wp-image-34834\" title=\"\" srcset=\"https:\/\/www.meatprocessingmachine.org\/wp-content\/uploads\/2026\/02\/Meat-Slicing-Machine-2.webp 720w, https:\/\/www.meatprocessingmachine.org\/wp-content\/uploads\/2026\/02\/Meat-Slicing-Machine-2-300x225.webp 300w, https:\/\/www.meatprocessingmachine.org\/wp-content\/uploads\/2026\/02\/Meat-Slicing-Machine-2-16x12.webp 16w\" sizes=\"auto, (max-width: 720px) 100vw, 720px\" \/><figcaption class=\"wp-element-caption\">M\u00e1y c\u1eaft th\u1ecbt<\/figcaption><\/figure> <\/div>   <h2 class=\"wp-block-heading\">G\u1ee3i \u00fd s\u1ea3n ph\u1ea9m li\u00ean quan<\/h2>    <p class=\"translation-block\">N\u1ebfu b\u1ea1n c\u1ea7n m\u1ed9t m\u00e1y c\u1eaft th\u1ecbt t\u01b0\u01a1i c\u00f3 c\u00f4ng su\u1ea5t nh\u1ecf h\u01a1n , vui l\u00f2ng li\u00ean h\u1ec7 v\u1edbi ch\u00fang t\u00f4i \u0111\u1ec3 bi\u1ebft th\u00eam c\u00e1c l\u1ef1a ch\u1ecdn. Ch\u00fang t\u00f4i cung c\u1ea5p nhi\u1ec1u m\u1eabu m\u00e3 \u0111\u1ec3 \u0111\u00e1p \u1ee9ng c\u00e1c nhu c\u1ea7u s\u1ea3n xu\u1ea5t kh\u00e1c nhau.<\/p>   <div class=\"wp-block-image\"> <figure class=\"aligncenter size-full\"><img loading=\"lazy\" decoding=\"async\" width=\"720\" height=\"540\" src=\"https:\/\/www.meatprocessingmachine.org\/wp-content\/uploads\/2026\/02\/Meat-Slicing-Machine.webp\" alt=\"M\u00e1y c\u1eaft th\u1ecbt\" class=\"wp-image-34650\" title=\"\" srcset=\"https:\/\/www.meatprocessingmachine.org\/wp-content\/uploads\/2026\/02\/Meat-Slicing-Machine.webp 720w, https:\/\/www.meatprocessingmachine.org\/wp-content\/uploads\/2026\/02\/Meat-Slicing-Machine-300x225.webp 300w, https:\/\/www.meatprocessingmachine.org\/wp-content\/uploads\/2026\/02\/Meat-Slicing-Machine-16x12.webp 16w\" sizes=\"auto, (max-width: 720px) 100vw, 720px\" \/><figcaption class=\"wp-element-caption\">M\u00e1y c\u1eaft th\u1ecbt<\/figcaption><\/figure> <\/div>   <p>T\u1ea5t c\u1ea3 c\u00e1c m\u00e1y c\u1ee7a ch\u00fang t\u00f4i h\u1ed7 tr\u1ee3 t\u00f9y ch\u1ec9nh, bao g\u1ed3m \u0111i\u1ec7n \u00e1p, lo\u1ea1i ph\u00edch c\u1eafm, y\u00eau c\u1ea7u v\u1ec1 v\u1eadt li\u1ec7u v\u00e0 c\u00e1c th\u00f4ng s\u1ed1 k\u1ef9 thu\u1eadt kh\u00e1c. Ch\u00e0o m\u1eebng li\u00ean h\u1ec7 v\u1edbi ch\u00fang t\u00f4i \u0111\u1ec3 nh\u1eadn \u0111\u01b0\u1ee3c c\u00e1c \u0111\u1ec1 xu\u1ea5t chuy\u00ean nghi\u1ec7p v\u00e0 gi\u1ea3i ph\u00e1p t\u00f9y ch\u1ec9nh.<\/p>    <p><\/p>","protected":false},"excerpt":{"rendered":"<p>The large fresh meat slicer is an industrial-grade food processing machine designed for efficiently slicing fresh meat into uniform thickness.<\/p>","protected":false},"author":1,"featured_media":34835,"parent":0,"template":"","product-type":[582,583,589],"class_list":["post-34827","product","type-product","status-publish","has-post-thumbnail","hentry","product-type-cattle-sheep","product-type-chicken-turkey","product-type-meat-cutting-machine"],"_links":{"self":[{"href":"https:\/\/www.meatprocessingmachine.org\/vi\/wp-json\/wp\/v2\/product\/34827","targetHints":{"allow":["GET"]}}],"collection":[{"href":"https:\/\/www.meatprocessingmachine.org\/vi\/wp-json\/wp\/v2\/product"}],"about":[{"href":"https:\/\/www.meatprocessingmachine.org\/vi\/wp-json\/wp\/v2\/types\/product"}],"author":[{"embeddable":true,"href":"https:\/\/www.meatprocessingmachine.org\/vi\/wp-json\/wp\/v2\/users\/1"}],"wp:featuredmedia":[{"embeddable":true,"href":"https:\/\/www.meatprocessingmachine.org\/vi\/wp-json\/wp\/v2\/media\/34835"}],"wp:attachment":[{"href":"https:\/\/www.meatprocessingmachine.org\/vi\/wp-json\/wp\/v2\/media?parent=34827"}],"wp:term":[{"taxonomy":"product-type","embeddable":true,"href":"https:\/\/www.meatprocessingmachine.org\/vi\/wp-json\/wp\/v2\/product-type?post=34827"}],"curies":[{"name":"wp","href":"https:\/\/api.w.org\/{rel}","templated":true}]}}