{"id":764,"date":"2020-06-22T06:39:37","date_gmt":"2020-06-21T22:39:37","guid":{"rendered":"http:\/\/www.meatprocessingmachine.org\/?p=764"},"modified":"2026-02-12T16:40:44","modified_gmt":"2026-02-12T08:40:44","slug":"vacuum-stuffing-machine","status":"publish","type":"product","link":"https:\/\/www.meatprocessingmachine.org\/vi\/vacuum-stuffing-machine.html","title":{"rendered":"th\u1ecbt \u0111\u00f4ng l\u1ea1nh"},"content":{"rendered":"<div class=\"kk-star-ratings kksr-auto kksr-align-right kksr-valign-top\"     data-payload='{&quot;align&quot;:&quot;right&quot;,&quot;id&quot;:&quot;764&quot;,&quot;slug&quot;:&quot;default&quot;,&quot;valign&quot;:&quot;top&quot;,&quot;ignore&quot;:&quot;&quot;,&quot;reference&quot;:&quot;auto&quot;,&quot;class&quot;:&quot;&quot;,&quot;count&quot;:&quot;0&quot;,&quot;legendonly&quot;:&quot;&quot;,&quot;readonly&quot;:&quot;&quot;,&quot;score&quot;:&quot;0&quot;,&quot;starsonly&quot;:&quot;&quot;,&quot;best&quot;:&quot;5&quot;,&quot;gap&quot;:&quot;5&quot;,&quot;greet&quot;:&quot;Rate this product&quot;,&quot;legend&quot;:&quot;0\\\/5 - (0 b\u00ecnh ch\u1ecdn)&quot;,&quot;size&quot;:&quot;24&quot;,&quot;title&quot;:&quot;Vacuum Stuffing Machine&quot;,&quot;width&quot;:&quot;0&quot;,&quot;_legend&quot;:&quot;{score}\\\/{best} - ({count} {votes})&quot;,&quot;font_factor&quot;:&quot;1.25&quot;}'>              <div class=\"kksr-stars\">      <div class=\"kksr-stars-inactive\">             <div class=\"kksr-star\" data-star=\"1\" style=\"padding-right: 5px\">               <div class=\"kksr-icon\" style=\"width: 24px; height: 24px;\"><\/div>         <\/div>             <div class=\"kksr-star\" data-star=\"2\" style=\"padding-right: 5px\">               <div class=\"kksr-icon\" style=\"width: 24px; height: 24px;\"><\/div>         <\/div>             <div class=\"kksr-star\" data-star=\"3\" style=\"padding-right: 5px\">               <div class=\"kksr-icon\" style=\"width: 24px; height: 24px;\"><\/div>         <\/div>             <div class=\"kksr-star\" data-star=\"4\" style=\"padding-right: 5px\">               <div class=\"kksr-icon\" style=\"width: 24px; height: 24px;\"><\/div>         <\/div>             <div class=\"kksr-star\" data-star=\"5\" style=\"padding-right: 5px\">               <div class=\"kksr-icon\" style=\"width: 24px; height: 24px;\"><\/div>         <\/div>     <\/div>      <div class=\"kksr-stars-active\" style=\"width: 0px;\">             <div class=\"kksr-star\" style=\"padding-right: 5px\">               <div class=\"kksr-icon\" style=\"width: 24px; height: 24px;\"><\/div>         <\/div>             <div class=\"kksr-star\" style=\"padding-right: 5px\">               <div class=\"kksr-icon\" style=\"width: 24px; height: 24px;\"><\/div>         <\/div>             <div class=\"kksr-star\" style=\"padding-right: 5px\">               <div class=\"kksr-icon\" style=\"width: 24px; height: 24px;\"><\/div>         <\/div>             <div class=\"kksr-star\" style=\"padding-right: 5px\">               <div class=\"kksr-icon\" style=\"width: 24px; height: 24px;\"><\/div>         <\/div>             <div class=\"kksr-star\" style=\"padding-right: 5px\">               <div class=\"kksr-icon\" style=\"width: 24px; height: 24px;\"><\/div>         <\/div>     <\/div> <\/div>                   <div class=\"kksr-legend\" style=\"font-size: 19.2px;\">             <span class=\"kksr-muted\">\u0110\u00e1nh gi\u00e1 s\u1ea3n ph\u1ea9m n\u00e0y<\/span>     <\/div>     <\/div>  <p>M\u00e1y nh\u1ed3i ch\u00e2n kh\u00f4ng l\u00e0 thi\u1ebft b\u1ecb c\u1ea7n thi\u1ebft \u0111\u1ec3 tr\u1ed9n, hi\u1ec7u qu\u1ea3 cao v\u00e0 d\u1ec5 v\u1eadn h\u00e0nh. \u0110\u00e2y l\u00e0 l\u1ef1a ch\u1ecdn h\u00e0ng \u0111\u1ea7u \u0111\u1ec3 l\u00e0m c\u00e1c s\u1ea3n ph\u1ea9m ru\u1ed9t gi\u00e0 kh\u00f4, s\u1ea3n ph\u1ea9m ru\u1ed9t h\u1ed7n h\u1ee3p d\u1ea1ng h\u1ea1t v\u00e0 b\u00f9n, c\u0169ng nh\u01b0 c\u00e1c s\u1ea3n ph\u1ea9m vi\u00ean, v\u00e0 l\u00e0 thi\u1ebft b\u1ecb t\u00f9y ch\u1ecdn \u0111\u1ec3 s\u1ea3n xu\u1ea5t b\u00e1nh bao v\u00e0 ho\u00e0nh th\u00e1nh.<\/p>    <figure class=\"wp-block-image size-large\"><img loading=\"lazy\" decoding=\"async\" width=\"750\" height=\"750\" src=\"http:\/\/www.meatprocessingmachine.org\/wp-content\/uploads\/2020\/06\/vacuum-stuffing-machine-1-1.jpg\" alt=\"\" class=\"wp-image-768\" title=\"\" srcset=\"https:\/\/www.meatprocessingmachine.org\/wp-content\/uploads\/2020\/06\/vacuum-stuffing-machine-1-1.jpg 750w, https:\/\/www.meatprocessingmachine.org\/wp-content\/uploads\/2020\/06\/vacuum-stuffing-machine-1-1-300x300.jpg 300w, https:\/\/www.meatprocessingmachine.org\/wp-content\/uploads\/2020\/06\/vacuum-stuffing-machine-1-1-150x150.jpg 150w\" sizes=\"auto, (max-width: 750px) 100vw, 750px\" \/><figcaption><\/figcaption><\/figure>    <h2 class=\"wp-block-heading\" id=\"h-features-of-vacuum-stuffing-machine\">\u01afu \u0111i\u1ec3m c\u1ee7a M\u00e1y Nh\u1ed3i Kh\u00f4ng Kh\u00ed<\/h2>    <p>1. \u00c1p d\u1ee5ng c\u1ea5u tr\u00fac song song hai chi\u1ec1u \u0111\u1ec3 l\u00e0m cho c\u00e1c lo\u1ea1i v\u1eadt li\u1ec7u khu\u1ea5y \u0111\u1ec1u h\u01a1n<\/p>    <figure class=\"wp-block-image size-large\"><img loading=\"lazy\" decoding=\"async\" width=\"550\" height=\"366\" src=\"http:\/\/www.meatprocessingmachine.org\/wp-content\/uploads\/2020\/06\/vacuum-stuffing-machine-2.jpg\" alt=\"\" class=\"wp-image-766\" title=\"\" srcset=\"https:\/\/www.meatprocessingmachine.org\/wp-content\/uploads\/2020\/06\/vacuum-stuffing-machine-2.jpg 550w, https:\/\/www.meatprocessingmachine.org\/wp-content\/uploads\/2020\/06\/vacuum-stuffing-machine-2-300x200.jpg 300w\" sizes=\"auto, (max-width: 550px) 100vw, 550px\" \/><figcaption><\/figcaption><\/figure>    <h2 class=\"wp-block-heading\" id=\"h-advantages-of-vacuum-stuffing-machine\">Th\u00f4ng s\u1ed1 k\u1ef9 thu\u1eadt c\u1ee7a m\u00e1y nh\u1ed3i ch\u00e2n kh\u00f4ng<\/h2>    <p>3. T\u1ea5t c\u1ea3 c\u00e1c thi\u1ebft b\u1ecb ni\u00eam phong ch\u00e2n kh\u00f4ng \u0111\u1ec1u s\u1eed d\u1ee5ng c\u00e1c v\u00f2ng \u0111\u1ec7m ch\u1ea5t l\u01b0\u1ee3ng cao ph\u00f9 h\u1ee3p ti\u00eau chu\u1ea9n v\u1ec7 sinh.<\/p>    <p>4. Trong tr\u1ea1ng th\u00e1i ch\u00e2n kh\u00f4ng, nh\u00e2n \u0111\u01b0\u1ee3c khu\u1ea5y \u0111\u1ec1u, m\u1edf r\u1ed9ng t\u1ed1i \u0111a, \u0111\u00e0n h\u1ed3i t\u1ed1t v\u00e0 m\u00e0u s\u1eafc s\u00e1ng b\u00f3ng.<\/p>    <p>5. Vi\u1ec7c ni\u00eam phong n\u1eafp tr\u00ean v\u00e0 c\u1eeda x\u1ea3 \u0111\u01b0\u1ee3c l\u00e0m b\u1eb1ng d\u1ea3i silicon ch\u1ea5t l\u01b0\u1ee3ng cao, d\u1ec5 v\u1eadn h\u00e0nh, \u0111\u00e1ng tin c\u1eady v\u00e0 b\u1ec1n b\u1ec9.<\/p>    <p>6. M\u00e1y s\u1eed d\u1ee5ng th\u00e9p kh\u00f4ng g\u1ec9 ch\u1ea5t l\u01b0\u1ee3ng cao, d\u1ec5 v\u1ec7 sinh v\u00e0 \u0111\u1eb9p m\u1eaft. Ph\u00f9 h\u1ee3p v\u1edbi ti\u00eau chu\u1ea9n v\u1ec7 sinh qu\u1ed1c gia.<\/p>    <p>Kh\u00f4ng.<\/p>    <p>C\u00f4ng su\u1ea5t\/kg<\/p>    <figure class=\"wp-block-image size-large\"><img loading=\"lazy\" decoding=\"async\" width=\"550\" height=\"366\" src=\"http:\/\/www.meatprocessingmachine.org\/wp-content\/uploads\/2020\/06\/vacuum-stuffing-machine3.jpg\" alt=\"\" class=\"wp-image-765\" title=\"\" srcset=\"https:\/\/www.meatprocessingmachine.org\/wp-content\/uploads\/2020\/06\/vacuum-stuffing-machine3.jpg 550w, https:\/\/www.meatprocessingmachine.org\/wp-content\/uploads\/2020\/06\/vacuum-stuffing-machine3-300x200.jpg 300w\" sizes=\"auto, (max-width: 550px) 100vw, 550px\" \/><figcaption><\/figcaption><\/figure>    <h2 class=\"wp-block-heading\" id=\"h-technical-parameter-of-vacuum-stuffing-machine\">L\u1eafp \u0111\u1eb7t v\u00e0 ch\u1ea1y th\u1eed m\u00e1y nh\u1ed3i ch\u00e2n kh\u00f4ng<\/h2>    <figure class=\"wp-block-table\"><table><tbody><tr><td>Kh\u00f4ng.<\/td><td>C\u00f4ng su\u1ea5t\/kw<\/td><td>SL-50<\/td><td>SL-100<\/td><td>SL-150<\/td><\/tr><tr><td>30L<\/td><td>50<\/td><td>100<\/td><td>820*380*760<\/td><td>1.1<\/td><\/tr><tr><td>SL-100<\/td><td>100<\/td><td>200<\/td><td>1300*510*910<\/td><td>1.5<\/td><\/tr><tr><td>1. \u0110\u1eb7t m\u00e1y v\u00e0o v\u1ecb tr\u00ed l\u00e0m vi\u1ec7c m\u1ed9t c\u00e1ch tr\u01a1n tru.<\/td><td>150<\/td><td>260<\/td><td>1470*520*910<\/td><td>1.75<\/td><\/tr><tr><td>SL-200<\/td><td>200<\/td><td>300<\/td><td>1550*690*1140<\/td><td>2.2<\/td><\/tr><tr><td>3. B\u1eadt ngu\u1ed3n. N\u1ebfu \u0111\u00e8n ngu\u1ed3n s\u00e1ng, l\u1eafp \u0111\u1eb7t \u0111\u00e3 \u0111\u00fang.<\/td><td>300<\/td><td>350<\/td><td>1630*730*1250<\/td><td>3<\/td><\/tr><\/tbody><\/table><\/figure>    <h2 class=\"wp-block-heading\" id=\"h-installation-and-debugging-of-vacuum-stuffing-machine\">V\u1eadt li\u1ec7u \u0111\u01b0\u1ee3c \u0111\u1eb7t d\u01b0\u1edbi \u00e1p l\u1ef1c \u00e2m b\u1edfi thi\u1ebft b\u1ecb ch\u00e2n kh\u00f4ng. L\u00e0m cho qu\u00e1 tr\u00ecnh logistics m\u1edf r\u1ed9ng t\u1ed1i \u0111a, kh\u00f4ng c\u00f3 bong b\u00f3ng, \u0111\u00e0n h\u1ed3i t\u1ed1t, m\u00e0u s\u1eafc s\u00e1ng b\u00f3ng. V\u00e0 t\u1ed1i \u0111a h\u00f3a vi\u1ec7c chi\u1ebft xu\u1ea5t protein l\u00e0 thi\u1ebft b\u1ecb l\u00fd t\u01b0\u1edfng \u0111\u1ec3 n\u00e2ng cao ch\u1ea5t l\u01b0\u1ee3ng s\u1ea3n ph\u1ea9m.<\/h2>    <p>4. Nh\u1ea5n n\u00fat khu\u1ea5y \u0111\u1ec3 ki\u1ec3m tra xem h\u01b0\u1edbng quay c\u1ee7a m\u00e1y khu\u1ea5y c\u00f3 \u0111\u00fang kh\u00f4ng.<\/p>    <p>5. Ki\u1ec3m tra xem c\u01a1 ch\u1ebf truy\u1ec1n \u0111\u1ed9ng c\u1ee7a m\u00e1y tr\u1ed9n nh\u00e2n c\u00f3 ho\u1ea1t \u0111\u1ed9ng b\u00ecnh th\u01b0\u1eddng kh\u00f4ng v\u00e0 c\u00f3 rung l\u1eafc r\u00f5 r\u00e0ng ho\u1eb7c ti\u1ebfng \u1ed3n b\u1ea5t th\u01b0\u1eddng kh\u00f4ng<\/p>    <p>Chia s\u1ebb y\u00eau th\u01b0\u01a1ng<\/p>    <p>Shuliy<\/p>    <p>C\u00f4ng ty TNHH M\u00e1y m\u00f3c Zhengzhou Taizy ch\u1ee7 y\u1ebfu ho\u1ea1t \u0111\u1ed9ng trong l\u0129nh v\u1ef1c m\u00e1y m\u00f3c ch\u1ebf bi\u1ebfn th\u1ecbt.<\/p>","protected":false},"excerpt":{"rendered":"<p>A vacuum stuffing machine is necessary equipment for mixing, high efficient and easy to operate. It is the first choice for making air-dried intestinal products, granular and muddy mixed intestinal products, and pellet products, as well as the optional equipment for producing dumplings and wontons. Features of vacuum stuffing machine The material is placed under [&hellip;]<\/p>\n","protected":false},"author":1,"featured_media":763,"parent":0,"template":"","product-type":[598],"class_list":["post-764","product","type-product","status-publish","has-post-thumbnail","hentry","product-type-supporting-auxiliary-equipment"],"_links":{"self":[{"href":"https:\/\/www.meatprocessingmachine.org\/vi\/wp-json\/wp\/v2\/product\/764","targetHints":{"allow":["GET"]}}],"collection":[{"href":"https:\/\/www.meatprocessingmachine.org\/vi\/wp-json\/wp\/v2\/product"}],"about":[{"href":"https:\/\/www.meatprocessingmachine.org\/vi\/wp-json\/wp\/v2\/types\/product"}],"author":[{"embeddable":true,"href":"https:\/\/www.meatprocessingmachine.org\/vi\/wp-json\/wp\/v2\/users\/1"}],"wp:featuredmedia":[{"embeddable":true,"href":"https:\/\/www.meatprocessingmachine.org\/vi\/wp-json\/wp\/v2\/media\/763"}],"wp:attachment":[{"href":"https:\/\/www.meatprocessingmachine.org\/vi\/wp-json\/wp\/v2\/media?parent=764"}],"wp:term":[{"taxonomy":"product-type","embeddable":true,"href":"https:\/\/www.meatprocessingmachine.org\/vi\/wp-json\/wp\/v2\/product-type?post=764"}],"curies":[{"name":"wp","href":"https:\/\/api.w.org\/{rel}","templated":true}]}}