{"id":839,"date":"2020-10-29T15:43:39","date_gmt":"2020-10-29T07:43:39","guid":{"rendered":"http:\/\/www.meatprocessingmachine.org\/?p=839"},"modified":"2026-02-12T16:12:05","modified_gmt":"2026-02-12T08:12:05","slug":"sausage-production-line-for-sausage-making","status":"publish","type":"product","link":"https:\/\/www.meatprocessingmachine.org\/vi\/sausage-production-line-for-sausage-making.html","title":{"rendered":"D\u00e2y chuy\u1ec1n s\u1ea3n xu\u1ea5t x\u00fac x\u00edch"},"content":{"rendered":"<div class=\"kk-star-ratings kksr-auto kksr-align-right kksr-valign-top\"     data-payload='{&quot;align&quot;:&quot;right&quot;,&quot;id&quot;:&quot;839&quot;,&quot;slug&quot;:&quot;default&quot;,&quot;valign&quot;:&quot;top&quot;,&quot;ignore&quot;:&quot;&quot;,&quot;reference&quot;:&quot;auto&quot;,&quot;class&quot;:&quot;&quot;,&quot;count&quot;:&quot;0&quot;,&quot;legendonly&quot;:&quot;&quot;,&quot;readonly&quot;:&quot;&quot;,&quot;score&quot;:&quot;0&quot;,&quot;starsonly&quot;:&quot;&quot;,&quot;best&quot;:&quot;5&quot;,&quot;gap&quot;:&quot;5&quot;,&quot;greet&quot;:&quot;Rate this product&quot;,&quot;legend&quot;:&quot;0\\\/5 - (0 b\u00ecnh ch\u1ecdn)&quot;,&quot;size&quot;:&quot;24&quot;,&quot;title&quot;:&quot;Sausage Production Line&quot;,&quot;width&quot;:&quot;0&quot;,&quot;_legend&quot;:&quot;{score}\\\/{best} - ({count} {votes})&quot;,&quot;font_factor&quot;:&quot;1.25&quot;}'>              <div class=\"kksr-stars\">      <div class=\"kksr-stars-inactive\">             <div class=\"kksr-star\" data-star=\"1\" style=\"padding-right: 5px\">               <div class=\"kksr-icon\" style=\"width: 24px; height: 24px;\"><\/div>         <\/div>             <div class=\"kksr-star\" data-star=\"2\" style=\"padding-right: 5px\">               <div class=\"kksr-icon\" style=\"width: 24px; height: 24px;\"><\/div>         <\/div>             <div class=\"kksr-star\" data-star=\"3\" style=\"padding-right: 5px\">               <div class=\"kksr-icon\" style=\"width: 24px; height: 24px;\"><\/div>         <\/div>             <div class=\"kksr-star\" data-star=\"4\" style=\"padding-right: 5px\">               <div class=\"kksr-icon\" style=\"width: 24px; height: 24px;\"><\/div>         <\/div>             <div class=\"kksr-star\" data-star=\"5\" style=\"padding-right: 5px\">               <div class=\"kksr-icon\" style=\"width: 24px; height: 24px;\"><\/div>         <\/div>     <\/div>      <div class=\"kksr-stars-active\" style=\"width: 0px;\">             <div class=\"kksr-star\" style=\"padding-right: 5px\">               <div class=\"kksr-icon\" style=\"width: 24px; height: 24px;\"><\/div>         <\/div>             <div class=\"kksr-star\" style=\"padding-right: 5px\">               <div class=\"kksr-icon\" style=\"width: 24px; height: 24px;\"><\/div>         <\/div>             <div class=\"kksr-star\" style=\"padding-right: 5px\">               <div class=\"kksr-icon\" style=\"width: 24px; height: 24px;\"><\/div>         <\/div>             <div class=\"kksr-star\" style=\"padding-right: 5px\">               <div class=\"kksr-icon\" style=\"width: 24px; height: 24px;\"><\/div>         <\/div>             <div class=\"kksr-star\" style=\"padding-right: 5px\">               <div class=\"kksr-icon\" style=\"width: 24px; height: 24px;\"><\/div>         <\/div>     <\/div> <\/div>                   <div class=\"kksr-legend\" style=\"font-size: 19.2px;\">             <span class=\"kksr-muted\">\u0110\u00e1nh gi\u00e1 s\u1ea3n ph\u1ea9m n\u00e0y<\/span>     <\/div>     <\/div>  <p>D\u00e2y chuy\u1ec1n s\u1ea3n xu\u1ea5t x\u00fac x\u00edch bao g\u1ed3m m\u1ed9t lo\u1ea1t c\u00e1c m\u00e1y l\u00e0m x\u00fac x\u00edch \u0111\u1ec3 s\u1ea3n xu\u1ea5t x\u00fac x\u00edch. N\u00f3 g\u1ed3m m\u00e1y xay th\u1ecbt, m\u00e1y c\u1eaft th\u1ecbt, m\u00e1y tr\u1ed9n ch\u00e2n kh\u00f4ng, m\u00e1y nh\u1ed3i x\u00fac x\u00edch, m\u00e1y hun kh\u00f3i, m\u00e1y \u0111\u00f3ng g\u00f3i ch\u00e2n kh\u00f4ng v\u00e0 c\u00e1c m\u00e1y kh\u00e1c. C\u00e1c m\u00e1y ch\u1ebf bi\u1ebfn x\u00fac x\u00edch n\u00e0y c\u00f3 c\u1ea5u tr\u00fac \u1ed5n \u0111\u1ecbnh v\u00e0 v\u1eadn h\u00e0nh \u0111\u01a1n gi\u1ea3n, l\u00e0 m\u00e1y t\u1ed1t nh\u1ea5t \u0111\u1ec3 s\u1ea3n xu\u1ea5t x\u00fac x\u00edch.<\/p>    <h2 class=\"wp-block-heading\" id=\"h-brief-introduction-of-sausage\">Gi\u1edbi thi\u1ec7u ng\u1eafn v\u1ec1 x\u00fac x\u00edch<\/h2>    <p>X\u00fac x\u00edch l\u00e0 m\u1ed9t c\u00f4ng ngh\u1ec7 s\u1ea3n xu\u1ea5t th\u1ef1c ph\u1ea9m v\u00e0 b\u1ea3o qu\u1ea3n th\u1ecbt r\u1ea5t c\u1ed5 x\u01b0a. N\u00f3 \u0111\u01b0\u1ee3c h\u00ecnh th\u00e0nh b\u1eb1ng c\u00e1ch nh\u1ed3i th\u1ecbt v\u00e0o v\u1ecf c\u1ee7a l\u1ee3n ho\u1eb7c c\u1eebu r\u1ed3i hun kh\u00f3i. X\u00fac x\u00edch hun kh\u00f3i c\u00f3 m\u00e0u \u0111\u1ecf t\u01b0\u01a1i v\u00e0 v\u1ecb \u0111\u1eadm \u0111\u00e0. \u0110\u00e2y l\u00e0 m\u00f3n \u0103n r\u1ea5t ph\u1ed5 bi\u1ebfn.<\/p>    <h2 class=\"wp-block-heading\" id=\"h-types-of-sausages\">C\u00e1c lo\u1ea1i x\u00fac x\u00edch<\/h2>    <p>C\u00f3 hai lo\u1ea1i x\u00fac x\u00edch ph\u1ed5 bi\u1ebfn tr\u00ean th\u1ecb tr\u01b0\u1eddng, m\u1ed9t l\u00e0 x\u00fac x\u00edch nghi\u1ec1n th\u1ecbt v\u00e0 lo\u1ea1i c\u00f2n l\u1ea1i l\u00e0 x\u00fac x\u00edch h\u1ea1t th\u1ecbt.<\/p>    <p>S\u1ef1 kh\u00e1c bi\u1ec7t ch\u00ednh gi\u1eefa hai lo\u1ea1i x\u00fac x\u00edch n\u1eb1m \u1edf nguy\u00ean li\u1ec7u s\u1eed d\u1ee5ng \u0111\u1ec3 l\u00e0m ch\u00fang. X\u00fac x\u00edch th\u00e0nh ph\u1ea9m c\u0169ng kh\u00e1c nhau.<\/p>    <div class=\"wp-block-columns is-layout-flex wp-container-core-columns-is-layout-9d6595d7 wp-block-columns-is-layout-flex\"> <div class=\"wp-block-column is-layout-flow wp-block-column-is-layout-flow\"> <figure class=\"wp-block-image size-large\"><img loading=\"lazy\" decoding=\"async\" width=\"550\" height=\"350\" src=\"http:\/\/www.meatprocessingmachine.org\/wp-content\/uploads\/2020\/10\/mashed-meat-sausage.jpg\" alt=\"mashed meat sausage\" class=\"wp-image-851\" title=\"\" srcset=\"https:\/\/www.meatprocessingmachine.org\/wp-content\/uploads\/2020\/10\/mashed-meat-sausage.jpg 550w, https:\/\/www.meatprocessingmachine.org\/wp-content\/uploads\/2020\/10\/mashed-meat-sausage-300x191.jpg 300w\" sizes=\"auto, (max-width: 550px) 100vw, 550px\" \/><figcaption class=\"wp-element-caption\">X\u00fac x\u00edch th\u1ecbt nghi\u1ec1n<\/figcaption><\/figure> <\/div>    <div class=\"wp-block-column is-layout-flow wp-block-column-is-layout-flow\"> <figure class=\"wp-block-image size-large\"><img loading=\"lazy\" decoding=\"async\" width=\"550\" height=\"350\" src=\"http:\/\/www.meatprocessingmachine.org\/wp-content\/uploads\/2020\/10\/pellets-meat-sausage.png\" alt=\"pellets meat sausage\" class=\"wp-image-852\" title=\"\" srcset=\"https:\/\/www.meatprocessingmachine.org\/wp-content\/uploads\/2020\/10\/pellets-meat-sausage.png 550w, https:\/\/www.meatprocessingmachine.org\/wp-content\/uploads\/2020\/10\/pellets-meat-sausage-300x191.png 300w\" sizes=\"auto, (max-width: 550px) 100vw, 550px\" \/><figcaption class=\"wp-element-caption\">X\u00fac x\u00edch th\u1ecbt vi\u00ean<\/figcaption><\/figure> <\/div> <\/div>    <p>X\u00fac x\u00edch l\u00e0m t\u1eeb vi\u00ean th\u1ecbt c\u1ee9ng h\u01a1n x\u00fac x\u00edch l\u00e0m t\u1eeb th\u1ecbt nghi\u1ec1n. T\u00f9y thu\u1ed9c v\u00e0o nguy\u00ean li\u1ec7u c\u1ee7a hai lo\u1ea1i x\u00fac x\u00edch, m\u00e1y l\u00e0m x\u00fac x\u00edch c\u1ea7n thi\u1ebft cho t\u1eebng lo\u1ea1i c\u0169ng kh\u00e1c nhau.<\/p>    <h2 class=\"wp-block-heading\" id=\"h-sausage-processing-steps\">C\u00e1c b\u01b0\u1edbc ch\u1ebf bi\u1ebfn x\u00fac x\u00edch<\/h2>    <div class=\"wp-block-group\"><div class=\"wp-block-group__inner-container is-layout-flow wp-block-group-is-layout-flow\"><\/div><\/div>    <div class=\"wp-block-group\"><div class=\"wp-block-group__inner-container is-layout-flow wp-block-group-is-layout-flow\"> <div class=\"wp-block-columns is-layout-flex wp-container-core-columns-is-layout-9d6595d7 wp-block-columns-is-layout-flex\"> <div class=\"wp-block-column is-layout-flow wp-block-column-is-layout-flow\"> <figure class=\"wp-block-image size-large\"><img loading=\"lazy\" decoding=\"async\" width=\"720\" height=\"540\" src=\"http:\/\/www.meatprocessingmachine.org\/wp-content\/uploads\/2020\/10\/mashed-sausage-making-machines.jpg\" alt=\"mashed sausage making machines\" class=\"wp-image-843\" title=\"\" srcset=\"https:\/\/www.meatprocessingmachine.org\/wp-content\/uploads\/2020\/10\/mashed-sausage-making-machines.jpg 720w, https:\/\/www.meatprocessingmachine.org\/wp-content\/uploads\/2020\/10\/mashed-sausage-making-machines-300x225.jpg 300w\" sizes=\"auto, (max-width: 720px) 100vw, 720px\" \/><figcaption class=\"wp-element-caption\">M\u00e1y l\u00e0m x\u00fac x\u00edch nghi\u1ec1n th\u1ecbt<\/figcaption><\/figure>    <p style=\"font-size:18px\">C\u00e1c b\u01b0\u1edbc x\u1eed l\u00fd x\u00fac x\u00edch nghi\u1ec1n: xay th\u1ecbt, c\u1eaft th\u1ecbt, tr\u1ed9n th\u1ecbt, nh\u1ed3i, hun kh\u00f3i v\u00e0 \u0111\u00f3ng g\u00f3i.<\/p> <\/div>    <div class=\"wp-block-column is-layout-flow wp-block-column-is-layout-flow\"> <figure class=\"wp-block-image size-large\"><img loading=\"lazy\" decoding=\"async\" width=\"720\" height=\"540\" src=\"http:\/\/www.meatprocessingmachine.org\/wp-content\/uploads\/2020\/10\/meat-pellets-sausage-making-machines.jpg\" alt=\"meat pellets sausage making machines\" class=\"wp-image-844\" title=\"\" srcset=\"https:\/\/www.meatprocessingmachine.org\/wp-content\/uploads\/2020\/10\/meat-pellets-sausage-making-machines.jpg 720w, https:\/\/www.meatprocessingmachine.org\/wp-content\/uploads\/2020\/10\/meat-pellets-sausage-making-machines-300x225.jpg 300w\" sizes=\"auto, (max-width: 720px) 100vw, 720px\" \/><figcaption class=\"wp-element-caption\">M\u00e1y l\u00e0m x\u00fac x\u00edch vi\u00ean th\u1ecbt<\/figcaption><\/figure>    <p style=\"font-size:18px\">C\u00e1c b\u01b0\u1edbc ch\u1ebf bi\u1ebfn x\u00fac x\u00edch vi\u00ean th\u1ecbt: xay th\u1ecbt, tr\u1ed9n th\u1ecbt, nh\u1ed3i, hun kh\u00f3i v\u00e0 \u0111\u00f3ng g\u00f3i.<\/p> <\/div> <\/div> <\/div><\/div>    <p>Quy tr\u00ecnh s\u1ea3n xu\u1ea5t x\u00fac x\u00edch nghi\u1ec1n g\u1ea7n nh\u01b0 t\u01b0\u01a1ng t\u1ef1 nh\u01b0 x\u00fac x\u00edch vi\u00ean n\u00e9n, v\u00e0 x\u00fac x\u00edch nghi\u1ec1n c\u00f3 th\u00eam m\u1ed9t b\u01b0\u1edbc c\u1eaft v\u00e0 tr\u1ed9n nhuy\u1ec5n th\u1ecbt so v\u1edbi x\u00fac x\u00edch vi\u00ean th\u1ecbt. D\u01b0\u1edbi \u0111\u00e2y l\u00e0 v\u00ed d\u1ee5 v\u1ec1 d\u00e2y chuy\u1ec1n s\u1ea3n xu\u1ea5t x\u00fac x\u00edch nghi\u1ec1n \u0111\u1ec3 gi\u1edbi thi\u1ec7u quy tr\u00ecnh s\u1ea3n xu\u1ea5t x\u00fac x\u00edch.<\/p>    <ul class=\"wp-block-list\"> <li><strong>L\u1ef1a ch\u1ecdn nguy\u00ean li\u1ec7u<\/strong> &nbsp;  Nguy\u00ean li\u1ec7u c\u1ee7a x\u00fac x\u00edch n\u00ean ch\u1ecdn t\u1eeb th\u1ecbt l\u1ee3n ho\u1eb7c b\u00f2 \u0111\u1ea1t ti\u00eau chu\u1ea9n.<\/li>    <li><strong>Xay th\u1ecbt&nbsp;&nbsp;<\/strong>      Cho th\u1ecbt \u0111\u00f4ng l\u1ea1nh v\u00e0o m\u00e1y xay th\u1ecbt, m\u00e1y xay th\u1ecbt th\u01b0\u1eddng d\u00f9ng l\u1ed7 6-8mm \u0111\u1ec3 t\u1ea1o th\u00e0nh s\u1ee3i m\u1ecfng.<\/li>    <li><strong>C\u1eaft th\u1ecbt<\/strong> &nbsp;        L\u01b0\u1ee1i dao c\u1ee7a m\u00e1y c\u1eaft th\u1ecbt c\u1eaft th\u1ecbt th\u00e0nh d\u1ea1ng nhuy\u1ec5n \u1edf t\u1ed1c \u0111\u1ed9 cao.<\/li>    <li><strong>Tr\u1ed9n th\u1ecbt ch\u00e2n kh\u00f4ng&nbsp;<\/strong>&nbsp;   Cho th\u1ecbt xay v\u00e0 gia v\u1ecb v\u00e0o m\u00e1y tr\u1ed9n ch\u00e2n kh\u00f4ng v\u00e0 tr\u1ed9n \u0111\u1ec1u. Trong m\u00f4i tr\u01b0\u1eddng ch\u00e2n kh\u00f4ng, gia v\u1ecb s\u1ebd th\u1ea5m v\u00e0o th\u1ecbt t\u1ed1i \u0111a \u0111\u1ec3 \u0111\u1ea3m b\u1ea3o ch\u1ea5t l\u01b0\u1ee3ng th\u1ecbt.<\/li>    <li><strong>N\u1ea1p \u0111\u1ea7y x\u00fac x\u00edch<\/strong> &nbsp;      &nbsp;R\u1eeda s\u1ea1ch th\u00e0nh trong c\u1ee7a v\u1ecf kh\u00f4 \u0111\u00e3 ch\u1ecdn b\u1eb1ng n\u01b0\u1edbc \u1ea5m 30-35\u2103. Sau khi r\u00e1o n\u01b0\u1edbc, d\u00f9ng m\u00e1y nh\u1ed3i x\u00fac x\u00edch ch\u00e2n kh\u00f4ng \u0111\u1ec3 \u0111\u1ed5 th\u1ecbt v\u00e0o v\u1ecf. Khi \u0111\u1ed5 th\u1ecbt, \u0111\u1ea3m b\u1ea3o r\u1eb1ng enema \u0111\u1ea7y, kh\u00f4ng kh\u00ed trong ru\u1ed9t, v\u00e0 hai \u0111\u1ea7u bu\u1ed9c ch\u1eb7t.<\/li>    <li><strong><a href=\"http:\/\/www.meatprocessingmachine.org\/vi\/sausage-binding-tying-machine.html\/\">Bu\u1ed9c x\u00fac x\u00edch<\/a><\/strong>          &nbsp;Trong d\u00e2y chuy\u1ec1n s\u1ea3n xu\u1ea5t x\u00fac x\u00edch, m\u00e1y bu\u1ed9c d\u00e2y \u0111\u01b0\u1ee3c s\u1eed d\u1ee5ng \u0111\u1ec3 bu\u1ed9c x\u00fac x\u00edch th\u00e0nh t\u1eebng \u0111o\u1ea1n. Bu\u1ed9c d\u00e2y theo chi\u1ec1u d\u00e0i c\u1ee5 th\u1ec3 \u0111\u1ec3 \u0111\u1ea3m b\u1ea3o c\u00e2n \u0111\u1ed1i \u0111\u1ec1u \u0111\u1eb7n c\u1ee7a x\u00fac x\u00edch.<\/li>    <li><strong>Hun kh\u00f3i x\u00fac x\u00edch<\/strong>&nbsp;   &nbsp;L\u00f2 hun kh\u00f3i c\u00f3 ch\u1ee9c n\u0103ng n\u01b0\u1edbng, h\u1ea5p v\u00e0 hun kh\u00f3i. N\u00f3 c\u00f3 th\u1ec3 th\u1ef1c hi\u1ec7n t\u1ea5t c\u1ea3 c\u00e1c b\u01b0\u1edbc hun kh\u00f3i x\u00fac x\u00edch. X\u00fac x\u00edch hun kh\u00f3i c\u00f3 th\u00e2n b\u00f3ng s\u00e1ng.<\/li>    <li><strong>\u0110\u00f3ng g\u00f3i ch\u00e2n kh\u00f4ng <\/strong>  &nbsp;Th\u00f4ng th\u01b0\u1eddng, ch\u1ecdn m\u00e1y \u0111\u00f3ng g\u00f3i ch\u00e2n kh\u00f4ng \u0111\u1ec3 \u0111\u00f3ng g\u00f3i x\u00fac x\u00edch. Do \u0111\u00f3, thu\u1eadn ti\u1ec7n cho vi\u1ec7c v\u1eadn chuy\u1ec3n v\u00e0 l\u01b0u tr\u1eef.<\/li> <\/ul>    <h2 class=\"wp-block-heading\" id=\"h-sausage-making-machines-parameters\">Th\u00f4ng s\u1ed1 k\u1ef9 thu\u1eadt m\u00e1y l\u00e0m x\u00fac x\u00edch<\/h2>    <figure class=\"wp-block-table\"><table><tbody><tr><td><strong>S\u1ed1 l\u01b0\u1ee3ng<\/strong><strong><\/strong><\/td><td><strong>T\u00ean<\/strong><strong><\/strong><\/td><td><strong>H\u00ecnh \u1ea3nh<\/strong><strong><\/strong><\/td><td><strong>Th\u00f4ng s\u1ed1<\/strong><strong><\/strong><\/td><\/tr><tr><td>1<\/td><td>M\u00e1y xay th\u1ecbt<\/td><td>&nbsp;         <img loading=\"lazy\" decoding=\"async\" width=\"150\" height=\"95\" class=\"wp-image-845\" style=\"width: 150px;\" src=\"http:\/\/www.meatprocessingmachine.org\/wp-content\/uploads\/2020\/10\/meat-grinding-machine.jpg\" alt=\"meat grinding machine\" title=\"\" srcset=\"https:\/\/www.meatprocessingmachine.org\/wp-content\/uploads\/2020\/10\/meat-grinding-machine.jpg 550w, https:\/\/www.meatprocessingmachine.org\/wp-content\/uploads\/2020\/10\/meat-grinding-machine-300x191.jpg 300w\" sizes=\"auto, (max-width: 150px) 100vw, 150px\" \/>           <\/td><td>C\u00f4ng su\u1ea5t: 500kg\/h<br>C\u00f4ng su\u1ea5t: 3.0kw<br>\u0110i\u1ec7n \u00e1p: 380V\/50Hz<br>K\u00edch th\u01b0\u1edbc: 980*580*940mm<br>Tr\u1ecdng l\u01b0\u1ee3ng: 180kg&nbsp;<\/td><\/tr><tr><td>2<\/td><td>M\u00e1y c\u1eaft th\u1ecbt<\/td><td>&nbsp;<img loading=\"lazy\" decoding=\"async\" width=\"150\" height=\"95\" class=\"wp-image-846\" style=\"width: 150px;\" src=\"http:\/\/www.meatprocessingmachine.org\/wp-content\/uploads\/2020\/10\/meat-cutting-machine.jpg\" alt=\"M\u00e1y c\u1eaft th\u1ecbt t\u01b0\u01a1i l\u1edbn\" title=\"\" srcset=\"https:\/\/www.meatprocessingmachine.org\/wp-content\/uploads\/2020\/10\/meat-cutting-machine.jpg 550w, https:\/\/www.meatprocessingmachine.org\/wp-content\/uploads\/2020\/10\/meat-cutting-machine-300x191.jpg 300w\" sizes=\"auto, (max-width: 150px) 100vw, 150px\" \/><\/td><td>C\u00f4ng su\u1ea5t: 40kg\/l\u1ea7n<br>C\u00f4ng su\u1ea5t: 13.17kw<br>\u0110i\u1ec7n \u00e1p: 380V\/50Hz<br>K\u00edch th\u01b0\u1edbc: 1250*1415*1610mm<br>Tr\u1ecdng l\u01b0\u1ee3ng: 480kg&nbsp;<\/td><\/tr><tr><td>3<\/td><td><a href=\"http:\/\/www.meatprocessingmachine.org\/vi\/vacuum-stuffing-machine.html\/\">M\u00e1y tr\u1ed9n th\u1ecbt<\/a><\/td><td>&nbsp;<img loading=\"lazy\" decoding=\"async\" width=\"150\" height=\"95\" class=\"wp-image-847\" style=\"width: 150px;\" src=\"http:\/\/www.meatprocessingmachine.org\/wp-content\/uploads\/2020\/10\/vacuum-meat-mixer-machine.jpg\" alt=\"vacuum meat mixer machine\" title=\"\" srcset=\"https:\/\/www.meatprocessingmachine.org\/wp-content\/uploads\/2020\/10\/vacuum-meat-mixer-machine.jpg 550w, https:\/\/www.meatprocessingmachine.org\/wp-content\/uploads\/2020\/10\/vacuum-meat-mixer-machine-300x191.jpg 300w\" sizes=\"auto, (max-width: 150px) 100vw, 150px\" \/><\/td><td>T\u1ed1c \u0111\u1ed9 xo\u1eafn: 100 l\u1ea7n\/ph\u00fat<br>S\u1ea3n xu\u1ea5t: 200-300kg\/h<br>Ph\u1ea1m vi \u0111\u1ecbnh l\u01b0\u1ee3ng: 20-500g<br>\u0110i\u1ec7n \u00e1p: 220V \/ 50HZ<br>Chi\u1ec1u cao trung t\u00e2m l\u00e0m vi\u1ec7c: 850mm<br>K\u00edch th\u01b0\u1edbc t\u1ed5ng th\u1ec3 650*640*1430(mm)<br>Tr\u1ecdng l\u01b0\u1ee3ng: 145kg&nbsp;<\/td><\/tr><tr><td>4<\/td><td>M\u00e1y nh\u1ed3i x\u00fac x\u00edch<\/td><td>&nbsp;<img loading=\"lazy\" decoding=\"async\" width=\"150\" height=\"95\" class=\"wp-image-848\" style=\"width: 150px;\" src=\"http:\/\/www.meatprocessingmachine.org\/wp-content\/uploads\/2020\/10\/sausage-filling-machine.jpg\" alt=\"m\u00e1y \u0111i\u1ec1n x\u00fac x\u00edch\" title=\"\" srcset=\"https:\/\/www.meatprocessingmachine.org\/wp-content\/uploads\/2020\/10\/sausage-filling-machine.jpg 550w, https:\/\/www.meatprocessingmachine.org\/wp-content\/uploads\/2020\/10\/sausage-filling-machine-300x191.jpg 300w\" sizes=\"auto, (max-width: 150px) 100vw, 150px\" \/><\/td><td>T\u1ed1c \u0111\u1ed9 xo\u1eafn: 100 l\u1ea7n\/ph\u00fat<br>S\u1ea3n xu\u1ea5t: 200-300kg\/h<br>Ph\u1ea1m vi \u0111\u1ecbnh l\u01b0\u1ee3ng: 20-500g<br>\u0110i\u1ec7n \u00e1p: 220V \/ 50HZ<br>Chi\u1ec1u cao trung t\u00e2m l\u00e0m vi\u1ec7c: 850mm<br>K\u00edch th\u01b0\u1edbc t\u1ed5ng th\u1ec3 650*640*1430(mm)<br>Tr\u1ecdng l\u01b0\u1ee3ng: 145kg&nbsp;<\/td><\/tr><tr><td>5<\/td><td><a href=\"http:\/\/www.meatprocessingmachine.org\/vi\/meat-smoking-oven.html\/\">M\u00e1y hun kh\u00f3i x\u00fac x\u00edch<\/a><\/td><td>&nbsp;<img loading=\"lazy\" decoding=\"async\" width=\"150\" height=\"95\" class=\"wp-image-849\" style=\"width: 150px;\" src=\"http:\/\/www.meatprocessingmachine.org\/wp-content\/uploads\/2020\/10\/sausage-smoking-machine.jpg\" alt=\"sausage smoking machine\" title=\"\" srcset=\"https:\/\/www.meatprocessingmachine.org\/wp-content\/uploads\/2020\/10\/sausage-smoking-machine.jpg 550w, https:\/\/www.meatprocessingmachine.org\/wp-content\/uploads\/2020\/10\/sausage-smoking-machine-300x191.jpg 300w\" sizes=\"auto, (max-width: 150px) 100vw, 150px\" \/><\/td><td>C\u00f4ng su\u1ea5t: 300-400kg\/h<br>Th\u1ec3 t\u00edch: 200L<br>C\u00f4ng su\u1ea5t truy\u1ec1n \u0111\u1ed9ng: 2.75kw<br>\u0110i\u1ec7n \u00e1p: 380V 50HZ<br>K\u00edch th\u01b0\u1edbc t\u1ed5ng th\u1ec3: 1400*670*1150mm&nbsp;<\/td><\/tr><tr><td>6<\/td><td>M\u00e1y \u0111\u00f3ng g\u00f3i ch\u00e2n kh\u00f4ng<\/td><td>&nbsp;<img loading=\"lazy\" decoding=\"async\" width=\"150\" height=\"95\" class=\"wp-image-850\" style=\"width: 150px;\" src=\"http:\/\/www.meatprocessingmachine.org\/wp-content\/uploads\/2020\/10\/sausage-packaging-machine.jpg\" alt=\"sausage packaging machine\" title=\"\" srcset=\"https:\/\/www.meatprocessingmachine.org\/wp-content\/uploads\/2020\/10\/sausage-packaging-machine.jpg 550w, https:\/\/www.meatprocessingmachine.org\/wp-content\/uploads\/2020\/10\/sausage-packaging-machine-300x191.jpg 300w\" sizes=\"auto, (max-width: 150px) 100vw, 150px\" \/><\/td><td>C\u00f4ng su\u1ea5t b\u01a1m: 2.25KW<br>C\u00f4ng su\u1ea5t h\u00e0n nhi\u1ec7t: 1.5KW<br>K\u00edch th\u01b0\u1edbc: 1460*750*960mm<br>Tr\u1ecdng l\u01b0\u1ee3ng: 185kg<\/td><\/tr><\/tbody><\/table><\/figure>    <h2 class=\"wp-block-heading\" id=\"h-advantages-of-the-sausage-production-line\">\u01afu \u0111i\u1ec3m c\u1ee7a d\u00e2y chuy\u1ec1n s\u1ea3n xu\u1ea5t x\u00fac x\u00edch<\/h2>    <ol class=\"wp-block-list\"> <li>Nh\u00e0 m\u00e1y ch\u1ebf bi\u1ebfn x\u00fac x\u00edch c\u00f3 c\u00f4ng su\u1ea5t l\u1edbn, v\u1eadn h\u00e0nh \u0111\u01a1n gi\u1ea3n v\u00e0 hi\u1ec7u qu\u1ea3 \u0111\u1ea7u t\u01b0 cao.<\/li>    <li>T\u1ea5t c\u1ea3 c\u00e1c m\u00e1y ch\u1ebf bi\u1ebfn x\u00fac x\u00edch \u0111\u1ec1u l\u00e0m b\u1eb1ng th\u00e9p kh\u00f4ng g\u1ec9 \u0111\u1ea1t ti\u00eau chu\u1ea9n an to\u00e0n th\u1ef1c ph\u1ea9m v\u00e0 v\u1ec7 sinh.<\/li>    <li>T\u1ea5t c\u1ea3 c\u00e1c m\u00e1y l\u00e0m x\u00fac x\u00edch trong d\u00e2y chuy\u1ec1n \u0111\u1ec1u \u0111\u01b0\u1ee3c \u0111i\u1ec1u khi\u1ec3n b\u1eb1ng m\u00e0n h\u00ecnh c\u1ea3m \u1ee9ng t\u1ef1 \u0111\u1ed9ng, c\u00e1c linh ki\u1ec7n \u0111i\u1ec7n nh\u1eadp kh\u1ea9u \u0111\u1ea3m b\u1ea3o \u0111\u1ed9 b\u1ec1n c\u1ee7a m\u00e1y.<\/li>    <li>S\u1ea3n ph\u1ea9m x\u00fac x\u00edch cu\u1ed1i c\u00f9ng c\u00f3 m\u00e0u s\u1eafc \u0111\u1eb9p v\u00e0 ch\u1ea5t l\u01b0\u1ee3ng cao.<\/li>    <li>M\u00e1y c\u1eaft v\u00e0 m\u00e1y \u0111\u1ed5 enema \u0111\u01b0\u1ee3c trang b\u1ecb thi\u1ebft b\u1ecb b\u1ea3o v\u1ec7 an to\u00e0n \u0111\u1ec3 \u0111\u1ea3m b\u1ea3o v\u1eadn h\u00e0nh an to\u00e0n.<\/li>    <li>D\u00e2y chuy\u1ec1n s\u1ea3n xu\u1ea5t x\u00fac x\u00edch c\u00f3 kh\u1ea3 n\u0103ng li\u00ean t\u1ee5c, t\u1ed1c \u0111\u1ed9 x\u1ea3 nhanh v\u00e0 s\u1ea3n l\u01b0\u1ee3ng l\u1edbn. \u0110\u00e2y l\u00e0 thi\u1ebft b\u1ecb l\u00fd t\u01b0\u1edfng \u0111\u1ec3 ch\u1ebf bi\u1ebfn x\u00fac x\u00edch.<\/li> <\/ol>","protected":false},"excerpt":{"rendered":"<p>D\u00e2y chuy\u1ec1n s\u1ea3n xu\u1ea5t x\u00fac x\u00edch g\u1ed3m m\u1ed9t lo\u1ea1t c\u00e1c m\u00e1y ch\u1ebf bi\u1ebfn x\u00fac x\u00edch. C\u00f3 \u0111\u1eb7c \u0111i\u1ec3m v\u1eadn h\u00e0nh \u0111\u01a1n gi\u1ea3n, n\u0103ng su\u1ea5t cao v\u00e0 chi ph\u00ed \u0111\u1ea7u t\u01b0 th\u1ea5p.<\/p>","protected":false},"author":1,"featured_media":853,"parent":0,"template":"","product-type":[597],"class_list":["post-839","product","type-product","status-publish","has-post-thumbnail","hentry","product-type-production-line"],"_links":{"self":[{"href":"https:\/\/www.meatprocessingmachine.org\/vi\/wp-json\/wp\/v2\/product\/839","targetHints":{"allow":["GET"]}}],"collection":[{"href":"https:\/\/www.meatprocessingmachine.org\/vi\/wp-json\/wp\/v2\/product"}],"about":[{"href":"https:\/\/www.meatprocessingmachine.org\/vi\/wp-json\/wp\/v2\/types\/product"}],"author":[{"embeddable":true,"href":"https:\/\/www.meatprocessingmachine.org\/vi\/wp-json\/wp\/v2\/users\/1"}],"wp:featuredmedia":[{"embeddable":true,"href":"https:\/\/www.meatprocessingmachine.org\/vi\/wp-json\/wp\/v2\/media\/853"}],"wp:attachment":[{"href":"https:\/\/www.meatprocessingmachine.org\/vi\/wp-json\/wp\/v2\/media?parent=839"}],"wp:term":[{"taxonomy":"product-type","embeddable":true,"href":"https:\/\/www.meatprocessingmachine.org\/vi\/wp-json\/wp\/v2\/product-type?post=839"}],"curies":[{"name":"wp","href":"https:\/\/api.w.org\/{rel}","templated":true}]}}