{"id":875,"date":"2020-11-04T16:33:10","date_gmt":"2020-11-04T08:33:10","guid":{"rendered":"http:\/\/www.meatprocessingmachine.org\/?p=875"},"modified":"2026-02-12T16:40:19","modified_gmt":"2026-02-12T08:40:19","slug":"industrial-sausage-stuffer-machine-in-sausage-manufacturing","status":"publish","type":"product","link":"https:\/\/www.meatprocessingmachine.org\/vi\/industrial-sausage-stuffer-machine-in-sausage-manufacturing.html","title":{"rendered":"M\u00e1y nh\u1ed3i x\u00fac x\u00edch c\u00f4ng nghi\u1ec7p trong s\u1ea3n xu\u1ea5t x\u00fac x\u00edch"},"content":{"rendered":"<div class=\"kk-star-ratings kksr-auto kksr-align-right kksr-valign-top\"     data-payload='{&quot;align&quot;:&quot;right&quot;,&quot;id&quot;:&quot;875&quot;,&quot;slug&quot;:&quot;default&quot;,&quot;valign&quot;:&quot;top&quot;,&quot;ignore&quot;:&quot;&quot;,&quot;reference&quot;:&quot;auto&quot;,&quot;class&quot;:&quot;&quot;,&quot;count&quot;:&quot;0&quot;,&quot;legendonly&quot;:&quot;&quot;,&quot;readonly&quot;:&quot;&quot;,&quot;score&quot;:&quot;0&quot;,&quot;starsonly&quot;:&quot;&quot;,&quot;best&quot;:&quot;5&quot;,&quot;gap&quot;:&quot;5&quot;,&quot;greet&quot;:&quot;Rate this product&quot;,&quot;legend&quot;:&quot;0\\\/5 - (0 b\u00ecnh ch\u1ecdn)&quot;,&quot;size&quot;:&quot;24&quot;,&quot;title&quot;:&quot;Industrial sausage stuffer machine in sausage manufacturing&quot;,&quot;width&quot;:&quot;0&quot;,&quot;_legend&quot;:&quot;{score}\\\/{best} - ({count} {votes})&quot;,&quot;font_factor&quot;:&quot;1.25&quot;}'>              <div class=\"kksr-stars\">      <div class=\"kksr-stars-inactive\">             <div class=\"kksr-star\" data-star=\"1\" style=\"padding-right: 5px\">               <div class=\"kksr-icon\" style=\"width: 24px; height: 24px;\"><\/div>         <\/div>             <div class=\"kksr-star\" data-star=\"2\" style=\"padding-right: 5px\">               <div class=\"kksr-icon\" style=\"width: 24px; height: 24px;\"><\/div>         <\/div>             <div class=\"kksr-star\" data-star=\"3\" style=\"padding-right: 5px\">               <div class=\"kksr-icon\" style=\"width: 24px; height: 24px;\"><\/div>         <\/div>             <div class=\"kksr-star\" data-star=\"4\" style=\"padding-right: 5px\">               <div class=\"kksr-icon\" style=\"width: 24px; height: 24px;\"><\/div>         <\/div>             <div class=\"kksr-star\" data-star=\"5\" style=\"padding-right: 5px\">               <div class=\"kksr-icon\" style=\"width: 24px; height: 24px;\"><\/div>         <\/div>     <\/div>      <div class=\"kksr-stars-active\" style=\"width: 0px;\">             <div class=\"kksr-star\" style=\"padding-right: 5px\">               <div class=\"kksr-icon\" style=\"width: 24px; height: 24px;\"><\/div>         <\/div>             <div class=\"kksr-star\" style=\"padding-right: 5px\">               <div class=\"kksr-icon\" style=\"width: 24px; height: 24px;\"><\/div>         <\/div>             <div class=\"kksr-star\" style=\"padding-right: 5px\">               <div class=\"kksr-icon\" style=\"width: 24px; height: 24px;\"><\/div>         <\/div>             <div class=\"kksr-star\" style=\"padding-right: 5px\">               <div class=\"kksr-icon\" style=\"width: 24px; height: 24px;\"><\/div>         <\/div>             <div class=\"kksr-star\" style=\"padding-right: 5px\">               <div class=\"kksr-icon\" style=\"width: 24px; height: 24px;\"><\/div>         <\/div>     <\/div> <\/div>                   <div class=\"kksr-legend\" style=\"font-size: 19.2px;\">             <span class=\"kksr-muted\">\u0110\u00e1nh gi\u00e1 s\u1ea3n ph\u1ea9m n\u00e0y<\/span>     <\/div>     <\/div>  <p class=\"translation-block\">The<strong> industrial sausage stuffer machine<\/strong>&nbsp;is used for sausage enema. It is the most important step in the <a href=\"http:\/\/www.meatprocessingmachine.org\/vi\/sausage-production-line-for-sausage-making.html\/\">sausage manufacturing step<\/a>. The sausage meat enters the casing through the sausage stuffer to form sausages with regular shapes and sizes. According to different ways of enema, the sausage stuffing machine is divided into two categories. <strong>Hydraulic enema machine<\/strong> and <strong>pneumatic quantitative sausage stuffer machine<\/strong>. The two machines&#8217; applicable materials and working principles are very different.<\/p>    <h2 class=\"wp-block-heading\" id=\"h-hydraulic-sausage-stuffer-machine\">M\u00e1y nh\u1ed3i x\u00fac x\u00edch th\u1ee7y l\u1ef1c<\/h2>    <p>M\u00e1y nh\u1ed3i x\u00fac x\u00edch th\u1ee7y l\u1ef1c ph\u00f9 h\u1ee3p \u0111\u1ec3 ti\u00eam th\u1ecbt m\u1ecbn, th\u00f4 ho\u1eb7c h\u1ed7n h\u1ee3p th\u1ecbt. N\u00f3 t\u1ea1o ra c\u00e1c lo\u1ea1i x\u00fac x\u00edch kh\u00e1c nhau b\u1eb1ng c\u00e1ch nh\u1ed3i vi\u00ean th\u1ecbt v\u00e0o v\u1ecf \u0111\u1ed9ng v\u1eadt qua c\u00e1c \u1ed1ng ti\u00eam c\u00f3 \u0111\u01b0\u1eddng k\u00ednh kh\u00e1c nhau.<\/p>    <h3 class=\"wp-block-heading\" id=\"h-hydraulic-sausage-filling-machine-working-principle\">M\u00e1y nh\u1ed3i x\u00fac x\u00edch th\u1ee7y l\u1ef1c<strong>&nbsp;<\/strong>nguy\u00ean l\u00fd ho\u1ea1t \u0111\u1ed9ng<\/h3>    <p>M\u00e1y ti\u00eam th\u1ee7y l\u1ef1c d\u00f9ng piston. N\u00f3 \u00e9p th\u1ecbt t\u1eeb ph\u1ec5u c\u1ee7a m\u00e1y qua \u00e1p l\u1ef1c l\u00e0m vi\u1ec7c do xy lanh th\u1ee7y l\u1ef1c t\u1ea1o ra. M\u00e1y ph\u00f9 h\u1ee3p v\u1edbi nhi\u1ec1u lo\u1ea1i v\u1eadt li\u1ec7u, c\u00f3 th\u1ec3 d\u00f9ng \u0111\u1ec3 \u0111i\u1ec1n x\u00fac x\u00edch h\u00ecnh th\u1ecbt ho\u1eb7c x\u00fac x\u00edch h\u00ecnh d\u1ea1ng kh\u00e1c. M\u00e1y nh\u1ed3i x\u00fac x\u00edch t\u1ef1 \u0111\u1ed9ng ph\u00f9 h\u1ee3p \u0111\u1ec3 \u0111i\u1ec1n x\u00fac x\u00edch k\u00edch th\u01b0\u1edbc l\u1edbn, trung b\u00ecnh v\u00e0 nh\u1ecf.<\/p>    <p>Theo c\u00e1c \u0111\u1ea7u ra v\u00e0 th\u00f4ng s\u1ed1 k\u1ef9 thu\u1eadt kh\u00e1c nhau, c\u00f3 c\u00e1c m\u00e1y nh\u1ed3i x\u00fac x\u00edch th\u1ee7y l\u1ef1c nh\u1ecf, \u0111\u01a1n \u1ed1ng v\u00e0 \u0111\u00f4i \u1ed1ng.<\/p>    <h3 class=\"wp-block-heading\" id=\"h-small-hydraulic-sausage-stuffing-machine\">M\u00e1y nh\u1ed3i x\u00fac x\u00edch th\u1ee7y l\u1ef1c nh\u1ecf<\/h3>    <figure class=\"wp-block-image size-large\"><img loading=\"lazy\" decoding=\"async\" width=\"607\" height=\"607\" src=\"http:\/\/www.meatprocessingmachine.org\/wp-content\/uploads\/2020\/11\/small-hydraulic-stuffer-machine.png\" alt=\"small hydraulic stuffer machine\" class=\"wp-image-877\" title=\"\" srcset=\"https:\/\/www.meatprocessingmachine.org\/wp-content\/uploads\/2020\/11\/small-hydraulic-stuffer-machine.png 607w, https:\/\/www.meatprocessingmachine.org\/wp-content\/uploads\/2020\/11\/small-hydraulic-stuffer-machine-300x300.png 300w, https:\/\/www.meatprocessingmachine.org\/wp-content\/uploads\/2020\/11\/small-hydraulic-stuffer-machine-150x150.png 150w\" sizes=\"auto, (max-width: 607px) 100vw, 607px\" \/><figcaption>M\u00e1y nh\u1ed3i th\u1ee7y l\u1ef1c nh\u1ecf<\/figcaption><\/figure>    <p>C\u00f4ng su\u1ea5t c\u1ee7a m\u00e1y \u0111\u1ed5 x\u00fac x\u00edch th\u1ee7y l\u1ef1c nh\u1ecf l\u00e0 100kg\/h, \u0111\u01b0\u1eddng k\u00ednh \u0111i\u1ec1n c\u00f3 th\u1ec3 l\u00e0 16\/18\/22mm. Ph\u00f9 h\u1ee3p cho c\u00e1c th\u01b0\u01a1ng nh\u00e2n c\u00e1 nh\u00e2n v\u00e0 nh\u00e0 m\u00e1y ch\u1ebf bi\u1ebfn th\u1ecbt nh\u1ecf. M\u00e1y s\u1eed d\u1ee5ng c\u00f4ng t\u1eafc chuy\u1ec3n \u0111\u1ed5i v\u00e0 c\u00f4ng t\u1eafc ch\u00e2n \u0111\u1ec3 \u0111i\u1ec1u khi\u1ec3n ho\u1ea1t \u0111\u1ed9ng \u0111i\u1ec1n, l\u00e0m cho thao t\u00e1c an to\u00e0n h\u01a1n. B\u00ecnh ch\u1ee9a dung t\u00edch l\u1edbn gi\u00fap t\u0103ng s\u1ea3n l\u01b0\u1ee3ng \u0111i\u1ec1n. M\u00e1y c\u00f3 th\u1ec3 di chuy\u1ec3n t\u1ef1 do, d\u1ec5 mang theo, thu\u1eadn ti\u1ec7n, c\u00f3 th\u1ec3 \u0111i\u1ec1n b\u1ea5t c\u1ee9 l\u00fac n\u00e0o, b\u1ea5t c\u1ee9 n\u01a1i \u0111\u00e2u.<\/p>    <h3 class=\"wp-block-heading\" id=\"h-single-and-double-tube-hydraulic-sausage-stuffer-machine\">M\u00e1y nh\u1ed3i x\u00fac x\u00edch th\u1ee7y l\u1ef1c hai \u1ed1ng v\u00e0 m\u1ed9t \u1ed1ng<\/h3>    <p>C\u00f4ng su\u1ea5t c\u1ee7a m\u00e1y nh\u1ed3i th\u1ecbt \u0111\u01a1n l\u00e0 300kg\/h, m\u00e1y \u0111\u1ed5 \u0111\u00f4i c\u00f3 c\u00f4ng su\u1ea5t 500kg\/h.<\/p>    <figure class=\"wp-block-image size-large\"><img loading=\"lazy\" decoding=\"async\" width=\"607\" height=\"607\" src=\"http:\/\/www.meatprocessingmachine.org\/wp-content\/uploads\/2020\/11\/hydraulic-enema-machine.png\" alt=\"m\u00e1y b\u01a1m h\u1eadu m\u00f4n th\u1ee7y l\u1ef1c\" class=\"wp-image-878\" title=\"\" srcset=\"https:\/\/www.meatprocessingmachine.org\/wp-content\/uploads\/2020\/11\/hydraulic-enema-machine.png 607w, https:\/\/www.meatprocessingmachine.org\/wp-content\/uploads\/2020\/11\/hydraulic-enema-machine-300x300.png 300w, https:\/\/www.meatprocessingmachine.org\/wp-content\/uploads\/2020\/11\/hydraulic-enema-machine-150x150.png 150w\" sizes=\"auto, (max-width: 607px) 100vw, 607px\" \/><figcaption>M\u00e1y th\u1ee5t h\u1eadu m\u00f4n th\u1ee7y l\u1ef1c<\/figcaption><\/figure>    <p>Ph\u1ea1m vi \u0111\u01b0\u1eddng k\u00ednh \u0111i\u1ec1n c\u1ee7a hai m\u00e1y c\u00f3 th\u1ec3 l\u00e0 12\/18\/30mm. S\u1ef1 kh\u00e1c bi\u1ec7t gi\u1eefa hai m\u00e1y ti\u00eam c\u00f4ng nghi\u1ec7p l\u00e0 s\u1ed1 \u1ed1ng x\u1ea3 th\u1ecbt. Ph\u1ea7n tr\u00ean c\u1ee7a m\u00e1y trang b\u1ecb ph\u1ec5u v\u00e0 van b\u01b0\u1edbm, c\u00f3 th\u1ec3 th\u1ef1c hi\u1ec7n \u0111i\u1ec1n li\u00ean t\u1ee5c. N\u00f3 c\u1ea3i thi\u1ec7n \u0111\u00e1ng k\u1ec3 n\u0103ng su\u1ea5t. So v\u1edbi m\u00e1y nh\u1ed3i th\u1ecbt nh\u1ecf, m\u00e1y n\u00e0y c\u00f3 m\u1ee9c \u0111\u1ed9 t\u1ef1 \u0111\u1ed9ng cao v\u00e0 t\u1ed1c \u0111\u1ed9 x\u1ea3 nhanh, c\u00f3 th\u1ec3 th\u1ef1c hi\u1ec7n s\u1ea3n xu\u1ea5t li\u00ean t\u1ee5c. Do \u0111\u00f3, ph\u00f9 h\u1ee3p v\u1edbi t\u1ea5t c\u1ea3 c\u00e1c lo\u1ea1i doanh nghi\u1ec7p.<\/p>    <h2 class=\"wp-block-heading\" id=\"h-pneumatic-quantitative-twist-enema-machine\">M\u00e1y xo\u1eafn \u0111\u1ecbnh l\u01b0\u1ee3ng kh\u00ed n\u00e9n<\/h2>    <figure class=\"wp-block-image size-large\"><img loading=\"lazy\" decoding=\"async\" width=\"692\" height=\"693\" src=\"http:\/\/www.meatprocessingmachine.org\/wp-content\/uploads\/2020\/11\/pneumatic-quantitative-sausage-stuffing-machine.png\" alt=\"pneumatic quantitative sausage stuffing machine\" class=\"wp-image-879\" title=\"\" srcset=\"https:\/\/www.meatprocessingmachine.org\/wp-content\/uploads\/2020\/11\/pneumatic-quantitative-sausage-stuffing-machine.png 692w, https:\/\/www.meatprocessingmachine.org\/wp-content\/uploads\/2020\/11\/pneumatic-quantitative-sausage-stuffing-machine-300x300.png 300w, https:\/\/www.meatprocessingmachine.org\/wp-content\/uploads\/2020\/11\/pneumatic-quantitative-sausage-stuffing-machine-150x150.png 150w\" sizes=\"auto, (max-width: 692px) 100vw, 692px\" \/><figcaption>M\u00e1y ti\u00eam \u0111\u1ecbnh l\u01b0\u1ee3ng kh\u00ed n\u00e9n<\/figcaption><\/figure>    <p>M\u00e1y xo\u1eafn \u0111\u1ecbnh l\u01b0\u1ee3ng kh\u00ed n\u00e9n ph\u00f9 h\u1ee3p \u0111\u1ec3 \u0111i\u1ec1n th\u1ecbt nghi\u1ec1n. M\u00e1y c\u00f3 th\u1ec3 t\u1ef1 \u0111\u1ed9ng u\u1ed1n cong trong qu\u00e1 tr\u00ecnh \u0111i\u1ec1n \u0111\u1ecbnh l\u01b0\u1ee3ng. N\u00f3 kh\u1eafc ph\u1ee5c h\u1ea1n ch\u1ebf c\u1ee7a u\u1ed1n cong b\u1eb1ng m\u00e1y ti\u00eam \u0111\u1ecbnh l\u01b0\u1ee3ng tr\u01b0\u1edbc \u0111\u00e2y, kh\u00f4ng th\u1ec3 ho\u00e0n th\u00e0nh c\u00f9ng l\u00fac. M\u00e1y c\u00f3 th\u1ec3 \u0111\u1ecbnh l\u01b0\u1ee3ng t\u1eeb 30-1000g, sai s\u1ed1 kh\u00f4ng qu\u00e1 3g. C\u00f3 th\u1ec3 th\u1ef1c hi\u1ec7n 60 v\u00f2ng xo\u1eafn m\u1ed7i ph\u00fat, \u0111\u01b0\u1eddng k\u00ednh \u1ed1ng ti\u00eam l\u00e0 10\/12\/14\/17mm.<\/p>    <h3 class=\"wp-block-heading\" id=\"h-advantages-of-pneumatic-quantitative-filling-machine\">\u01afu \u0111i\u1ec3m c\u1ee7a m\u00e1y \u0111\u1ed5 \u0111\u1ecbnh l\u01b0\u1ee3ng kh\u00ed n\u00e9n<\/h3>    <ol class=\"wp-block-list\"><li>N\u00f3 s\u1eed d\u1ee5ng nguy\u00ean l\u00fd \u0111i\u1ec1u khi\u1ec3n kh\u00ed n\u00e9n, quang \u0111i\u1ec7n ti\u00ean ti\u1ebfn, c\u00f3 th\u1ec3 th\u1ef1c hi\u1ec7n \u0111i\u1ec1n \u0111\u1ecbnh l\u01b0\u1ee3ng t\u1ef1 \u0111\u1ed9ng v\u00e0 u\u1ed1n cong, v\u1edbi m\u1ee9c \u0111\u1ed9 t\u1ef1 \u0111\u1ed9ng cao.<\/li><li>M\u00e1y \u0111\u1ed5 th\u1ecbt ph\u00f9 h\u1ee3p \u0111\u1ec3 \u0111i\u1ec1n c\u00e1c s\u1ea3n ph\u1ea9m x\u00fac x\u00edch nghi\u1ec1n kh\u00e1c nhau.<\/li><li>C\u00e1c b\u1ed9 ph\u1eadn ti\u1ebfp x\u00fac v\u1edbi v\u1eadt li\u1ec7u v\u00e0 bao b\u00ec b\u00ean ngo\u00e0i \u0111\u1ec1u l\u00e0m b\u1eb1ng th\u00e9p kh\u00f4ng g\u1ec9 c\u1ea5p th\u1ef1c ph\u1ea9m, c\u00f3 v\u1ebb ngo\u00e0i \u0111\u1eb9p.<\/li><li>N\u00f3 c\u00f3 th\u1ec3 ph\u00f9 h\u1ee3p v\u1edbi<strong> M\u00e1y bu\u1ed9c d\u00e2y<\/strong>&nbsp;\u0111\u1ec3 th\u1ef1c hi\u1ec7n s\u1ea3n xu\u1ea5t t\u1ef1 \u0111\u1ed9ng.<\/li><li>M\u00e1y c\u00f3 c\u1ea5u tr\u00fac \u1ed5n \u0111\u1ecbnh, v\u1eadn h\u00e0nh \u0111\u01a1n gi\u1ea3n, d\u1ec5 v\u1ec7 sinh. Ph\u00f9 h\u1ee3p cho c\u00e1c doanh nghi\u1ec7p ch\u1ebf bi\u1ebfn th\u1ecbt v\u1eeba v\u00e0 nh\u1ecf.<\/li><\/ol>    <h3 class=\"wp-block-heading\" id=\"h-precautions\">C\u00e1c l\u01b0u \u00fd<\/h3>    <ol class=\"wp-block-list\"><li>M\u00e1y nh\u1ed3i x\u00fac x\u00edch c\u00f4ng nghi\u1ec7p ph\u00f9 h\u1ee3p \u0111\u1ec3 \u0111i\u1ec1n th\u1ecbt nghi\u1ec1n.<\/li><li>\u0110\u1ec3 \u0111\u00e1p \u1ee9ng y\u00eau c\u1ea7u v\u1ec1 tr\u1ecdng l\u01b0\u1ee3ng \u0111i\u1ec1n, c\u00f3 th\u1ec3 th\u1ef1c hi\u1ec7n b\u1eb1ng c\u00e1ch ti\u1ebfn c\u1ee7a piston.<\/li><li>B\u1ea1n c\u00f3 th\u1ec3 ki\u1ec3m so\u00e1t th\u1eddi gian d\u1eebng v\u00e0 th\u1eddi gian ho\u1ea1t \u0111\u1ed9ng c\u1ee7a m\u00e1y xo\u1eafn b\u1eb1ng c\u00e1ch ki\u1ec3m so\u00e1t th\u1eddi gian c\u1ee7a piston xy lanh ti\u1ebfn v\u00e0 l\u00f9i.<\/li><li>Tr\u01b0\u1edbc khi th\u1ecbt \u0111i\u1ec1n v\u00e0o ph\u1ec5u, n\u00f3 n\u00ean ti\u1ebfp x\u00fac v\u1edbi kh\u00f4ng kh\u00ed c\u00e0ng \u00edt c\u00e0ng t\u1ed1t \u0111\u1ec3 tr\u00e1nh t\u1ea1o l\u1ed7. Do \u0111\u00f3, b\u1ea1n c\u00f3 th\u1ec3 s\u1eed d\u1ee5ng <strong>M\u00e1y nh\u1ed3i th\u1ecbt ch\u00e2n kh\u00f4ng<\/strong>&nbsp;thay v\u00ec m\u00e1y tr\u1ed9n th\u00f4ng th\u01b0\u1eddng.<\/li><li>\u0110\u01b0\u1eddng k\u00ednh v\u1ecf ph\u1ea3i ph\u00f9 h\u1ee3p v\u1edbi \u0111\u01b0\u1eddng k\u00ednh \u1ed1ng ti\u00eam, \u00e1p l\u1ef1c c\u1ee7a th\u1ecbt \u0111i\u1ec1n, s\u1ed1 v\u00f2ng xo\u1eafn.<\/li><\/ol>","protected":false},"excerpt":{"rendered":"<p>\u0110\u1ed1i v\u1edbi s\u1ea3n xu\u1ea5t x\u00fac x\u00edch, m\u00e1y nh\u1ed3i x\u00fac x\u00edch l\u00e0 m\u00e1y quan tr\u1ecdng nh\u1ea5t. Ch\u00fang t\u00f4i cung c\u1ea5p m\u00e1y ti\u00eam th\u1ee7y l\u1ef1c v\u00e0 m\u00e1y nh\u1ed3i x\u00fac x\u00edch \u0111\u1ecbnh l\u01b0\u1ee3ng kh\u00ed n\u00e9n.<\/p>","protected":false},"author":1,"featured_media":885,"parent":0,"template":"","product-type":[598],"class_list":["post-875","product","type-product","status-publish","has-post-thumbnail","hentry","product-type-supporting-auxiliary-equipment"],"_links":{"self":[{"href":"https:\/\/www.meatprocessingmachine.org\/vi\/wp-json\/wp\/v2\/product\/875","targetHints":{"allow":["GET"]}}],"collection":[{"href":"https:\/\/www.meatprocessingmachine.org\/vi\/wp-json\/wp\/v2\/product"}],"about":[{"href":"https:\/\/www.meatprocessingmachine.org\/vi\/wp-json\/wp\/v2\/types\/product"}],"author":[{"embeddable":true,"href":"https:\/\/www.meatprocessingmachine.org\/vi\/wp-json\/wp\/v2\/users\/1"}],"wp:featuredmedia":[{"embeddable":true,"href":"https:\/\/www.meatprocessingmachine.org\/vi\/wp-json\/wp\/v2\/media\/885"}],"wp:attachment":[{"href":"https:\/\/www.meatprocessingmachine.org\/vi\/wp-json\/wp\/v2\/media?parent=875"}],"wp:term":[{"taxonomy":"product-type","embeddable":true,"href":"https:\/\/www.meatprocessingmachine.org\/vi\/wp-json\/wp\/v2\/product-type?post=875"}],"curies":[{"name":"wp","href":"https:\/\/api.w.org\/{rel}","templated":true}]}}