{"id":899,"date":"2020-11-27T10:07:52","date_gmt":"2020-11-27T02:07:52","guid":{"rendered":"http:\/\/www.meatprocessingmachine.org\/?p=899"},"modified":"2026-04-02T10:14:06","modified_gmt":"2026-04-02T02:14:06","slug":"bone-grinder-machine-meat-and-bone-grinder","status":"publish","type":"product","link":"https:\/\/www.meatprocessingmachine.org\/vi\/bone-grinder-machine-meat-and-bone-grinder.html","title":{"rendered":"M\u00e1y nghi\u1ec1n x\u01b0\u01a1ng | M\u00e1y nghi\u1ec1n paste x\u01b0\u01a1ng c\u00e1 v\u00e0 b\u00f2"},"content":{"rendered":"<div class=\"kk-star-ratings kksr-auto kksr-align-right kksr-valign-top\"     data-payload='{&quot;align&quot;:&quot;right&quot;,&quot;id&quot;:&quot;899&quot;,&quot;slug&quot;:&quot;default&quot;,&quot;valign&quot;:&quot;top&quot;,&quot;ignore&quot;:&quot;&quot;,&quot;reference&quot;:&quot;auto&quot;,&quot;class&quot;:&quot;&quot;,&quot;count&quot;:&quot;2&quot;,&quot;legendonly&quot;:&quot;&quot;,&quot;readonly&quot;:&quot;&quot;,&quot;score&quot;:&quot;5&quot;,&quot;starsonly&quot;:&quot;&quot;,&quot;best&quot;:&quot;5&quot;,&quot;gap&quot;:&quot;5&quot;,&quot;greet&quot;:&quot;Rate this product&quot;,&quot;legend&quot;:&quot;5\\\/5 - (2 b\u00ecnh ch\u1ecdn)&quot;,&quot;size&quot;:&quot;24&quot;,&quot;title&quot;:&quot;Bone Grinder Machine | Fish and Beef Bone Paste Grinding Machine&quot;,&quot;width&quot;:&quot;142.5&quot;,&quot;_legend&quot;:&quot;{score}\\\/{best} - ({count} {votes})&quot;,&quot;font_factor&quot;:&quot;1.25&quot;}'>              <div class=\"kksr-stars\">      <div class=\"kksr-stars-inactive\">             <div class=\"kksr-star\" data-star=\"1\" style=\"padding-right: 5px\">               <div class=\"kksr-icon\" style=\"width: 24px; height: 24px;\"><\/div>         <\/div>             <div class=\"kksr-star\" data-star=\"2\" style=\"padding-right: 5px\">               <div class=\"kksr-icon\" style=\"width: 24px; height: 24px;\"><\/div>         <\/div>             <div class=\"kksr-star\" data-star=\"3\" style=\"padding-right: 5px\">               <div class=\"kksr-icon\" style=\"width: 24px; height: 24px;\"><\/div>         <\/div>             <div class=\"kksr-star\" data-star=\"4\" style=\"padding-right: 5px\">               <div class=\"kksr-icon\" style=\"width: 24px; height: 24px;\"><\/div>         <\/div>             <div class=\"kksr-star\" data-star=\"5\" style=\"padding-right: 5px\">               <div class=\"kksr-icon\" style=\"width: 24px; height: 24px;\"><\/div>         <\/div>     <\/div>      <div class=\"kksr-stars-active\" style=\"width: 142.5px;\">             <div class=\"kksr-star\" style=\"padding-right: 5px\">               <div class=\"kksr-icon\" style=\"width: 24px; height: 24px;\"><\/div>         <\/div>             <div class=\"kksr-star\" style=\"padding-right: 5px\">               <div class=\"kksr-icon\" style=\"width: 24px; height: 24px;\"><\/div>         <\/div>             <div class=\"kksr-star\" style=\"padding-right: 5px\">               <div class=\"kksr-icon\" style=\"width: 24px; height: 24px;\"><\/div>         <\/div>             <div class=\"kksr-star\" style=\"padding-right: 5px\">               <div class=\"kksr-icon\" style=\"width: 24px; height: 24px;\"><\/div>         <\/div>             <div class=\"kksr-star\" style=\"padding-right: 5px\">               <div class=\"kksr-icon\" style=\"width: 24px; height: 24px;\"><\/div>         <\/div>     <\/div> <\/div>                   <div class=\"kksr-legend\" style=\"font-size: 19.2px;\">             5\/5 - (2 b\u00ecnh ch\u1ecdn)    <\/div>     <\/div>  <p>M\u00e1y xay x\u01b0\u01a1ng l\u00e0 thi\u1ebft b\u1ecb c\u1ea3i ti\u1ebfn \u0111\u1eb7c bi\u1ec7t d\u1ef1a tr\u00ean m\u00e1y nghi\u1ec1n keo. N\u00f3 ch\u1ee7 y\u1ebfu \u0111\u01b0\u1ee3c s\u1eed d\u1ee5ng \u0111\u1ec3 xay n\u01b0\u1edbc c\u1ee7a x\u01b0\u01a1ng b\u1ecb v\u1ee1 th\u00e0nh b\u00f9n, v\u00e0 xay \u0111\u1ebfn \u0111\u1ed9 m\u1ecbn 100-200 l\u01b0\u1edbi. Nguy\u00ean li\u1ec7u \u0111\u01b0\u1ee3c nghi\u1ec1n si\u00eau m\u1ecbn, c\u00f3 th\u1ec3 nghi\u1ec1n, nh\u0169 h\u00f3a, \u0111\u1ed3ng nh\u1ea5t v\u00e0 tr\u1ed9n c\u00e1c ch\u1ea5t b\u00e1n \u01b0\u1edbt v\u00e0 ch\u1ea5t nh\u0169 h\u00f3a kh\u00e1c nhau. C\u00e1c ch\u1ec9 s\u1ed1 k\u1ef9 thu\u1eadt ch\u00ednh \u0111\u00e3 \u0111\u1ea1t \u0111\u1ebfn m\u1ee9c ti\u00ean ti\u1ebfn c\u1ee7a c\u00e1c s\u1ea3n ph\u1ea9m t\u01b0\u01a1ng t\u1ef1 n\u01b0\u1edbc ngo\u00e0i.<\/p>    <figure class=\"wp-block-embed is-type-video is-provider-youtube wp-block-embed-youtube wp-embed-aspect-16-9 wp-has-aspect-ratio\"><div class=\"wp-block-embed__wrapper\"> <iframe loading=\"lazy\" title=\"M\u00e1y nghi\u1ec1n x\u01b0\u01a1ng | Thi\u1ebft b\u1ecb x\u1eed l\u00fd b\u00f9n x\u01b0\u01a1ng hi\u1ec7u qu\u1ea3 cao\ud83e\udd69\" width=\"500\" height=\"281\" src=\"https:\/\/www.youtube.com\/embed\/GVGE_Dk08ss?feature=oembed\" frameborder=\"0\" allow=\"accelerometer; autoplay; clipboard-write; encrypted-media; gyroscope; picture-in-picture; web-share\" referrerpolicy=\"strict-origin-when-cross-origin\" allowfullscreen><\/iframe> <\/div><\/figure>    <h2 class=\"wp-block-heading\">Nguy\u00ean li\u1ec7u th\u00f4 n\u00e0o m\u00e0 m\u00e1y xay x\u01b0\u01a1ng c\u00f3 th\u1ec3 x\u1eed l\u00fd?<\/h2>   <div class=\"wp-block-image\"> <figure class=\"aligncenter size-full\"><img loading=\"lazy\" decoding=\"async\" width=\"720\" height=\"540\" src=\"https:\/\/www.meatprocessingmachine.org\/wp-content\/uploads\/2020\/11\/raw-materials-of-the-bone-grinder.png\" alt=\"nguy\u00ean li\u1ec7u th\u00f4 c\u1ee7a m\u00e1y xay x\u01b0\u01a1ng\" class=\"wp-image-33064\" title=\"\" srcset=\"https:\/\/www.meatprocessingmachine.org\/wp-content\/uploads\/2020\/11\/raw-materials-of-the-bone-grinder.png 720w, https:\/\/www.meatprocessingmachine.org\/wp-content\/uploads\/2020\/11\/raw-materials-of-the-bone-grinder-300x225.png 300w\" sizes=\"auto, (max-width: 720px) 100vw, 720px\" \/><figcaption class=\"wp-element-caption\">nguy\u00ean li\u1ec7u th\u00f4 c\u1ee7a m\u00e1y xay x\u01b0\u01a1ng<\/figcaption><\/figure> <\/div>   <p><br>M\u00e1y xay x\u01b0\u01a1ng c\u00f3 th\u1ec3 xay t\u1ea5t c\u1ea3 c\u00e1c lo\u1ea1i x\u01b0\u01a1ng, ch\u1ee7 y\u1ebfu l\u00e0 t\u1ea5t c\u1ea3 c\u00e1c lo\u1ea1i x\u01b0\u01a1ng b\u00f2, x\u01b0\u01a1ng c\u1eebu, x\u01b0\u01a1ng c\u00e1, x\u01b0\u01a1ng g\u00e0, v.v. \u0110\u1ed1i v\u1edbi vi\u1ec7c xay, n\u1ebfu x\u01b0\u01a1ng v\u00e0 th\u1ecbt qu\u00e1 l\u1edbn, ch\u1eb3ng h\u1ea1n nh\u01b0 c\u00e1c mi\u1ebfng x\u01b0\u01a1ng b\u00f2 l\u1edbn, x\u01b0\u01a1ng heo, v.v., c\u1ea7n ph\u1ea3i b\u1ebb nh\u1ecf tr\u01b0\u1edbc, v\u00e0 x\u01b0\u01a1ng \u0111\u01b0\u1ee3c b\u1ebb th\u00e0nh h\u1ea1t, \u0111i\u1ec1u n\u00e0y kh\u00f4ng ch\u1ec9 c\u00f3 th\u1ec3 c\u1ea3i thi\u1ec7n hi\u1ec7u su\u1ea5t l\u00e0m vi\u1ec7c m\u00e0 c\u00f2n b\u1ea3o v\u1ec7 m\u00e1y kh\u1ecfi h\u01b0 h\u1ea1i do x\u01b0\u01a1ng qu\u00e1 m\u1ee9c.<\/p>    <h2 class=\"wp-block-heading\" id=\"h-application-of-bone-grinder-machine\">\u1ee8ng d\u1ee5ng c\u1ee7a m\u00e1y xay x\u01b0\u01a1ng<\/h2>    <figure class=\"wp-block-gallery has-nested-images columns-default is-cropped wp-block-gallery-2 is-layout-flex wp-block-gallery-is-layout-flex\"> <figure class=\"wp-block-image size-large\"><img loading=\"lazy\" decoding=\"async\" width=\"720\" height=\"540\" data-id=\"33073\" src=\"https:\/\/www.meatprocessingmachine.org\/wp-content\/uploads\/2020\/11\/pet-food.png\" alt=\"pet food\" class=\"wp-image-33073\" title=\"\" srcset=\"https:\/\/www.meatprocessingmachine.org\/wp-content\/uploads\/2020\/11\/pet-food.png 720w, https:\/\/www.meatprocessingmachine.org\/wp-content\/uploads\/2020\/11\/pet-food-300x225.png 300w\" sizes=\"auto, (max-width: 720px) 100vw, 720px\" \/><figcaption class=\"wp-element-caption\">Th\u1ee9c \u0103n cho th\u00fa c\u01b0ng<\/figcaption><\/figure>    <figure class=\"wp-block-image size-large\"><img loading=\"lazy\" decoding=\"async\" width=\"720\" height=\"540\" data-id=\"33074\" src=\"https:\/\/www.meatprocessingmachine.org\/wp-content\/uploads\/2020\/11\/sausage.png\" alt=\"x\u00fac x\u00edch\" class=\"wp-image-33074\" title=\"\" srcset=\"https:\/\/www.meatprocessingmachine.org\/wp-content\/uploads\/2020\/11\/sausage.png 720w, https:\/\/www.meatprocessingmachine.org\/wp-content\/uploads\/2020\/11\/sausage-300x225.png 300w\" sizes=\"auto, (max-width: 720px) 100vw, 720px\" \/><figcaption class=\"wp-element-caption\">X\u00fac x\u00edch<\/figcaption><\/figure>    <figure class=\"wp-block-image size-large\"><img loading=\"lazy\" decoding=\"async\" width=\"720\" height=\"540\" data-id=\"33075\" src=\"https:\/\/www.meatprocessingmachine.org\/wp-content\/uploads\/2020\/11\/soup-stock.png\" alt=\"soup stock\" class=\"wp-image-33075\" title=\"\" srcset=\"https:\/\/www.meatprocessingmachine.org\/wp-content\/uploads\/2020\/11\/soup-stock.png 720w, https:\/\/www.meatprocessingmachine.org\/wp-content\/uploads\/2020\/11\/soup-stock-300x225.png 300w\" sizes=\"auto, (max-width: 720px) 100vw, 720px\" \/><figcaption class=\"wp-element-caption\">N\u01b0\u1edbc d\u00f9ng<\/figcaption><\/figure> <\/figure>    <p>Theo th\u00e0nh ph\u1ea7n v\u00e0 \u0111\u1eb7c \u0111i\u1ec3m c\u1ee7a x\u01b0\u01a1ng \u0111\u1ed9ng v\u1eadt, n\u00f3 \u00e1p d\u1ee5ng m\u1ed9t nguy\u00ean l\u00fd nghi\u1ec1n \u0111\u1eb7c bi\u1ec7t \u0111\u1ec3 l\u00e0m b\u1ed9t x\u01b0\u01a1ng. X\u01b0\u01a1ng \u0111\u1ed9ng v\u1eadt ch\u1ee9a nhi\u1ec1u ch\u1ea5t dinh d\u01b0\u1ee1ng nh\u01b0 protein v\u00e0 ch\u1ea5t b\u00e9o. \u0110\u00e2y l\u00e0 m\u1ed9t s\u1ea3n ph\u1ea9m gi\u00e0u dinh d\u01b0\u1ee1ng, \u00edt calo. B\u1ed9t x\u01b0\u01a1ng v\u00e0 b\u1ed9t x\u01b0\u01a1ng l\u00e0m t\u1eeb x\u01b0\u01a1ng \u0111\u1ed9ng v\u1eadt ch\u1ee9a nhi\u1ec1u ch\u1ea5t dinh d\u01b0\u1ee1ng c\u1ea7n thi\u1ebft cho c\u01a1 th\u1ec3 con ng\u01b0\u1eddi. Ch\u1eb3ng h\u1ea1n nh\u01b0 protein, ch\u1ea5t b\u00e9o, vitamin, collagen, canxi, v.v. Hi\u1ec7n nay, b\u1ed9t x\u01b0\u01a1ng ch\u1ee7 y\u1ebfu \u0111\u01b0\u1ee3c s\u1eed d\u1ee5ng l\u00e0m ph\u1ee5 gia th\u1ef1c ph\u1ea9m ho\u1eb7c \u0111\u01b0\u1ee3c s\u1eed d\u1ee5ng tr\u1ef1c ti\u1ebfp \u0111\u1ec3 s\u1ea3n xu\u1ea5t gia v\u1ecb. B\u1ed9t x\u01b0\u01a1ng \u0111\u00e3 \u0111\u01b0\u1ee3c s\u1eed d\u1ee5ng r\u1ed9ng r\u00e3i \u1edf ch\u00e2u \u00c2u, Nh\u1eadt B\u1ea3n, Hoa K\u1ef3 v\u00e0 c\u00e1c qu\u1ed1c gia kh\u00e1c \u0111\u1ec3 l\u00e0m th\u1ecbt vi\u00ean, th\u1ecbt n\u01b0\u1edbng, enema th\u1ecbt x\u00e9 v\u00e0 c\u00e1c s\u1ea3n ph\u1ea9m kh\u00e1c. T\u1ea1i Trung Qu\u1ed1c, b\u1ed9t x\u01b0\u01a1ng c\u0169ng \u0111\u01b0\u1ee3c s\u1eed d\u1ee5ng r\u1ed9ng r\u00e3i trong c\u00e1c s\u1ea3n ph\u1ea9m th\u1ecbt nhi\u1ec7t \u0111\u1ed9 cao, th\u1ef1c ph\u1ea9m \u0111\u00f3ng h\u1ed9p v\u00e0 c\u00e1c th\u1ef1c ph\u1ea9m kh\u00e1c v\u00e0 c\u0169ng c\u00f3 th\u1ec3 \u0111\u01b0\u1ee3c s\u1eed d\u1ee5ng \u0111\u1ec3 l\u00e0m s\u00fap.<\/p>    <h2 class=\"wp-block-heading\">Th\u00f4ng s\u1ed1 k\u1ef9 thu\u1eadt c\u1ee7a m\u00e1y xay x\u01b0\u01a1ng<\/h2>    <ul class=\"wp-block-list\"> <li>M\u1eabu: TZ-80 M\u00e1y d\u00e1n x\u01b0\u01a1ng<\/li>    <li>\u0110\u1ed9 m\u1ecbn: 2-50\u03bcm<\/li>    <li>S\u1ea3n l\u01b0\u1ee3ng: 50-100kg\/h<\/li>    <li>C\u00f4ng su\u1ea5t: 4kw<\/li>    <li>Tr\u1ecdng l\u01b0\u1ee3ng: 150kg<\/li>    <li>K\u00edch th\u01b0\u1edbc: 600*410*930mm<\/li> <\/ul>    <h2 class=\"wp-block-heading\" id=\"h-bone-grinder-machine-working-principle\">Nguy\u00ean l\u00fd ho\u1ea1t \u0111\u1ed9ng c\u1ee7a m\u00e1y xay x\u01b0\u01a1ng<\/h2>    <p class=\"translation-block\">N\u1ebfu nguy\u00ean li\u1ec7u th\u00f4 c\u1ee7a b\u1ea1n l\u00e0 x\u01b0\u01a1ng l\u1edbn, b\u1ea1n c\u1ea7n m\u1ed9t <a href=\"https:\/\/www.meatprocessingmachine.org\/vi\/animal-bone-crushing-machine.html\/\">m\u00e1y nghi\u1ec1n x\u01b0\u01a1ng <\/a>\u0111\u1ec3 nghi\u1ec1n n\u00e1t x\u01b0\u01a1ng l\u1edbn th\u00e0nh b\u1ed9t x\u01b0\u01a1ng h\u1ea1t \u0111\u1ed3ng nh\u1ea5t tr\u01b0\u1edbc. Sau \u0111\u00f3 xay c\u00e1c h\u1ea1t nh\u1ecf th\u00e0nh b\u1ed9t v\u1edbi m\u00e1y xay th\u1ecbt x\u01b0\u01a1ng. \u0110i\u1ec1u n\u00e0y s\u1ebd gi\u1ea3m thi\u1ec7t h\u1ea1i c\u1ee7a x\u01b0\u01a1ng c\u1ee9ng \u0111\u1ed1i v\u1edbi r\u0103ng xay c\u1ee7a m\u00e1y xay x\u01b0\u01a1ng.<\/p>   <div class=\"wp-block-image\"> <figure class=\"aligncenter size-full\"><img loading=\"lazy\" decoding=\"async\" width=\"720\" height=\"540\" src=\"https:\/\/www.meatprocessingmachine.org\/wp-content\/uploads\/2020\/11\/beef-bone-paste-grinding.png\" alt=\"xay b\u1ed9t x\u01b0\u01a1ng b\u00f2\" class=\"wp-image-33065\" title=\"\" srcset=\"https:\/\/www.meatprocessingmachine.org\/wp-content\/uploads\/2020\/11\/beef-bone-paste-grinding.png 720w, https:\/\/www.meatprocessingmachine.org\/wp-content\/uploads\/2020\/11\/beef-bone-paste-grinding-300x225.png 300w\" sizes=\"auto, (max-width: 720px) 100vw, 720px\" \/><figcaption class=\"wp-element-caption\">xay b\u1ed9t x\u01b0\u01a1ng b\u00f2<\/figcaption><\/figure> <\/div>   <p>M\u00e1y xay th\u1ecbt v\u00e0 x\u01b0\u01a1ng xay nguy\u00ean li\u1ec7u th\u00f4ng qua chuy\u1ec3n \u0111\u1ed9ng t\u1ed1c \u0111\u1ed9 cao c\u1ee7a stato v\u00e0 rotor c\u00f3 h\u00ecnh d\u1ea1ng h\u00ecnh h\u1ecdc kh\u00e1c nhau. Khi stato v\u00e0 rotor di chuy\u1ec3n v\u1edbi t\u1ed1c \u0111\u1ed9 cao, n\u00f3 s\u1ebd t\u1ea1o ra nhi\u1ec1u l\u1ef1c h\u1ee3p th\u00e0nh nh\u01b0 rung \u0111\u1ed9ng t\u1ea7n s\u1ed1 cao, xo\u00e1y t\u1ed1c \u0111\u1ed9 cao v\u00e0 l\u1ef1c c\u1eaft. D\u01b0\u1edbi t\u00e1c \u0111\u1ed9ng c\u1ee7a c\u00e1c l\u1ef1c k\u1ebft h\u1ee3p n\u00e0y, m\u00e1y xay nguy\u00ean li\u1ec7u v\u00e0 l\u00e0m cho nguy\u00ean li\u1ec7u \u0111\u01b0\u1ee3c tinh ch\u1ebf. M\u00e1y xay x\u01b0\u01a1ng c\u1ee7a Taizy \u00e1p d\u1ee5ng quy tr\u00ecnh tinh ch\u1ebf. C\u00f3 ba khu v\u1ef1c xay trong bu\u1ed3ng nghi\u1ec1n c\u1ee7a m\u00e1y. Ba khu v\u1ef1c xay l\u00e0 khu v\u1ef1c xay th\u00f4, khu v\u1ef1c xay m\u1ecbn v\u00e0 khu v\u1ef1c xay si\u00eau m\u1ecbn. Th\u00f4ng qua ba khu v\u1ef1c xay n\u00e0y, n\u00f3 s\u1ebd \u0111\u1ea1t \u0111\u01b0\u1ee3c m\u1ee9c \u0111\u1ed9 ph\u00e1 v\u1ee1 l\u1edbn nh\u1ea5t v\u00e0 \u0111\u00e1p \u1ee9ng y\u00eau c\u1ea7u v\u1ec1 \u0111\u1ed9 m\u1ecbn v\u00e0 \u0111\u1ed9 m\u01b0\u1ee3t.<\/p>    <h2 class=\"wp-block-heading\" id=\"h-fish-and-beef-bone-paste-grinding-machine-characteristics\">\u0110\u1eb7c \u0111i\u1ec3m c\u1ee7a m\u00e1y xay b\u1ed9t x\u01b0\u01a1ng c\u00e1 v\u00e0 b\u00f2<\/h2>   <div class=\"wp-block-image\"> <figure class=\"aligncenter size-full\"><img loading=\"lazy\" decoding=\"async\" width=\"720\" height=\"540\" src=\"https:\/\/www.meatprocessingmachine.org\/wp-content\/uploads\/2020\/11\/bone-grinder-machine-1.jpg\" alt=\"m\u00e1y-xay-x\u01b0\u01a1ng\" class=\"wp-image-33066\" title=\"\" srcset=\"https:\/\/www.meatprocessingmachine.org\/wp-content\/uploads\/2020\/11\/bone-grinder-machine-1.jpg 720w, https:\/\/www.meatprocessingmachine.org\/wp-content\/uploads\/2020\/11\/bone-grinder-machine-1-300x225.jpg 300w\" sizes=\"auto, (max-width: 720px) 100vw, 720px\" \/><figcaption class=\"wp-element-caption\">m\u00e1y-xay-x\u01b0\u01a1ng<\/figcaption><\/figure> <\/div>   <ol style=\"list-style-type:1\" class=\"wp-block-list\"> <li>M\u00e1y xay x\u01b0\u01a1ng c\u00f3 c\u00e1c th\u00f4ng s\u1ed1 nh\u01b0 \u0111\u1ee9ng, n\u1eb1m ngang, t\u00e1ch r\u1eddi v\u00e0 m\u00e1y c\u00f3 nhi\u1ec1u s\u1ea3n l\u01b0\u1ee3ng.<\/li>    <li>M\u00e1y ch\u1ee7 y\u1ebfu \u0111\u01b0\u1ee3c c\u1ea5u th\u00e0nh t\u1eeb m\u1ed9t n\u1eafp, \u0111\u1ea7u xay, tay \u0111i\u1ec1u ch\u1ec9nh, c\u01a1 ch\u1ebf l\u00e0m m\u00e1t, \u0111\u1ed9ng c\u01a1 v\u00e0 c\u00e1c b\u1ed9 ph\u1eadn kh\u00e1c. C\u00e1c b\u1ed9 ph\u1eadn ch\u00ednh c\u1ee7a n\u00f3 \u0111\u01b0\u1ee3c l\u00e0m b\u1eb1ng th\u00e9p kh\u00f4ng g\u1ec9 c\u1ea5p th\u1ef1c ph\u1ea9m, c\u00f3 kh\u1ea3 n\u0103ng ch\u1ed1ng \u0103n m\u00f2n, an to\u00e0n v\u00e0 hi\u1ec7u qu\u1ea3.<\/li>    <li>M\u00e1y n\u00e0y kh\u00f4ng ch\u1ec9 c\u00f3 th\u1ec3 \u0111\u01b0\u1ee3c s\u1eed d\u1ee5ng \u0111\u1ec3 l\u00e0m b\u1ed9t x\u01b0\u01a1ng m\u00e0 c\u00f2n \u0111\u1ec3 l\u00e0m b\u01a1 \u0111\u1eadu ph\u1ed9ng, s\u1ed1t \u1edbt, s\u1eefa \u0111\u1eadu n\u00e0nh v\u00e0 c\u00e1c ng\u00e0nh th\u1ef1c ph\u1ea9m kh\u00e1c. N\u00f3 c\u0169ng \u0111\u01b0\u1ee3c \u00e1p d\u1ee5ng r\u1ed9ng r\u00e3i trong c\u00e1c nhu c\u1ea7u h\u00e0ng ng\u00e0y, ng\u00e0nh h\u00f3a ch\u1ea5t, ng\u00e0nh d\u01b0\u1ee3c ph\u1ea9m v\u00e0 c\u00e1c ng\u00e0nh kh\u00e1c. Theo c\u00e1c \u0111\u1eb7c \u0111i\u1ec3m kh\u00e1c nhau c\u1ee7a nguy\u00ean li\u1ec7u, b\u1ea1n c\u00f3 th\u1ec3 ch\u1ecdn m\u00e1y c\u00f3 c\u00e1c th\u00f4ng s\u1ed1 v\u00e0 m\u1eabu kh\u00e1c nhau \u0111\u1ec3 s\u1ea3n xu\u1ea5t.<\/li>    <li>M\u00e1y xay x\u01b0\u01a1ng c\u00f3 \u0111\u1eb7c \u0111i\u1ec3m c\u1ea5u tr\u00fac g\u1ecdn nh\u1eb9, h\u00ecnh th\u1ee9c \u0111\u1eb9p, hi\u1ec7u su\u1ea5t \u1ed5n \u0111\u1ecbnh v\u00e0 v\u1eadn h\u00e0nh thu\u1eadn ti\u1ec7n.<\/li>    <li>B\u1ed9t x\u01b0\u01a1ng \u0111\u01b0\u1ee3c s\u1ea3n xu\u1ea5t b\u1edfi m\u00e1y n\u00e0y l\u00e0 m\u1ed9t v\u1eadt li\u1ec7u m\u1ecbn l\u00fd t\u01b0\u1edfng. V\u00e0 n\u00f3 c\u00f3 th\u1ec3 ki\u1ec3m so\u00e1t \u0111\u1ed9 m\u1ecbn xay b\u1eb1ng c\u00e1ch \u0111i\u1ec1u ch\u1ec9nh tay \u0111i\u1ec1u ch\u1ec9nh v\u00e0 t\u0103ng s\u1ed1 l\u1ea7n xay.<\/li>    <li>\u0110\u0129a xay c\u1ee7a m\u00e1y xay b\u1ed9t x\u01b0\u01a1ng \u0111\u01b0\u1ee3c gia c\u1ed1 \u0111\u1ec3 c\u00f3 kh\u1ea3 n\u0103ng ch\u1ed1ng \u0103n m\u00f2n v\u00e0 m\u00e0i m\u00f2n t\u1ed1t.<\/li> <\/ol>    <h2 class=\"wp-block-heading\" id=\"h-precautions-of-fish-and-beef-bone-paste-grinding-machine\">Nh\u1eefng \u0111i\u1ec1u c\u1ea7n l\u01b0u \u00fd c\u1ee7a m\u00e1y xay b\u1ed9t x\u01b0\u01a1ng c\u00e1 v\u00e0 b\u00f2<\/h2>   <div class=\"wp-block-image\"> <figure class=\"aligncenter size-full\"><img loading=\"lazy\" decoding=\"async\" width=\"720\" height=\"540\" src=\"https:\/\/www.meatprocessingmachine.org\/wp-content\/uploads\/2020\/11\/bone-grinder-machine-1.png\" alt=\"m\u00e1y xay x\u01b0\u01a1ng\" class=\"wp-image-33072\" title=\"\" srcset=\"https:\/\/www.meatprocessingmachine.org\/wp-content\/uploads\/2020\/11\/bone-grinder-machine-1.png 720w, https:\/\/www.meatprocessingmachine.org\/wp-content\/uploads\/2020\/11\/bone-grinder-machine-1-300x225.png 300w\" sizes=\"auto, (max-width: 720px) 100vw, 720px\" \/><figcaption class=\"wp-element-caption\">m\u00e1y xay x\u01b0\u01a1ng<\/figcaption><\/figure> <\/div>   <ol style=\"list-style-type:1\" class=\"wp-block-list\"> <li>B\u1ea1n n\u00ean l\u1eafp \u0111\u1eb7t m\u00e1y xay b\u1ed9t x\u01b0\u01a1ng tr\u00ean m\u1eb7t \u0111\u1ea5t b\u1eb1ng ph\u1eb3ng \u0111\u1ec3 \u0111\u1ea3m b\u1ea3o ho\u1ea1t \u0111\u1ed9ng tr\u01a1n tru.<\/li>    <li>M\u00e1y ho\u1ea1t \u0111\u1ed9ng th\u00f4ng minh th\u1ef1c hi\u1ec7n x\u1eed l\u00fd \u01b0\u1edbt v\u00e0 kh\u00f4ng th\u1ec3 x\u1eed l\u00fd c\u00e1c v\u1eadt li\u1ec7u r\u1eafn kh\u00f4.<\/li>    <li>Tr\u01b0\u1edbc khi s\u1eed d\u1ee5ng m\u00e1y \u0111\u1ec3 xay, h\u00e3y ki\u1ec3m tra xem c\u00e1c v\u00edt c\u1ee7a t\u1eebng b\u1ed9 ph\u1eadn c\u1ee7a m\u00e1y c\u00f3 \u0111\u01b0\u1ee3c si\u1ebft ch\u1eb7t kh\u00f4ng. V\u00e0 ki\u1ec3m tra xem rotor c\u00f3 ti\u1ebfp x\u00fac v\u1edbi stato hay kh\u00f4ng, v\u00e0 li\u1ec7u n\u00f3 c\u00f3 b\u1ecb k\u1eb9t hay kh\u00f4ng.<\/li>    <li>&nbsp;Ki\u1ec3m tra xem c\u00f3 b\u1ea5t k\u1ef3 t\u1ea1p ch\u1ea5t n\u00e0o b\u00ean trong ph\u1ec5u v\u00e0 m\u00e1y kh\u00f4ng. Khi \u0111\u1eb7t nguy\u00ean li\u1ec7u, b\u1ea1n n\u00ean ki\u1ec3m so\u00e1t nguy\u00ean li\u1ec7u trong v\u00f2ng 1mm. V\u00e0 nghi\u00eam c\u1ea5m cho s\u1eaft v\u00e0 c\u00e1c h\u1ea1t c\u1ee9ng v\u00e0o m\u00e1y.<\/li>    <li>K\u1ebft n\u1ed1i ngu\u1ed3n \u0111i\u1ec7n v\u00e0 ki\u1ec3m tra xem h\u01b0\u1edbng quay c\u1ee7a rotor c\u00f3 nh\u1ea5t qu\u00e1n v\u1edbi m\u0169i t\u00ean tr\u00ean \u0111\u1ebf hay kh\u00f4ng.<\/li>    <li>Sau khi kh\u1edfi \u0111\u1ed9ng \u0111\u1ed9ng c\u01a1, h\u00e3y ki\u1ec3m tra xem c\u00f3 b\u1ea5t k\u1ef3 b\u1ea5t th\u01b0\u1eddng n\u00e0o nh\u01b0 ti\u1ebfng \u1ed3n kh\u00f4ng.<\/li> <\/ol>    <h2 class=\"wp-block-heading\" id=\"h-how-to-adjust-the-bone-grinder-machine-gap\">L\u00e0m th\u1ebf n\u00e0o \u0111\u1ec3 \u0111i\u1ec1u ch\u1ec9nh kho\u1ea3ng c\u00e1ch c\u1ee7a m\u00e1y xay x\u01b0\u01a1ng?<\/h2>   <div class=\"wp-block-image\"> <figure class=\"aligncenter size-full\"><img loading=\"lazy\" decoding=\"async\" width=\"720\" height=\"540\" src=\"https:\/\/www.meatprocessingmachine.org\/wp-content\/uploads\/2020\/11\/beef-bone-paste-grinding-machinel.png\" alt=\" m\u00e1y xay b\u1ed9t x\u01b0\u01a1ng b\u00f2\" class=\"wp-image-33090\" title=\"\" srcset=\"https:\/\/www.meatprocessingmachine.org\/wp-content\/uploads\/2020\/11\/beef-bone-paste-grinding-machinel.png 720w, https:\/\/www.meatprocessingmachine.org\/wp-content\/uploads\/2020\/11\/beef-bone-paste-grinding-machinel-300x225.png 300w\" sizes=\"auto, (max-width: 720px) 100vw, 720px\" \/><figcaption class=\"wp-element-caption\"> m\u00e1y xay b\u1ed9t x\u01b0\u01a1ng b\u00f2<\/figcaption><\/figure> <\/div>   <p>C\u00f3 th\u1ec3 c\u00f3 y\u00eau c\u1ea7u kh\u00e1c nhau v\u1ec1 \u0111\u1ed9 m\u1ecbn c\u1ee7a b\u1ed9t x\u01b0\u01a1ng xay cho c\u00e1c kh\u00e1ch h\u00e0ng kh\u00e1c nhau. V\u1eady l\u00e0m th\u1ebf n\u00e0o \u0111\u1ec3 \u0111i\u1ec1u ch\u1ec9nh m\u00e1y xay x\u01b0\u01a1ng \u0111\u1ec3 \u0111\u1ea1t \u0111\u01b0\u1ee3c \u0111\u1ed9 m\u1ecbn mong mu\u1ed1n? B\u1ea1n c\u00f3 th\u1ec3 \u0111i\u1ec1u ch\u1ec9nh tay \u0111i\u1ec1u ch\u1ec9nh \u0111\u1ec3 \u0111i\u1ec1u ch\u1ec9nh \u0111\u1ed9 m\u1ecbn c\u1ee7a b\u1ed9t x\u01b0\u01a1ng xay. Xoay tay \u0111i\u1ec1u ch\u1ec9nh theo chi\u1ec1u kim \u0111\u1ed3ng h\u1ed3, v\u00e0 kho\u1ea3ng c\u00e1ch gi\u1eefa stato v\u00e0 rotor tr\u1edf n\u00ean nh\u1ecf h\u01a1n. V\u00e0 \u0111\u1ed9 m\u1ecbn c\u1ee7a vi\u1ec7c xay tr\u1edf n\u00ean m\u1ecbn h\u01a1n. Khi \u0111i\u1ec1u ch\u1ec9nh tay, h\u00e3y xoay tay \u0111i\u1ec1u ch\u1ec9nh theo chi\u1ec1u kim \u0111\u1ed3ng h\u1ed3. Khi b\u1ea1n c\u1ea3m th\u1ea5y m\u1ed9t ch\u00fat ma s\u00e1t, h\u00e3y xoay theo h\u01b0\u1edbng ng\u01b0\u1ee3c l\u1ea1i \u0111\u1ec3 kho\u1ea3ng c\u00e1ch gi\u1eefa c\u00e1c \u0111\u1ea7u xay l\u1edbn h\u01a1n 0. Sau khi \u0111i\u1ec1u ch\u1ec9nh \u0111\u1ed9 m\u1ecbn, h\u00e3y si\u1ebft ch\u1eb7t tay tr\u00ean v\u00f2ng \u0111i\u1ec1u ch\u1ec9nh. \u0110\u1ec3 \u0111\u00e1p \u1ee9ng y\u00eau c\u1ea7u v\u1ec1 \u0111\u1ed9 m\u1ecbn ch\u1ebf bi\u1ebfn, h\u00e3y l\u00e0m cho kho\u1ea3ng c\u00e1ch gi\u1eefa c\u00e1c \u0111\u0129a xay c\u00e0ng l\u1edbn c\u00e0ng t\u1ed1t. \u0110i\u1ec1u n\u00e0y c\u00f3 th\u1ec3 t\u0103ng tu\u1ed5i th\u1ecd c\u1ee7a \u0111\u1ea7u xay.<\/p>    <h2 class=\"wp-block-heading\">Tr\u01b0\u1eddng h\u1ee3p kh\u00e1ch h\u00e0ng c\u1ee7a m\u00e1y xay x\u01b0\u01a1ng<\/h2>   <div class=\"wp-block-image\"> <figure class=\"aligncenter size-full\"><img loading=\"lazy\" decoding=\"async\" width=\"720\" height=\"540\" src=\"https:\/\/www.meatprocessingmachine.org\/wp-content\/uploads\/2020\/11\/bone-grinder-machine.png\" alt=\"m\u00e1y-xay-x\u01b0\u01a1ng\" class=\"wp-image-33068\" title=\"\" srcset=\"https:\/\/www.meatprocessingmachine.org\/wp-content\/uploads\/2020\/11\/bone-grinder-machine.png 720w, https:\/\/www.meatprocessingmachine.org\/wp-content\/uploads\/2020\/11\/bone-grinder-machine-300x225.png 300w\" sizes=\"auto, (max-width: 720px) 100vw, 720px\" \/><figcaption class=\"wp-element-caption\">m\u00e1y xay x\u01b0\u01a1ng<\/figcaption><\/figure> <\/div>   <p><br>Ch\u00fang t\u00f4i g\u1ea7n \u0111\u00e2y \u0111\u00e3 v\u1eadn chuy\u1ec3n m\u00e1y nghi\u1ec1n x\u01b0\u01a1ng v\u00e0 m\u00e1y xay x\u01b0\u01a1ng v\u00e0 giao cho kh\u00e1ch h\u00e0ng. Kh\u00e1ch h\u00e0ng c\u1ea7n ch\u1ebf bi\u1ebfn th\u1ee9c \u0103n cho th\u00fa c\u01b0ng. Nguy\u00ean li\u1ec7u s\u1eed d\u1ee5ng l\u00e0 x\u01b0\u01a1ng heo, nh\u01b0ng x\u01b0\u01a1ng t\u01b0\u01a1ng \u0111\u1ed1i l\u1edbn, v\u00ec v\u1eady c\u1ea7n ph\u1ea3i b\u1ebb nh\u1ecf tr\u01b0\u1edbc, sau \u0111\u00f3 m\u1edbi xay. X\u01b0\u01a1ng \u0111\u01b0\u1ee3c th\u00eam v\u00e0o th\u1ee9c \u0103n cho th\u00fa c\u01b0ng, kh\u00f4ng ch\u1ec9 c\u00f3 th\u1ec3 t\u0103ng h\u01b0\u01a1ng v\u1ecb c\u1ee7a th\u1ee9c \u0103n cho th\u00fa c\u01b0ng m\u00e0 c\u00f2n cung c\u1ea5p dinh d\u01b0\u1ee1ng phong ph\u00fa.<\/p>    <h2 class=\"wp-block-heading\">Video v\u1ec1 m\u00e1y xay x\u01b0\u01a1ng<\/h2>    <figure class=\"wp-block-embed aligncenter is-type-video is-provider-youtube wp-block-embed-youtube\"><div class=\"wp-block-embed__wrapper\"> <iframe loading=\"lazy\" title=\"M\u00e1y n\u00e0o c\u00f3 th\u1ec3 xay x\u01b0\u01a1ng? | m\u00e1y xay x\u01b0\u01a1ng c\u00e1 v\u00e0 b\u00f2 \u0111\u1ec3 b\u00e1n | m\u00e1y xay x\u01b0\u01a1ng\" width=\"500\" height=\"281\" src=\"https:\/\/www.youtube.com\/embed\/aJFLYTwqDF0?feature=oembed\" frameborder=\"0\" allow=\"accelerometer; autoplay; clipboard-write; encrypted-media; gyroscope; picture-in-picture; web-share\" referrerpolicy=\"strict-origin-when-cross-origin\" allowfullscreen><\/iframe> <\/div><figcaption class=\"wp-element-caption\">m\u00e1y xay x\u01b0\u01a1ng<\/figcaption><\/figure>","protected":false},"excerpt":{"rendered":"<p>M\u00e1y xay x\u01b0\u01a1ng th\u01b0\u1eddng \u0111\u01b0\u1ee3c k\u1ebft h\u1ee3p v\u1edbi m\u00e1y nghi\u1ec1n x\u01b0\u01a1ng \u0111\u1ec3 nghi\u1ec1n n\u00e1t x\u01b0\u01a1ng \u0111\u1ed9ng v\u1eadt v\u00e0 l\u00e0m b\u1ed9t x\u01b0\u01a1ng.<\/p>","protected":false},"author":1,"featured_media":33067,"parent":0,"template":"","product-type":[594],"class_list":["post-899","product","type-product","status-publish","has-post-thumbnail","hentry","product-type-bone-processing-equipment"],"_links":{"self":[{"href":"https:\/\/www.meatprocessingmachine.org\/vi\/wp-json\/wp\/v2\/product\/899","targetHints":{"allow":["GET"]}}],"collection":[{"href":"https:\/\/www.meatprocessingmachine.org\/vi\/wp-json\/wp\/v2\/product"}],"about":[{"href":"https:\/\/www.meatprocessingmachine.org\/vi\/wp-json\/wp\/v2\/types\/product"}],"author":[{"embeddable":true,"href":"https:\/\/www.meatprocessingmachine.org\/vi\/wp-json\/wp\/v2\/users\/1"}],"wp:featuredmedia":[{"embeddable":true,"href":"https:\/\/www.meatprocessingmachine.org\/vi\/wp-json\/wp\/v2\/media\/33067"}],"wp:attachment":[{"href":"https:\/\/www.meatprocessingmachine.org\/vi\/wp-json\/wp\/v2\/media?parent=899"}],"wp:term":[{"taxonomy":"product-type","embeddable":true,"href":"https:\/\/www.meatprocessingmachine.org\/vi\/wp-json\/wp\/v2\/product-type?post=899"}],"curies":[{"name":"wp","href":"https:\/\/api.w.org\/{rel}","templated":true}]}}