{"id":91,"date":"2018-10-25T06:08:16","date_gmt":"2018-10-24T22:08:16","guid":{"rendered":"http:\/\/www.meatprocessingmachine.org\/?p=91"},"modified":"2023-02-16T13:51:39","modified_gmt":"2023-02-16T05:51:39","slug":"frozen-meat-cutting-machine","status":"publish","type":"product","link":"https:\/\/www.meatprocessingmachine.org\/vi\/frozen-meat-cutting-machine.html","title":{"rendered":"M\u00e1y c\u1eaft th\u1ecbt \u0111\u00f4ng l\u1ea1nh | M\u00e1y th\u00e1i th\u1ecbt \u0111\u00f4ng l\u1ea1nh"},"content":{"rendered":"<div class=\"kk-star-ratings kksr-auto kksr-align-right kksr-valign-top\"     data-payload='{&quot;align&quot;:&quot;right&quot;,&quot;id&quot;:&quot;91&quot;,&quot;slug&quot;:&quot;default&quot;,&quot;valign&quot;:&quot;top&quot;,&quot;ignore&quot;:&quot;&quot;,&quot;reference&quot;:&quot;auto&quot;,&quot;class&quot;:&quot;&quot;,&quot;count&quot;:&quot;0&quot;,&quot;legendonly&quot;:&quot;&quot;,&quot;readonly&quot;:&quot;&quot;,&quot;score&quot;:&quot;0&quot;,&quot;starsonly&quot;:&quot;&quot;,&quot;best&quot;:&quot;5&quot;,&quot;gap&quot;:&quot;5&quot;,&quot;greet&quot;:&quot;Rate this product&quot;,&quot;legend&quot;:&quot;0\\\/5 - (0 b\u00ecnh ch\u1ecdn)&quot;,&quot;size&quot;:&quot;24&quot;,&quot;title&quot;:&quot;Frozen meat cutting machine | Frozen meat slicer&quot;,&quot;width&quot;:&quot;0&quot;,&quot;_legend&quot;:&quot;{score}\\\/{best} - ({count} {votes})&quot;,&quot;font_factor&quot;:&quot;1.25&quot;}'>              <div class=\"kksr-stars\">      <div class=\"kksr-stars-inactive\">             <div class=\"kksr-star\" data-star=\"1\" style=\"padding-right: 5px\">               <div class=\"kksr-icon\" style=\"width: 24px; height: 24px;\"><\/div>         <\/div>             <div class=\"kksr-star\" data-star=\"2\" style=\"padding-right: 5px\">               <div class=\"kksr-icon\" style=\"width: 24px; height: 24px;\"><\/div>         <\/div>             <div class=\"kksr-star\" data-star=\"3\" style=\"padding-right: 5px\">               <div class=\"kksr-icon\" style=\"width: 24px; height: 24px;\"><\/div>         <\/div>             <div class=\"kksr-star\" data-star=\"4\" style=\"padding-right: 5px\">               <div class=\"kksr-icon\" style=\"width: 24px; height: 24px;\"><\/div>         <\/div>             <div class=\"kksr-star\" data-star=\"5\" style=\"padding-right: 5px\">               <div class=\"kksr-icon\" style=\"width: 24px; height: 24px;\"><\/div>         <\/div>     <\/div>      <div class=\"kksr-stars-active\" style=\"width: 0px;\">             <div class=\"kksr-star\" style=\"padding-right: 5px\">               <div class=\"kksr-icon\" style=\"width: 24px; height: 24px;\"><\/div>         <\/div>             <div class=\"kksr-star\" style=\"padding-right: 5px\">               <div class=\"kksr-icon\" style=\"width: 24px; height: 24px;\"><\/div>         <\/div>             <div class=\"kksr-star\" style=\"padding-right: 5px\">               <div class=\"kksr-icon\" style=\"width: 24px; height: 24px;\"><\/div>         <\/div>             <div class=\"kksr-star\" style=\"padding-right: 5px\">               <div class=\"kksr-icon\" style=\"width: 24px; height: 24px;\"><\/div>         <\/div>             <div class=\"kksr-star\" style=\"padding-right: 5px\">               <div class=\"kksr-icon\" style=\"width: 24px; height: 24px;\"><\/div>         <\/div>     <\/div> <\/div>                   <div class=\"kksr-legend\" style=\"font-size: 19.2px;\">             <span class=\"kksr-muted\">\u0110\u00e1nh gi\u00e1 s\u1ea3n ph\u1ea9m n\u00e0y<\/span>     <\/div>     <\/div>  <p class=\"translation-block\">M\u00e1y c\u1eaft th\u1ecbt \u0111\u00f4ng l\u1ea1nh c\u00f3 th\u1ec3 nghi\u1ec1n th\u1ecbt \u0111\u00f4ng l\u1ea1nh, v\u00e0 th\u1ecbt \u0111\u00e3 nghi\u1ec1n c\u00f3 th\u1ec3 b\u1ecf v\u00e0o m\u00e1y xay th\u1ecbt \u0111\u1ec3 xay th\u00e0nh nh\u00e2n th\u1ecbt, d\u00f9ng \u0111\u1ec3 l\u00e0m c\u00e1c s\u1ea3n ph\u1ea9m th\u1ecbt nh\u01b0 x\u00fac x\u00edch, b\u00e1nh m\u00ec th\u1ecbt, vi\u00ean th\u1ecbt, v.v. <a href=\"https:\/\/www.meatprocessingmachine.org\/vi\/frozen-meat-block-crushing-and-grinder-line.html\/\" data-type=\"URL\" data-id=\"https:\/\/www.meatprocessingmachine.org\/frozen-meat-block-crushing-and-grinder-line.html\">m\u00e1y c\u1eaft th\u1ecbt \u0111\u00f4ng l\u1ea1nh<\/a> n\u00e0y c\u00f3 m\u1eb7t t\u1ea1i \u00dac, Indonesia, T\u00e2y Ban Nha, Nam Phi v\u00e0 Philippines v\u00e0 b\u00e1n r\u1ea5t ch\u1ea1y.<\/p>    <figure class=\"wp-block-gallery has-nested-images columns-default is-cropped wp-block-gallery-2 is-layout-flex wp-block-gallery-is-layout-flex\"> <figure class=\"wp-block-image size-large\"><img loading=\"lazy\" decoding=\"async\" width=\"720\" height=\"540\" data-id=\"34146\" src=\"https:\/\/www.meatprocessingmachine.org\/wp-content\/uploads\/2018\/10\/frozen-meat-before-breaking.webp\" alt=\"frozen meat before crushing\" class=\"wp-image-34146\" title=\"\" srcset=\"https:\/\/www.meatprocessingmachine.org\/wp-content\/uploads\/2018\/10\/frozen-meat-before-breaking.webp 720w, https:\/\/www.meatprocessingmachine.org\/wp-content\/uploads\/2018\/10\/frozen-meat-before-breaking-300x225.webp 300w\" sizes=\"auto, (max-width: 720px) 100vw, 720px\" \/><figcaption class=\"wp-element-caption\">Th\u1ecbt tr\u01b0\u1edbc khi nghi\u1ec1n<\/figcaption><\/figure>    <figure class=\"wp-block-image size-large\"><img loading=\"lazy\" decoding=\"async\" width=\"720\" height=\"540\" data-id=\"34147\" src=\"https:\/\/www.meatprocessingmachine.org\/wp-content\/uploads\/2018\/10\/After-frozen-meat-crushing.webp\" alt=\"Sau khi nghi\u1ec1n th\u1ecbt \u0111\u00f4ng l\u1ea1nh\" class=\"wp-image-34147\" title=\"\" srcset=\"https:\/\/www.meatprocessingmachine.org\/wp-content\/uploads\/2018\/10\/After-frozen-meat-crushing.webp 720w, https:\/\/www.meatprocessingmachine.org\/wp-content\/uploads\/2018\/10\/After-frozen-meat-crushing-300x225.webp 300w\" sizes=\"auto, (max-width: 720px) 100vw, 720px\" \/><figcaption class=\"wp-element-caption\">Sau khi nghi\u1ec1n th\u1ecbt \u0111\u00f4ng l\u1ea1nh<\/figcaption><\/figure> <\/figure>   <h2>Gi\u1edbi thi\u1ec7u m\u00e1y c\u1eaft th\u1ecbt \u0111\u00f4ng l\u1ea1nh<\/h2> <p class=\"translation-block\">The frozen meat cutting machine can directly cut frozen meat pieces, which is indispensable equipment in the processing of meat products. The whole machine is made of high-quality stainless steel, and the blade is made of high-quality alloy with a good cutting effect. There is no need to thaw during the production process, and it can directly cut all kinds of frozen meat from -18\u00b0C to -12\u00b0C. This machine reduces the freezing and thawing time and avoids the loss of nutrients during the meat re-lowering process, and reduces the users&#8217; cost. <strong>The frozen meat-cutting machine<\/strong> makes the meat free from secondary pollution and loss, ensuring deliciousness,\u00a0 nutrients, and taste.<\/p>   <figure class=\"wp-block-gallery has-nested-images columns-default is-cropped wp-block-gallery-3 is-layout-flex wp-block-gallery-is-layout-flex\"> <figure class=\"wp-block-image size-large\"><img loading=\"lazy\" decoding=\"async\" width=\"720\" height=\"540\" data-id=\"34131\" src=\"https:\/\/www.meatprocessingmachine.org\/wp-content\/uploads\/2018\/10\/Frozen-meat-slicer.webp\" alt=\"M\u00e1y c\u1eaft th\u1ecbt \u0111\u00f4ng l\u1ea1nh\" class=\"wp-image-34131\" title=\"\" srcset=\"https:\/\/www.meatprocessingmachine.org\/wp-content\/uploads\/2018\/10\/Frozen-meat-slicer.webp 720w, https:\/\/www.meatprocessingmachine.org\/wp-content\/uploads\/2018\/10\/Frozen-meat-slicer-300x225.webp 300w\" sizes=\"auto, (max-width: 720px) 100vw, 720px\" \/><figcaption class=\"wp-element-caption\">M\u00e1y c\u1eaft th\u1ecbt \u0111\u00f4ng l\u1ea1nh<\/figcaption><\/figure>    <figure class=\"wp-block-image size-large\"><img loading=\"lazy\" decoding=\"async\" width=\"720\" height=\"540\" data-id=\"34133\" src=\"https:\/\/www.meatprocessingmachine.org\/wp-content\/uploads\/2018\/10\/Frozen-meat-slicer-1.webp\" alt=\"M\u00e1y c\u1eaft th\u1ecbt \u0111\u00f4ng l\u1ea1nh\" class=\"wp-image-34133\" title=\"\" srcset=\"https:\/\/www.meatprocessingmachine.org\/wp-content\/uploads\/2018\/10\/Frozen-meat-slicer-1.webp 720w, https:\/\/www.meatprocessingmachine.org\/wp-content\/uploads\/2018\/10\/Frozen-meat-slicer-1-300x225.webp 300w\" sizes=\"auto, (max-width: 720px) 100vw, 720px\" \/><figcaption class=\"wp-element-caption\">M\u00e1y c\u1eaft th\u1ecbt \u0111\u00f4ng l\u1ea1nh<\/figcaption><\/figure>    <figure class=\"wp-block-image size-large\"><img loading=\"lazy\" decoding=\"async\" width=\"720\" height=\"540\" data-id=\"34134\" src=\"https:\/\/www.meatprocessingmachine.org\/wp-content\/uploads\/2018\/10\/Frozen-meat-slicer-2.webp\" alt=\"M\u00e1y c\u1eaft th\u1ecbt \u0111\u00f4ng l\u1ea1nh\" class=\"wp-image-34134\" title=\"\" srcset=\"https:\/\/www.meatprocessingmachine.org\/wp-content\/uploads\/2018\/10\/Frozen-meat-slicer-2.webp 720w, https:\/\/www.meatprocessingmachine.org\/wp-content\/uploads\/2018\/10\/Frozen-meat-slicer-2-300x225.webp 300w\" sizes=\"auto, (max-width: 720px) 100vw, 720px\" \/><figcaption class=\"wp-element-caption\">M\u00e1y c\u1eaft th\u1ecbt \u0111\u00f4ng l\u1ea1nh<\/figcaption><\/figure> <\/figure>    <h2 class=\"wp-block-heading\" id=\"h-features-of-meat-cutter-machine\"><strong>T\u00ednh n\u0103ng<\/strong> c\u1ee7a m\u00e1y c\u1eaft th\u1ecbt<\/h2>    <figure class=\"wp-block-gallery has-nested-images columns-2 is-cropped wp-block-gallery-4 is-layout-flex wp-block-gallery-is-layout-flex\"> <figure class=\"wp-block-image size-large\"><img loading=\"lazy\" decoding=\"async\" width=\"720\" height=\"540\" data-id=\"34135\" src=\"https:\/\/www.meatprocessingmachine.org\/wp-content\/uploads\/2018\/10\/Frozen-meat-cutting-machine.webp\" alt=\"M\u00e1y c\u1eaft th\u1ecbt \u0111\u00f4ng l\u1ea1nh\" class=\"wp-image-34135\" title=\"\" srcset=\"https:\/\/www.meatprocessingmachine.org\/wp-content\/uploads\/2018\/10\/Frozen-meat-cutting-machine.webp 720w, https:\/\/www.meatprocessingmachine.org\/wp-content\/uploads\/2018\/10\/Frozen-meat-cutting-machine-300x225.webp 300w\" sizes=\"auto, (max-width: 720px) 100vw, 720px\" \/><figcaption class=\"wp-element-caption\">M\u00e1y c\u1eaft th\u1ecbt \u0111\u00f4ng l\u1ea1nh<\/figcaption><\/figure>    <figure class=\"wp-block-image size-large\"><img loading=\"lazy\" decoding=\"async\" width=\"720\" height=\"540\" data-id=\"34137\" src=\"https:\/\/www.meatprocessingmachine.org\/wp-content\/uploads\/2018\/10\/Frozen-meat-cutting-machine-2.webp\" alt=\"M\u00e1y c\u1eaft th\u1ecbt \u0111\u00f4ng l\u1ea1nh\" class=\"wp-image-34137\" title=\"\" srcset=\"https:\/\/www.meatprocessingmachine.org\/wp-content\/uploads\/2018\/10\/Frozen-meat-cutting-machine-2.webp 720w, https:\/\/www.meatprocessingmachine.org\/wp-content\/uploads\/2018\/10\/Frozen-meat-cutting-machine-2-300x225.webp 300w\" sizes=\"auto, (max-width: 720px) 100vw, 720px\" \/><figcaption class=\"wp-element-caption\">M\u00e1y c\u1eaft th\u1ecbt \u0111\u00f4ng l\u1ea1nh<\/figcaption><\/figure>    <figure class=\"wp-block-image size-large\"><img loading=\"lazy\" decoding=\"async\" width=\"720\" height=\"540\" data-id=\"34136\" src=\"https:\/\/www.meatprocessingmachine.org\/wp-content\/uploads\/2018\/10\/Frozen-meat-cutting-machine-1.webp\" alt=\"M\u00e1y c\u1eaft th\u1ecbt \u0111\u00f4ng l\u1ea1nh\" class=\"wp-image-34136\" title=\"\" srcset=\"https:\/\/www.meatprocessingmachine.org\/wp-content\/uploads\/2018\/10\/Frozen-meat-cutting-machine-1.webp 720w, https:\/\/www.meatprocessingmachine.org\/wp-content\/uploads\/2018\/10\/Frozen-meat-cutting-machine-1-300x225.webp 300w\" sizes=\"auto, (max-width: 720px) 100vw, 720px\" \/><figcaption class=\"wp-element-caption\">M\u00e1y c\u1eaft th\u1ecbt \u0111\u00f4ng l\u1ea1nh<\/figcaption><\/figure>    <figure class=\"wp-block-image size-large\"><img loading=\"lazy\" decoding=\"async\" width=\"720\" height=\"540\" data-id=\"34138\" src=\"https:\/\/www.meatprocessingmachine.org\/wp-content\/uploads\/2018\/10\/Frozen-meat-cutting-machine-3.webp\" alt=\"M\u00e1y c\u1eaft th\u1ecbt \u0111\u00f4ng l\u1ea1nh\" class=\"wp-image-34138\" title=\"\" srcset=\"https:\/\/www.meatprocessingmachine.org\/wp-content\/uploads\/2018\/10\/Frozen-meat-cutting-machine-3.webp 720w, https:\/\/www.meatprocessingmachine.org\/wp-content\/uploads\/2018\/10\/Frozen-meat-cutting-machine-3-300x225.webp 300w\" sizes=\"auto, (max-width: 720px) 100vw, 720px\" \/><figcaption class=\"wp-element-caption\">M\u00e1y c\u1eaft th\u1ecbt \u0111\u00f4ng l\u1ea1nh<\/figcaption><\/figure> <\/figure>    <p>M\u00e1y c\u1eaft th\u1ecbt \u0111\u00f4ng l\u1ea1nh d\u1ef1a tr\u00ean c\u00f4ng ngh\u1ec7 ti\u00ean ti\u1ebfn c\u1ee7a c\u00e1c s\u1ea3n ph\u1ea9m t\u01b0\u01a1ng t\u1ef1 trong v\u00e0 ngo\u00e0i n\u01b0\u1edbc, k\u1ebft h\u1ee3p v\u1edbi c\u00f4ng ngh\u1ec7 ch\u1ebf bi\u1ebfn th\u1ef1c t\u1ebf c\u1ee7a Trung Qu\u1ed1c \u0111\u1ec3 ph\u00e1t tri\u1ec3n v\u00e0 s\u1ea3n xu\u1ea5t. N\u00f3 c\u00f3 hi\u1ec7u su\u1ea5t \u1ed5n \u0111\u1ecbnh, ti\u00eau th\u1ee5 nh\u1ecf v\u00e0 n\u0103ng su\u1ea5t cao.<\/p>    <h2 class=\"wp-block-heading\" id=\"h-specification\"> Th\u00f4ng s\u1ed1 m\u00e1y c\u1eaft th\u1ecbt \u0111\u00f4ng l\u1ea1nh SL-200<\/h2>    <figure class=\"wp-block-table\"><table><tbody><tr><td>M\u1eabu m\u00e3<\/td><td>K\u00edch th\u01b0\u1edbc<\/td><td>C\u00f4ng su\u1ea5t<\/td><td>T\u1ed1c \u0111\u1ed9 \u0111\u1ed9ng c\u01a1<\/td><td>C\u00f4ng su\u1ea5t<\/td><td>Tr\u1ecdng l\u01b0\u1ee3ng<\/td><\/tr><tr><td>SL-200<\/td><td>1255*720*1420mm<\/td><td>3~5t\/h<\/td><td>1450<\/td><td>5.5kw<\/td><td>600kg<\/td><\/tr><\/tbody><\/table><figcaption class=\"wp-element-caption\">th\u00f4ng s\u1ed1 k\u1ef9 thu\u1eadt m\u00e1y c\u1eaft th\u1ecbt \u0111\u00f4ng l\u1ea1nh<\/figcaption><\/figure>    <h2 class=\"wp-block-heading\" id=\"h-advantages-of-frozen-meat-cutting-machine\">\u01afu \u0111i\u1ec3m c\u1ee7a m\u00e1y c\u1eaft th\u1ecbt \u0111\u00f4ng l\u1ea1nh<\/h2>    <p>1. Th\u1ecbt s\u1ed1ng t\u1eeb -18\u2103 \u0111\u1ebfn -12\u2103 c\u00f3 th\u1ec3 c\u1eaft tr\u1ef1c ti\u1ebfp, lo\u1ea1i b\u1ecf b\u01b0\u1edbc l\u00e0m m\u1ec1m trung gian, r\u00fat ng\u1eafn th\u1eddi gian ch\u1ebf bi\u1ebfn, n\u00e2ng cao ch\u1ea5t l\u01b0\u1ee3ng s\u1ea3n ph\u1ea9m v\u00e0 n\u0103ng su\u1ea5t.<\/p>    <p>2. B\u1ed9 c\u1eaft s\u1eed d\u1ee5ng v\u1eadt li\u1ec7u th\u00e9p h\u1ee3p kim ch\u1ea5t l\u01b0\u1ee3ng cao, x\u1eed l\u00fd ch\u1ed1ng \u0103n m\u00f2n, tu\u1ed5i th\u1ecd d\u00e0i h\u01a1n v\u00e0 b\u1ec1n h\u01a1n<\/p>    <p>3. C\u00e1c th\u00e0nh ph\u1ea7n ch\u00ednh l\u00e0m b\u1eb1ng th\u00e9p kh\u00f4ng g\u1ec9 304, kh\u00f4ng d\u1ec5 r\u1ec9 s\u00e9t v\u00e0 \u0111\u00e1p \u1ee9ng y\u00eau c\u1ea7u th\u1ef1c ph\u1ea9m qu\u1ed1c gia.<\/p>    <p>4. D\u1ec5 v\u1eadn h\u00e0nh v\u00e0 b\u1ea3o tr\u00ec.<\/p>    <p>5. K\u00edch th\u01b0\u1edbc c\u00f3 th\u1ec3 \u0111i\u1ec1u ch\u1ec9nh theo y\u00eau c\u1ea7u c\u1ee7a kh\u00e1ch h\u00e0ng.<\/p>    <h2 class=\"wp-block-heading\" id=\"h-frozen-meat-slicer-instructions\">H\u01b0\u1edbng d\u1eabn s\u1eed d\u1ee5ng m\u00e1y c\u1eaft th\u1ecbt \u0111\u00f4ng l\u1ea1nh <\/h2>    <figure class=\"wp-block-gallery has-nested-images columns-default is-cropped wp-block-gallery-5 is-layout-flex wp-block-gallery-is-layout-flex\"> <figure class=\"wp-block-image size-large\"><img loading=\"lazy\" decoding=\"async\" width=\"720\" height=\"540\" data-id=\"34140\" src=\"https:\/\/www.meatprocessingmachine.org\/wp-content\/uploads\/2018\/10\/Frozen-meat-slicer-details.webp\" alt=\"Chi ti\u1ebft m\u00e1y c\u1eaft l\u00e1t th\u1ecbt \u0111\u00f4ng l\u1ea1nh\" class=\"wp-image-34140\" title=\"\" srcset=\"https:\/\/www.meatprocessingmachine.org\/wp-content\/uploads\/2018\/10\/Frozen-meat-slicer-details.webp 720w, https:\/\/www.meatprocessingmachine.org\/wp-content\/uploads\/2018\/10\/Frozen-meat-slicer-details-300x225.webp 300w\" sizes=\"auto, (max-width: 720px) 100vw, 720px\" \/><figcaption class=\"wp-element-caption\">Chi ti\u1ebft m\u00e1y c\u1eaft l\u00e1t th\u1ecbt \u0111\u00f4ng l\u1ea1nh<\/figcaption><\/figure>    <figure class=\"wp-block-image size-large\"><img loading=\"lazy\" decoding=\"async\" width=\"720\" height=\"540\" data-id=\"34141\" src=\"https:\/\/www.meatprocessingmachine.org\/wp-content\/uploads\/2018\/10\/Frozen-meat-slicer-details-1.webp\" alt=\"Chi ti\u1ebft m\u00e1y c\u1eaft l\u00e1t th\u1ecbt \u0111\u00f4ng l\u1ea1nh\" class=\"wp-image-34141\" title=\"\" srcset=\"https:\/\/www.meatprocessingmachine.org\/wp-content\/uploads\/2018\/10\/Frozen-meat-slicer-details-1.webp 720w, https:\/\/www.meatprocessingmachine.org\/wp-content\/uploads\/2018\/10\/Frozen-meat-slicer-details-1-300x225.webp 300w\" sizes=\"auto, (max-width: 720px) 100vw, 720px\" \/><figcaption class=\"wp-element-caption\">Chi ti\u1ebft m\u00e1y c\u1eaft l\u00e1t th\u1ecbt \u0111\u00f4ng l\u1ea1nh<\/figcaption><\/figure>    <figure class=\"wp-block-image size-large\"><img loading=\"lazy\" decoding=\"async\" width=\"720\" height=\"540\" data-id=\"34142\" src=\"https:\/\/www.meatprocessingmachine.org\/wp-content\/uploads\/2018\/10\/frozen-meat-crusher-knives.webp\" alt=\"frozen meat crusher knives\" class=\"wp-image-34142\" title=\"\" srcset=\"https:\/\/www.meatprocessingmachine.org\/wp-content\/uploads\/2018\/10\/frozen-meat-crusher-knives.webp 720w, https:\/\/www.meatprocessingmachine.org\/wp-content\/uploads\/2018\/10\/frozen-meat-crusher-knives-300x225.webp 300w\" sizes=\"auto, (max-width: 720px) 100vw, 720px\" \/><figcaption class=\"wp-element-caption\">Dao nghi\u1ec1n th\u1ecbt \u0111\u00f4ng l\u1ea1nh<\/figcaption><\/figure>    <figure class=\"wp-block-image size-large\"><img loading=\"lazy\" decoding=\"async\" width=\"720\" height=\"540\" data-id=\"34143\" src=\"https:\/\/www.meatprocessingmachine.org\/wp-content\/uploads\/2018\/10\/Frozen-meat-crusher-meat-pusher.webp\" alt=\"Dao nghi\u1ec1n th\u1ecbt \u0111\u00f4ng l\u1ea1nh\" class=\"wp-image-34143\" title=\"\" srcset=\"https:\/\/www.meatprocessingmachine.org\/wp-content\/uploads\/2018\/10\/Frozen-meat-crusher-meat-pusher.webp 720w, https:\/\/www.meatprocessingmachine.org\/wp-content\/uploads\/2018\/10\/Frozen-meat-crusher-meat-pusher-300x225.webp 300w\" sizes=\"auto, (max-width: 720px) 100vw, 720px\" \/><figcaption class=\"wp-element-caption\">Dao nghi\u1ec1n th\u1ecbt \u0111\u00f4ng l\u1ea1nh<\/figcaption><\/figure>    <figure class=\"wp-block-image size-large\"><img loading=\"lazy\" decoding=\"async\" width=\"720\" height=\"540\" data-id=\"34144\" src=\"https:\/\/www.meatprocessingmachine.org\/wp-content\/uploads\/2018\/10\/frozen-meat-crusher-knives-details.webp\" alt=\"frozen meat crusher knives details\" class=\"wp-image-34144\" title=\"\" srcset=\"https:\/\/www.meatprocessingmachine.org\/wp-content\/uploads\/2018\/10\/frozen-meat-crusher-knives-details.webp 720w, https:\/\/www.meatprocessingmachine.org\/wp-content\/uploads\/2018\/10\/frozen-meat-crusher-knives-details-300x225.webp 300w\" sizes=\"auto, (max-width: 720px) 100vw, 720px\" \/><figcaption class=\"wp-element-caption\">Chi ti\u1ebft dao nghi\u1ec1n th\u1ecbt \u0111\u00f4ng l\u1ea1nh<\/figcaption><\/figure>    <figure class=\"wp-block-image size-large\"><img loading=\"lazy\" decoding=\"async\" width=\"720\" height=\"540\" data-id=\"34145\" src=\"https:\/\/www.meatprocessingmachine.org\/wp-content\/uploads\/2018\/10\/Frozen-meat-crusher-control-panel.webp\" alt=\"B\u1ea3ng \u0111i\u1ec1u khi\u1ec3n m\u00e1y nghi\u1ec1n th\u1ecbt \u0111\u00f4ng l\u1ea1nh\" class=\"wp-image-34145\" title=\"\" srcset=\"https:\/\/www.meatprocessingmachine.org\/wp-content\/uploads\/2018\/10\/Frozen-meat-crusher-control-panel.webp 720w, https:\/\/www.meatprocessingmachine.org\/wp-content\/uploads\/2018\/10\/Frozen-meat-crusher-control-panel-300x225.webp 300w\" sizes=\"auto, (max-width: 720px) 100vw, 720px\" \/><figcaption class=\"wp-element-caption\">B\u1ea3ng \u0111i\u1ec1u khi\u1ec3n dao nghi\u1ec1n th\u1ecbt \u0111\u00f4ng l\u1ea1nh<\/figcaption><\/figure> <\/figure>    <p>1. Kh\u00f4ng \u0111\u01b0a dao ho\u1eb7c tay v\u00e0o th\u00f9ng khi m\u00e1y \u0111ang ho\u1ea1t \u0111\u1ed9ng<\/p>    <p>2. Ng\u1eaft ngu\u1ed3n \u0111i\u1ec7n trong qu\u00e1 tr\u00ecnh b\u1ea3o tr\u00ec<\/p>    <p>3. Kh\u00f4ng x\u1ed1i n\u01b0\u1edbc v\u00e0o c\u00e1c b\u1ed9 ph\u1eadn \u0111i\u1ec7n khi v\u1ec7 sinh<\/p>    <p>4. Trong tr\u01b0\u1eddng h\u1ee3p h\u1ecfng h\u00f3c, kh\u00f4ng t\u1ef1 th\u00e1o r\u1eddi v\u00e0 b\u00e1o c\u00e1o s\u1eeda ch\u1eefa ngay<\/p>","protected":false},"excerpt":{"rendered":"<p>M\u00e1y c\u1eaft th\u1ecbt \u0111\u00f4ng l\u1ea1nh c\u00f3 th\u1ec3 nghi\u1ec1n th\u1ecbt \u0111\u00f4ng l\u1ea1nh, v\u00e0 th\u1ecbt \u0111\u00e3 nghi\u1ec1n c\u00f3 th\u1ec3 b\u1ecf v\u00e0o m\u00e1y xay th\u1ecbt \u0111\u1ec3 xay th\u00e0nh nh\u00e2n th\u1ecbt, d\u00f9ng \u0111\u1ec3 l\u00e0m c\u00e1c s\u1ea3n ph\u1ea9m th\u1ecbt nh\u01b0 x\u00fac x\u00edch, b\u00e1nh m\u00ec th\u1ecbt, vi\u00ean th\u1ecbt, v.v. M\u00e1y n\u00e0y c\u00f3 m\u1eb7t t\u1ea1i \u00dac, Indonesia, T\u00e2y Ban Nha, Nam Phi v\u00e0 Philippines v\u00e0 b\u00e1n r\u1ea5t ch\u1ea1y.<\/p>","protected":false},"author":1,"featured_media":34129,"parent":0,"template":"","product-type":[589],"class_list":["post-91","product","type-product","status-publish","has-post-thumbnail","hentry","product-type-meat-cutting-machine"],"_links":{"self":[{"href":"https:\/\/www.meatprocessingmachine.org\/vi\/wp-json\/wp\/v2\/product\/91","targetHints":{"allow":["GET"]}}],"collection":[{"href":"https:\/\/www.meatprocessingmachine.org\/vi\/wp-json\/wp\/v2\/product"}],"about":[{"href":"https:\/\/www.meatprocessingmachine.org\/vi\/wp-json\/wp\/v2\/types\/product"}],"author":[{"embeddable":true,"href":"https:\/\/www.meatprocessingmachine.org\/vi\/wp-json\/wp\/v2\/users\/1"}],"wp:featuredmedia":[{"embeddable":true,"href":"https:\/\/www.meatprocessingmachine.org\/vi\/wp-json\/wp\/v2\/media\/34129"}],"wp:attachment":[{"href":"https:\/\/www.meatprocessingmachine.org\/vi\/wp-json\/wp\/v2\/media?parent=91"}],"wp:term":[{"taxonomy":"product-type","embeddable":true,"href":"https:\/\/www.meatprocessingmachine.org\/vi\/wp-json\/wp\/v2\/product-type?post=91"}],"curies":[{"name":"wp","href":"https:\/\/api.w.org\/{rel}","templated":true}]}}