{"id":925,"date":"2020-12-08T18:03:31","date_gmt":"2020-12-08T10:03:31","guid":{"rendered":"http:\/\/www.meatprocessingmachine.org\/?p=925"},"modified":"2024-06-20T15:56:25","modified_gmt":"2024-06-20T07:56:25","slug":"automatic-fish-scaler-machine-fish-scale-remover-machine","status":"publish","type":"product","link":"https:\/\/www.meatprocessingmachine.org\/vi\/automatic-fish-scaler-machine-fish-scale-remover-machine.html","title":{"rendered":"M\u00e1y lo\u1ea1i b\u1ecf v\u1ea3y c\u00e1 | M\u00e1y l\u00e0m s\u1ea1ch c\u00e1 v\u00e0 l\u00e0m ru\u1ed9t c\u00e1"},"content":{"rendered":"<div class=\"kk-star-ratings kksr-auto kksr-align-right kksr-valign-top\"     data-payload='{&quot;align&quot;:&quot;right&quot;,&quot;id&quot;:&quot;925&quot;,&quot;slug&quot;:&quot;default&quot;,&quot;valign&quot;:&quot;top&quot;,&quot;ignore&quot;:&quot;&quot;,&quot;reference&quot;:&quot;auto&quot;,&quot;class&quot;:&quot;&quot;,&quot;count&quot;:&quot;0&quot;,&quot;legendonly&quot;:&quot;&quot;,&quot;readonly&quot;:&quot;&quot;,&quot;score&quot;:&quot;0&quot;,&quot;starsonly&quot;:&quot;&quot;,&quot;best&quot;:&quot;5&quot;,&quot;gap&quot;:&quot;5&quot;,&quot;greet&quot;:&quot;Rate this product&quot;,&quot;legend&quot;:&quot;0\\\/5 - (0 b\u00ecnh ch\u1ecdn)&quot;,&quot;size&quot;:&quot;24&quot;,&quot;title&quot;:&quot;Fish Scale Remover Machine | Fish Scaling and Gutting Machine&quot;,&quot;width&quot;:&quot;0&quot;,&quot;_legend&quot;:&quot;{score}\\\/{best} - ({count} {votes})&quot;,&quot;font_factor&quot;:&quot;1.25&quot;}'>              <div class=\"kksr-stars\">      <div class=\"kksr-stars-inactive\">             <div class=\"kksr-star\" data-star=\"1\" style=\"padding-right: 5px\">               <div class=\"kksr-icon\" style=\"width: 24px; height: 24px;\"><\/div>         <\/div>             <div class=\"kksr-star\" data-star=\"2\" style=\"padding-right: 5px\">               <div class=\"kksr-icon\" style=\"width: 24px; height: 24px;\"><\/div>         <\/div>             <div class=\"kksr-star\" data-star=\"3\" style=\"padding-right: 5px\">               <div class=\"kksr-icon\" style=\"width: 24px; height: 24px;\"><\/div>         <\/div>             <div class=\"kksr-star\" data-star=\"4\" style=\"padding-right: 5px\">               <div class=\"kksr-icon\" style=\"width: 24px; height: 24px;\"><\/div>         <\/div>             <div class=\"kksr-star\" data-star=\"5\" style=\"padding-right: 5px\">               <div class=\"kksr-icon\" style=\"width: 24px; height: 24px;\"><\/div>         <\/div>     <\/div>      <div class=\"kksr-stars-active\" style=\"width: 0px;\">             <div class=\"kksr-star\" style=\"padding-right: 5px\">               <div class=\"kksr-icon\" style=\"width: 24px; height: 24px;\"><\/div>         <\/div>             <div class=\"kksr-star\" style=\"padding-right: 5px\">               <div class=\"kksr-icon\" style=\"width: 24px; height: 24px;\"><\/div>         <\/div>             <div class=\"kksr-star\" style=\"padding-right: 5px\">               <div class=\"kksr-icon\" style=\"width: 24px; height: 24px;\"><\/div>         <\/div>             <div class=\"kksr-star\" style=\"padding-right: 5px\">               <div class=\"kksr-icon\" style=\"width: 24px; height: 24px;\"><\/div>         <\/div>             <div class=\"kksr-star\" style=\"padding-right: 5px\">               <div class=\"kksr-icon\" style=\"width: 24px; height: 24px;\"><\/div>         <\/div>     <\/div> <\/div>                   <div class=\"kksr-legend\" style=\"font-size: 19.2px;\">             <span class=\"kksr-muted\">\u0110\u00e1nh gi\u00e1 s\u1ea3n ph\u1ea9m n\u00e0y<\/span>     <\/div>     <\/div>  <p class=\"translation-block\"><strong>M\u00e1y lo\u1ea1i b\u1ecf v\u1ea3y c\u00e1<\/strong>\u00a0c\u0169ng g\u1ecdi l\u00e0 m\u00e1y t\u00e1ch v\u1ea3y c\u00e1. N\u00f3 \u0111\u01b0\u1ee3c thi\u1ebft k\u1ebf chuy\u00ean nghi\u1ec7p v\u00e0 c\u00f3 th\u1ec3 d\u00f9ng \u0111\u1ec3 lo\u1ea1i b\u1ecf v\u1ea3y c\u00e1 c\u1ee7a nhi\u1ec1u lo\u00e0i v\u00e0 k\u00edch c\u1ee1 kh\u00e1c nhau. Nh\u00e0 s\u1ea3n xu\u1ea5t m\u00e1y ch\u1ebf bi\u1ebfn c\u00e1 Taizy cung c\u1ea5p ba lo\u1ea1i m\u00e1y lo\u1ea1i b\u1ecf v\u1ea3y c\u00e1. M\u1ed9t l\u00e0 m\u00e1y t\u00e1ch v\u1ea3y t\u1ef1 \u0111\u1ed9ng, v\u00e0 lo\u1ea1i kh\u00e1c l\u00e0 m\u00e1y t\u00e1ch v\u1ea3y \u0111\u1eb7c bi\u1ec7t d\u00f9ng cho c\u00e1 nh\u1ecf. V\u00e0 lo\u1ea1i n\u1eefa l\u00e0 m\u00e1y l\u00e0m s\u1ea1ch v\u1ea3y c\u00e1 v\u00e0 m\u1ed5 b\u1ee5ng.<\/p>    <p>Ba m\u00e1y t\u00e1ch v\u1ea3y c\u00e1 th\u01b0\u01a1ng m\u1ea1i n\u00e0y c\u00f3 th\u1ec3 ho\u1ea1t \u0111\u1ed9ng t\u1ef1 \u0111\u1ed9ng. H\u01a1n n\u1eefa, ch\u00fang ph\u00f9 h\u1ee3p \u0111\u1ec3 l\u00e0m s\u1ea1ch v\u1ea3y c\u1ee7a nhi\u1ec1u lo\u00e0i c\u00e1. Ngo\u00e0i ra, ch\u00fang t\u00f4i c\u00f3 th\u1ec3 t\u00f9y ch\u1ec9nh m\u00e1y theo nhu c\u1ea7u c\u1ee7a kh\u00e1ch h\u00e0ng.<\/p>    <h2 class=\"wp-block-heading\" id=\"h-fish-scale-remover-machine-video\">Video ho\u1ea1t \u0111\u1ed9ng c\u1ee7a m\u00e1y lo\u1ea1i b\u1ecf v\u1ea3y c\u00e1<\/h2>    <figure class=\"wp-block-embed is-type-video is-provider-youtube wp-block-embed-youtube\"><div class=\"wp-block-embed__wrapper\"> <iframe loading=\"lazy\" title=\"M\u00e1y lo\u1ea1i b\u1ecf v\u1ea3y c\u00e1 t\u1ef1 \u0111\u1ed9ng, m\u00e1y m\u1ed5 b\u1ee5ng v\u00e0 l\u00e0m s\u1ea1ch cho c\u00e1 nh\u1ecf v\u00e0 l\u1edbn\" width=\"500\" height=\"281\" src=\"https:\/\/www.youtube.com\/embed\/q-hKcTKzklQ?feature=oembed\" frameborder=\"0\" allow=\"accelerometer; autoplay; clipboard-write; encrypted-media; gyroscope; picture-in-picture; web-share\" referrerpolicy=\"strict-origin-when-cross-origin\" allowfullscreen><\/iframe> <\/div><figcaption class=\"wp-element-caption\">m\u00e1y t\u00e1ch v\u1ea3y c\u00e1 t\u1ef1 \u0111\u1ed9ng<\/figcaption><\/figure>    <h2 class=\"wp-block-heading\" id=\"h-type-1-automatic-fish-scaling-machine\">Lo\u1ea1i 1: M\u00e1y t\u00e1ch v\u1ea3y c\u00e1 t\u1ef1 \u0111\u1ed9ng<\/h2>    <p>Th\u00f4ng s\u1ed1 k\u1ef9 thu\u1eadt c\u1ee7a m\u00e1y l\u00e0m s\u1ea1ch v\u1ea3y c\u00e1 t\u1ef1 \u0111\u1ed9ng <\/p>    <p>Sau \u0111\u00f3, \u0111\u00f3ng n\u1eafp v\u00e0 kh\u1edfi \u0111\u1ed9ng m\u00e1y qua b\u1ea3ng \u0111i\u1ec1u khi\u1ec3n. Ch\u1ed5i b\u00ean trong m\u00e1y lo\u1ea1i b\u1ecf v\u1ea3y c\u00e1 ti\u1ebfp t\u1ee5c quay \u0111\u1ec3 lo\u1ea1i b\u1ecf v\u1ea3y c\u00e1. Sau khi lo\u1ea1i b\u1ecf v\u1ea3y c\u00e1, t\u1eaft m\u00e1y v\u00e0 m\u1edf l\u1ed7 tho\u00e1t c\u00e1. C\u00e1 \u0111\u00e3 lo\u1ea1i b\u1ecf s\u1ebd tho\u00e1t ra kh\u1ecfi l\u1ed7.<\/p>    <figure class=\"wp-block-image size-large\"><img loading=\"lazy\" decoding=\"async\" width=\"720\" height=\"540\" src=\"http:\/\/www.meatprocessingmachine.org\/wp-content\/uploads\/2020\/12\/automatic-fish-descale-machine.jpg\" alt=\"m\u00e1y b\u1ecf v\u1ea3y c\u00e1 t\u1ef1 \u0111\u1ed9ng\" class=\"wp-image-933\" title=\"\" srcset=\"https:\/\/www.meatprocessingmachine.org\/wp-content\/uploads\/2020\/12\/automatic-fish-descale-machine.jpg 720w, https:\/\/www.meatprocessingmachine.org\/wp-content\/uploads\/2020\/12\/automatic-fish-descale-machine-300x225.jpg 300w\" sizes=\"auto, (max-width: 720px) 100vw, 720px\" \/><figcaption class=\"wp-element-caption\">M\u00e1y t\u00e1ch v\u1ea3y c\u00e1 t\u1ef1 \u0111\u1ed9ng<\/figcaption><\/figure>    <h3 class=\"wp-block-heading\" id=\"tw-target-text\">Th\u00f4ng s\u1ed1 chi ti\u1ebft c\u1ee7a m\u00e1y l\u00e0m s\u1ea1ch v\u1ea3y c\u00e1 t\u1ef1 \u0111\u1ed9ng<\/h3>    <figure class=\"wp-block-table\"><table><tbody><tr><td>M\u1eabu m\u00e3<\/td><td>K\u00edch th\u01b0\u1edbc<\/td><td>C\u00f4ng su\u1ea5t<\/td><\/tr><tr><td>TZ-350<\/td><td>0.8*0.4*0.44m<\/td><td>0.75kw<\/td><\/tr><tr><td>TZ-500<\/td><td>1.05*0.55*0.85m<\/td><td>2.2kw<\/td><\/tr><tr><td>TZ-700<\/td><td>1.25*0.55*0.85m<\/td><td>2.2kw<\/td><\/tr><tr><td>TZ-800<\/td><td>1.25*0.65*0.85m<\/td><td>3.2kw<\/td><\/tr><tr><td>TZ-1000<\/td><td>1.58*0.55*0.85m<\/td><td>3.0kw<\/td><\/tr><\/tbody><\/table><figcaption class=\"wp-element-caption\">m\u00e1y l\u00e0m s\u1ea1ch v\u1ea3y c\u00e1 t\u1ef1 \u0111\u1ed9ng \u0111\u1ec3 b\u00e1n<\/figcaption><\/figure>    <p>Ch\u00fang t\u00f4i c\u00f3 n\u0103m m\u1eabu m\u00e1y lo\u1ea1i b\u1ecf v\u1ea3y c\u00e1 t\u1ef1 \u0111\u1ed9ng \u0111\u1ec3 b\u1ea1n l\u1ef1a ch\u1ecdn. C\u00e1c m\u1eabu kh\u00e1c nhau c\u00f3 c\u00f4ng su\u1ea5t, k\u00edch th\u01b0\u1edbc v\u00e0 c\u00f4ng su\u1ea5t kh\u00e1c nhau.<\/p>    <h3 class=\"wp-block-heading\" id=\"h-advantages-of-the-machine\">\u01afu \u0111i\u1ec3m c\u1ee7a m\u00e1y <\/h3>    <figure class=\"wp-block-image size-large\"><img loading=\"lazy\" decoding=\"async\" width=\"720\" height=\"540\" src=\"http:\/\/www.meatprocessingmachine.org\/wp-content\/uploads\/2020\/12\/fish-scaling-machine-structure.jpg\" alt=\"fish scaling machine structure\" class=\"wp-image-934\" title=\"\" srcset=\"https:\/\/www.meatprocessingmachine.org\/wp-content\/uploads\/2020\/12\/fish-scaling-machine-structure.jpg 720w, https:\/\/www.meatprocessingmachine.org\/wp-content\/uploads\/2020\/12\/fish-scaling-machine-structure-300x225.jpg 300w\" sizes=\"auto, (max-width: 720px) 100vw, 720px\" \/><figcaption class=\"wp-element-caption\">C\u1ea5u tr\u00fac m\u00e1y lo\u1ea1i b\u1ecf v\u1ea3y c\u00e1<\/figcaption><\/figure>    <ol class=\"wp-block-list\" style=\"list-style-type:1\"> <li>M\u00e1y l\u00e0m s\u1ea1ch c\u00e1 th\u01b0\u01a1ng m\u1ea1i c\u00f3 th\u1ec3 \u0111\u1ea1t hi\u1ec7u qu\u1ea3 l\u00e0m s\u1ea1ch trong khi lo\u1ea1i b\u1ecf v\u1ea3y. Hi\u1ec7u qu\u1ea3 lo\u1ea1i b\u1ecf r\u00f5 r\u00e0ng, v\u00e0 b\u1ea1n s\u1ebd c\u00f3 c\u00e1 \u0111\u00e3 l\u00e0m s\u1ea1ch cu\u1ed1i c\u00f9ng.<\/li>    <li>L\u1edbp ph\u1ee7 c\u1ee7a m\u00e1y l\u00e0m s\u1ea1ch c\u00e1 s\u1eed d\u1ee5ng v\u1ea3i len. N\u00f3 c\u00f3 \u0111\u1eb7c \u0111i\u1ec3m kh\u00f4ng r\u1ee5ng l\u00f4ng, kh\u00f4ng r\u00e1ch d\u01b0\u1edbi nhi\u1ec7t \u0111\u1ed9 cao.<\/li>    <li>V\u1ecf c\u1ee7a n\u00f3 l\u00e0m b\u1eb1ng th\u00e9p kh\u00f4ng g\u1ec9 to\u00e0n b\u1ed9, \u0111i\u1ec1u khi\u1ec3n b\u1eb1ng m\u00e0n h\u00ecnh th\u00f4ng minh. N\u00f3 c\u00f3 \u0111\u1eb7c \u0111i\u1ec3m d\u1ec5 v\u1eadn h\u00e0nh v\u00e0 hi\u1ec7u qu\u1ea3 c\u00f4ng vi\u1ec7c cao.<\/li>    <li>M\u00e1y lo\u1ea1i b\u1ecf c\u00e1 t\u1ef1 \u0111\u1ed9ng c\u00f3 ch\u1ee9c n\u0103ng h\u1eb9n gi\u1edd, c\u00f3 th\u1ec3 \u0111\u1eb7t th\u1eddi gian kh\u00e1c nhau \u0111\u1ec3 lo\u1ea1i b\u1ecf v\u1ea3y c\u00e1 t\u00f9y theo lo\u1ea1i c\u00e1 kh\u00e1c nhau.<\/li>    <li> M\u00e1y t\u00e1ch v\u1ea3y c\u00e1 th\u01b0\u01a1ng m\u1ea1i s\u1ebd kh\u00f4ng l\u00e0m h\u1ecfng th\u00e2n c\u00e1, n\u00f3 c\u00f3 th\u1ec3 th\u1ef1c hi\u1ec7n vi\u1ec7c t\u00e1ch t\u1ef1 \u0111\u1ed9ng th\u00e2n c\u00e1 v\u00e0 v\u1ea3y c\u00e1. C\u00e1c v\u1ea3y \u0111\u00e3 lo\u1ea1i b\u1ecf c\u00f3 th\u1ec3 t\u1ef1 \u0111\u1ed9ng \u0111\u01b0\u1ee3c thu h\u1ed3i.<\/li> <\/ol>    <h2 class=\"wp-block-heading\" id=\"h-type-2-small-fish-scale-machine\">Lo\u1ea1i 2: M\u00e1y v\u1ea3y c\u00e1 nh\u1ecf<\/h2>    <p><font style=\"vertical-align: inherit;\"><font style=\"vertical-align: inherit;\">M\u00e1y l\u00e0m s\u1ea1ch v\u1ea3y c\u00e1 ch\u1ee7 y\u1ebfu \u0111\u01b0\u1ee3c \u0111i\u1ec1u khi\u1ec3n b\u1eb1ng \u0111\u1ed9ng c\u01a1 quay li\u00ean t\u1ee5c. N\u00f3 ch\u1ee7 y\u1ebfu g\u1ed3m m\u1ed9t l\u01b0\u1edbi n\u0103m m\u1eb7t. Khi v\u1ea3y c\u00e1 b\u1ecb lo\u1ea1i b\u1ecf, \u0111\u1ed9ng c\u01a1 k\u00e9o l\u01b0\u1edbi quay li\u00ean t\u1ee5c v\u00e0 c\u00e1 nh\u1ecf trong l\u01b0\u1edbi quay c\u00f9ng l\u01b0\u1edbi. <\/font><\/font><\/p>    <p><font style=\"vertical-align: inherit;\"><font style=\"vertical-align: inherit;\">Khi quay, c\u00e1 trong l\u01b0\u1edbi li\u00ean t\u1ee5c va ch\u1ea1m v\u1edbi l\u01b0\u1edbi \u0111\u1ec3 \u0111\u1ea1t hi\u1ec7u qu\u1ea3 lo\u1ea1i b\u1ecf v\u1ea3y c\u00e1. C\u00e1c v\u1ea3y c\u00e1 thay th\u1ebf \u0111\u01b0\u1ee3c thay t\u1eeb c\u00e1c l\u1ed7 l\u01b0\u1edbi d\u01b0\u1edbi t\u00e1c \u0111\u1ed9ng c\u1ee7a n\u01b0\u1edbc. Do \u0111\u00f3, m\u00e1y nh\u1ecf n\u00e0y c\u00f3 th\u1ec3 lo\u1ea1i b\u1ecf v\u1ea3y c\u00e1 ho\u00e0n to\u00e0n, v\u00e0 c\u00e1 s\u1ebd \u0111\u01b0\u1ee3c l\u00e0m s\u1ea1ch.<\/font><\/font><\/p>    <figure class=\"wp-block-image size-large\"><img loading=\"lazy\" decoding=\"async\" width=\"720\" height=\"540\" src=\"http:\/\/www.meatprocessingmachine.org\/wp-content\/uploads\/2020\/12\/small-fish-scale-remover-machine.jpg\" alt=\"m\u00e1y lo\u1ea1i b\u1ecf v\u1ea3y c\u00e1 nh\u1ecf\" class=\"wp-image-936\" title=\"\" srcset=\"https:\/\/www.meatprocessingmachine.org\/wp-content\/uploads\/2020\/12\/small-fish-scale-remover-machine.jpg 720w, https:\/\/www.meatprocessingmachine.org\/wp-content\/uploads\/2020\/12\/small-fish-scale-remover-machine-300x225.jpg 300w\" sizes=\"auto, (max-width: 720px) 100vw, 720px\" \/><figcaption class=\"wp-element-caption\">M\u00e1y lo\u1ea1i b\u1ecf v\u1ea3y c\u00e1 nh\u1ecf<\/figcaption><\/figure>    <h2 class=\"wp-block-heading\" id=\"h-type-3-fish-scaling-and-gutting-machine\">Lo\u1ea1i 3: M\u00e1y l\u00e0m s\u1ea1ch v\u1ea3y c\u00e1 v\u00e0 m\u1ed5 b\u1ee5ng<\/h2>    <p>Kh\u00e1c v\u1edbi hai m\u00e1y tr\u01b0\u1edbc chuy\u00ean d\u1ee5ng lo\u1ea1i b\u1ecf v\u1ea3y c\u00e1, m\u00e1y l\u00e0m s\u1ea1ch v\u00e0 m\u1ed5 b\u1ee5ng c\u00e1 n\u00e0y c\u00f3 th\u1ec3 lo\u1ea1i b\u1ecf v\u1ea3y c\u00e1 v\u00e0 n\u1ed9i t\u1ea1ng c\u00f9ng l\u00fac. N\u00f3 c\u00f3 th\u1ec3 th\u1ef1c hi\u1ec7n hai ch\u1ee9c n\u0103ng tr\u00ean, nh\u01b0ng ch\u1ec9 \u00e1p d\u1ee5ng cho m\u1ed9t con c\u00e1 m\u1ed9t l\u1ea7n. So v\u1edbi c\u00e1c m\u00e1y lo\u1ea1i b\u1ecf v\u1ea3y c\u00e1 tr\u00ean, n\u00f3 c\u00f3 c\u00f4ng su\u1ea5t nh\u1ecf h\u01a1n \u0111\u1ec3 l\u00e0m s\u1ea1ch v\u1ea3y c\u00e1.<\/p>    <figure class=\"wp-block-image size-large\"><img loading=\"lazy\" decoding=\"async\" width=\"720\" height=\"540\" src=\"http:\/\/www.meatprocessingmachine.org\/wp-content\/uploads\/2020\/12\/fish-scaling-and-gutting-machine.jpg\" alt=\"m\u00e1y l\u00e0m s\u1ea1ch v\u1ea3y c\u00e1 v\u00e0 m\u1ed5 b\u1ee5ng\" class=\"wp-image-937\" title=\"\" srcset=\"https:\/\/www.meatprocessingmachine.org\/wp-content\/uploads\/2020\/12\/fish-scaling-and-gutting-machine.jpg 720w, https:\/\/www.meatprocessingmachine.org\/wp-content\/uploads\/2020\/12\/fish-scaling-and-gutting-machine-300x225.jpg 300w\" sizes=\"auto, (max-width: 720px) 100vw, 720px\" \/><figcaption class=\"wp-element-caption\">M\u00e1y l\u00e0m s\u1ea1ch v\u00e0 m\u1ed5 b\u1ee5ng c\u00e1<\/figcaption><\/figure>    <h3 class=\"wp-block-heading\" id=\"h-type3-machine-introduction\"> Gi\u1edbi thi\u1ec7u v\u1ec1 m\u00e1y l\u00e0m s\u1ea1ch v\u1ea3y c\u00e1<\/h3>    <p class=\"translation-block\">M\u00e1y t\u00edch h\u1ee3p c\u00e1c ch\u1ee9c n\u0103ng lo\u1ea1i b\u1ecf v\u1ea3y, m\u1edf b\u1ee5ng c\u00e1, lo\u1ea1i b\u1ecf n\u1ed9i t\u1ea1ng v\u00e0 l\u00e0m s\u1ea1ch c\u00e1. N\u00f3 c\u00f3 th\u1ec3 x\u1eed l\u00fd c\u00e1 ch\u00e9p, c\u00e1 tr\u1eafm, <a href=\"https:\/\/en.wikipedia.org\/wiki\/Tilapia\" target=\"_blank\" rel=\"noopener\">tilapia<\/a>, c\u00e1 m\u00fa, v\u00e0 c\u00e1c lo\u1ea1i c\u00e1 kh\u00e1c. B\u1ea3ng \u0111i\u1ec1u khi\u1ec3n c\u1ee7a m\u00e1y lo\u1ea1i b\u1ecf v\u1ea3y c\u00e1 c\u00f3 th\u1ec3 \u0111i\u1ec1u ch\u1ec9nh \u0111\u1ed9 s\u00e2u c\u1ee7a ho\u1ea1t \u0111\u1ed9ng. <\/p>    <p>C\u00e1 sau khi qua m\u00e1y n\u00e0y c\u00f3 th\u1ec3 lo\u1ea1i b\u1ecf s\u1ea1ch v\u1ea3y c\u00e1 m\u00e0 kh\u00f4ng l\u00e0m h\u1ecfng da v\u00e0 v\u00e2y c\u00e1. Trong qu\u00e1 tr\u00ecnh lo\u1ea1i b\u1ecf v\u1ea3y c\u00e1, n\u00f3 c\u0169ng c\u00f3 th\u1ec3 lo\u1ea1i b\u1ecf n\u1ed9i t\u1ea1ng m\u1ed9t c\u00e1ch s\u1ea1ch s\u1ebd m\u00e0 kh\u00f4ng l\u00e0m h\u1ecfng m\u1eadt c\u00e1. N\u00f3 \u0111\u01b0\u1ee3c s\u1eed d\u1ee5ng r\u1ed9ng r\u00e3i trong si\u00eau th\u1ecb, c\u0103ng tin, qu\u00e1n c\u00e1 n\u01b0\u1edbng, qu\u00e1n l\u1ea9u, v\u00e0 c\u00e1c n\u01a1i kh\u00e1c, v\u1edbi hi\u1ec7u qu\u1ea3 cao.<\/p>    <h3 class=\"wp-block-heading\">C\u00e1c \u0111\u1eb7c \u0111i\u1ec3m c\u1ee7a m\u00e1y ch\u1ebf bi\u1ebfn c\u00e1 to\u00e0n di\u1ec7n<\/h3>    <ol class=\"wp-block-list\" style=\"list-style-type:1\"> <li>M\u00e1y c\u00f3 ch\u1ee9c n\u0103ng m\u1ea1nh m\u1ebd, c\u00f3 th\u1ec3 th\u1ef1c hi\u1ec7n c\u00e1c ch\u1ee9c n\u0103ng lo\u1ea1i b\u1ecf v\u1ea3y, m\u1edf b\u1ee5ng, lo\u1ea1i b\u1ecf n\u1ed9i t\u1ea1ng v\u00e0 l\u00e0m s\u1ea1ch. Vi\u1ec7c lo\u1ea1i b\u1ecf v\u1ea3y v\u00e0 n\u1ed9i t\u1ea1ng t\u1ed1t, kh\u00f4ng l\u00e0m h\u1ecfng da v\u00e0 v\u00e2y.<\/li>    <li>To\u00e0n b\u1ed9 m\u00e1y t\u00e1ch v\u1ea3y c\u00e1 \u0111\u01b0\u1ee3c l\u00e0m b\u1eb1ng th\u00e9p kh\u00f4ng g\u1ec9, \u0111\u00e1p \u1ee9ng ti\u00eau chu\u1ea9n an to\u00e0n th\u1ef1c ph\u1ea9m v\u00e0 v\u1ec7 sinh.<\/li>    <li>S\u1eed d\u1ee5ng m\u00e0n h\u00ecnh \u0111i\u1ec1u khi\u1ec3n th\u00f4ng minh, d\u1ec5 v\u1eadn h\u00e0nh, an to\u00e0n v\u00e0 \u0111\u00e1ng tin c\u1eady, hi\u1ec7u su\u1ea5t \u1ed5n \u0111\u1ecbnh.<\/li>    <li>N\u00f3 c\u00f3 th\u1ec3 x\u1eed l\u00fd t\u1ea5t c\u1ea3 c\u00e1c lo\u1ea1i c\u00e1, v\u00e0 ch\u00fang t\u00f4i c\u00f3 th\u1ec3 t\u00f9y ch\u1ec9nh m\u00e1y theo nhu c\u1ea7u c\u1ee7a kh\u00e1ch h\u00e0ng.<strong>&nbsp;<\/strong><\/li> <\/ol>    <h3 class=\"wp-block-heading\" id=\"h-machine-parameters\">Th\u00f4ng s\u1ed1 k\u1ef9 thu\u1eadt c\u1ee7a m\u00e1y lo\u1ea1i b\u1ecf v\u1ea3y c\u00e1<\/h3>    <figure class=\"wp-block-table\"><table><tbody><tr><td><strong>M\u1eabu m\u00e3<\/strong><strong><\/strong><\/td><td><strong>C<\/strong><strong>c\u00f4ng su\u1ea5t <\/strong><strong><\/strong><\/td><td><strong>S<\/strong><strong>k\u00edch th\u01b0\u1edbc <\/strong><strong><\/strong><\/td><td><strong>A<\/strong><strong>ph\u1ea1m vi c\u00e1 \u00e1p d\u1ee5ng<\/strong><strong><\/strong><\/td><td><strong>W<\/strong><strong>t\u00e1m <\/strong><strong><\/strong><\/td><td><strong>C<\/strong><strong>t\u00f9y ch\u1ec9nh <\/strong><strong><\/strong><\/td><\/tr><tr><td>TZ-2000<\/td><td>400-500kg\/h&nbsp;<strong><\/strong><\/td><td>1000x500x700mm&nbsp;<strong><\/strong><\/td><td>0.4-4kg<\/td><td>140kg<\/td><td>C\u00f3 <\/td><\/tr><\/tbody><\/table><figcaption class=\"wp-element-caption\">m\u00e1y l\u00e0m s\u1ea1ch v\u1ea3y c\u00e1 v\u00e0 m\u1ed5 b\u1ee5ng<\/figcaption><\/figure>    <h2 class=\"wp-block-heading\" id=\"h-precautious-of-using-fish-scale-machine\">C\u00e1c l\u01b0u \u00fd khi s\u1eed d\u1ee5ng m\u00e1y lo\u1ea1i b\u1ecf v\u1ea3y c\u00e1<\/h2>    <ol class=\"wp-block-list\" style=\"list-style-type:1\"> <li>C\u1ea5m tuy\u1ec7t \u0111\u1ed1i \u0111\u1ec3 m\u00e1y ch\u1ea1y kh\u00f4ng t\u1ea3i trong th\u1eddi gian d\u00e0i.<\/li>    <li>Th\u01b0\u1eddng xuy\u00ean tra d\u1ea7u v\u00e0o b\u00e1nh r\u0103ng, x\u00edch v\u00e0 l\u00f2 xo.<\/li>    <li>It is strictly forbidden to reach into the fish&#8217;s mouth when the machine is working.<\/li>    <li>C\u1ea5u tr\u00fac b\u00ean trong c\u1ee7a m\u00e1y ph\u1ee9c t\u1ea1p, xin \u0111\u1eebng th\u00e1o r\u1eddi n\u00f3 m\u1ed9t c\u00e1ch t\u00f9y ti\u1ec7n.<\/li> <\/ol>    <h2 class=\"wp-block-heading\">C\u00e1c lo\u1ea1i m\u00e1y ch\u1ebf bi\u1ebfn c\u00e1 \u0111\u1ec3 b\u00e1n<\/h2>    <p class=\"translation-block\">T\u1ea1i M\u00e1y ch\u1ebf bi\u1ebfn th\u1ecbt Taizy, ch\u00fang t\u00f4i kh\u00f4ng ch\u1ec9 c\u00f3 c\u00e1c lo\u1ea1i m\u00e1y lo\u1ea1i b\u1ecf v\u1ea3y c\u00e1 kh\u00e1c nhau \u0111\u1ec3 b\u00e1n. Ch\u00fang t\u00f4i c\u00f2n c\u00f3 m\u00e1y s\u1ea5y c\u00e1 c\u00f4ng nghi\u1ec7p <a href=\"https:\/\/www.meatprocessingmachine.org\/vi\/fish-drying-machine-hot-air-circulation-drying-machine.html\/\">fish drying machine<\/a>, <a href=\"https:\/\/www.meatprocessingmachine.org\/vi\/fish-debone-machine-fish-meat-and-bone-separator-machine.html\/\">fish debone machine<\/a>, <a href=\"https:\/\/www.meatprocessingmachine.org\/vi\/fish-fillet-machine-fish-slicing-machine.html\/\">fish fillet machine<\/a>, v.v. N\u1ebfu quan t\u00e2m, xin vui l\u00f2ng li\u00ean h\u1ec7 v\u1edbi ch\u00fang t\u00f4i.<\/p>    <div class=\"wp-block-columns is-layout-flex wp-container-core-columns-is-layout-9d6595d7 wp-block-columns-is-layout-flex\"> <div class=\"wp-block-column is-layout-flow wp-block-column-is-layout-flow\"> <figure class=\"wp-block-image size-full\"><img loading=\"lazy\" decoding=\"async\" width=\"720\" height=\"540\" src=\"https:\/\/www.meatprocessingmachine.org\/wp-content\/uploads\/2021\/07\/industrial-fish-drying-machine-1.jpg\" alt=\"M\u00e1y s\u1ea5y c\u00e1 c\u00f4ng nghi\u1ec7p\" class=\"wp-image-1505\" title=\"\" srcset=\"https:\/\/www.meatprocessingmachine.org\/wp-content\/uploads\/2021\/07\/industrial-fish-drying-machine-1.jpg 720w, https:\/\/www.meatprocessingmachine.org\/wp-content\/uploads\/2021\/07\/industrial-fish-drying-machine-1-300x225.jpg 300w\" sizes=\"auto, (max-width: 720px) 100vw, 720px\" \/><figcaption class=\"wp-element-caption\">M\u00e1y s\u1ea5y c\u00e1 c\u00f4ng nghi\u1ec7p<\/figcaption><\/figure> <\/div>    <div class=\"wp-block-column is-layout-flow wp-block-column-is-layout-flow\"> <figure class=\"wp-block-image size-full\"><img loading=\"lazy\" decoding=\"async\" width=\"720\" height=\"540\" src=\"https:\/\/www.meatprocessingmachine.org\/wp-content\/uploads\/2020\/12\/fish-deboning-machines-1.webp\" alt=\"m\u00e1y t\u00e1ch x\u01b0\u01a1ng c\u00e1\" class=\"wp-image-34181\" title=\"\" srcset=\"https:\/\/www.meatprocessingmachine.org\/wp-content\/uploads\/2020\/12\/fish-deboning-machines-1.webp 720w, https:\/\/www.meatprocessingmachine.org\/wp-content\/uploads\/2020\/12\/fish-deboning-machines-1-300x225.webp 300w\" sizes=\"auto, (max-width: 720px) 100vw, 720px\" \/><figcaption class=\"wp-element-caption\">M\u00e1y l\u00e0m s\u1ea1ch x\u01b0\u01a1ng c\u00e1<\/figcaption><\/figure> <\/div>    <div class=\"wp-block-column is-layout-flow wp-block-column-is-layout-flow\"> <figure class=\"wp-block-image size-full\"><img loading=\"lazy\" decoding=\"async\" width=\"720\" height=\"540\" src=\"https:\/\/www.meatprocessingmachine.org\/wp-content\/uploads\/2020\/12\/fish-fillet-cutting-machine.jpg\" alt=\"M\u00e1y c\u1eaft fillet c\u00e1\" class=\"wp-image-947\" title=\"\" srcset=\"https:\/\/www.meatprocessingmachine.org\/wp-content\/uploads\/2020\/12\/fish-fillet-cutting-machine.jpg 720w, https:\/\/www.meatprocessingmachine.org\/wp-content\/uploads\/2020\/12\/fish-fillet-cutting-machine-300x225.jpg 300w\" sizes=\"auto, (max-width: 720px) 100vw, 720px\" \/><figcaption class=\"wp-element-caption\">M\u00e1y c\u1eaft fillet c\u00e1<\/figcaption><\/figure> <\/div> <\/div>","protected":false},"excerpt":{"rendered":"<p>The fish scaler machine is suitable for scaling various fish scales. It can achieve continuous, automatic, large-volume fish scale removal.<\/p>","protected":false},"author":1,"featured_media":932,"parent":0,"template":"","product-type":[584],"class_list":["post-925","product","type-product","status-publish","has-post-thumbnail","hentry","product-type-fish"],"_links":{"self":[{"href":"https:\/\/www.meatprocessingmachine.org\/vi\/wp-json\/wp\/v2\/product\/925","targetHints":{"allow":["GET"]}}],"collection":[{"href":"https:\/\/www.meatprocessingmachine.org\/vi\/wp-json\/wp\/v2\/product"}],"about":[{"href":"https:\/\/www.meatprocessingmachine.org\/vi\/wp-json\/wp\/v2\/types\/product"}],"author":[{"embeddable":true,"href":"https:\/\/www.meatprocessingmachine.org\/vi\/wp-json\/wp\/v2\/users\/1"}],"wp:featuredmedia":[{"embeddable":true,"href":"https:\/\/www.meatprocessingmachine.org\/vi\/wp-json\/wp\/v2\/media\/932"}],"wp:attachment":[{"href":"https:\/\/www.meatprocessingmachine.org\/vi\/wp-json\/wp\/v2\/media?parent=925"}],"wp:term":[{"taxonomy":"product-type","embeddable":true,"href":"https:\/\/www.meatprocessingmachine.org\/vi\/wp-json\/wp\/v2\/product-type?post=925"}],"curies":[{"name":"wp","href":"https:\/\/api.w.org\/{rel}","templated":true}]}}