{"id":96,"date":"2018-10-25T06:12:43","date_gmt":"2018-10-24T22:12:43","guid":{"rendered":"http:\/\/www.meatprocessingmachine.org\/?p=96"},"modified":"2024-06-17T10:13:32","modified_gmt":"2024-06-17T02:13:32","slug":"frozen-meat-grinder","status":"publish","type":"product","link":"https:\/\/www.meatprocessingmachine.org\/vi\/frozen-meat-grinder.html","title":{"rendered":"V\u1ecbt"},"content":{"rendered":"<div class=\"kk-star-ratings kksr-auto kksr-align-right kksr-valign-top\"     data-payload='{&quot;align&quot;:&quot;right&quot;,&quot;id&quot;:&quot;96&quot;,&quot;slug&quot;:&quot;default&quot;,&quot;valign&quot;:&quot;top&quot;,&quot;ignore&quot;:&quot;&quot;,&quot;reference&quot;:&quot;auto&quot;,&quot;class&quot;:&quot;&quot;,&quot;count&quot;:&quot;0&quot;,&quot;legendonly&quot;:&quot;&quot;,&quot;readonly&quot;:&quot;&quot;,&quot;score&quot;:&quot;0&quot;,&quot;starsonly&quot;:&quot;&quot;,&quot;best&quot;:&quot;5&quot;,&quot;gap&quot;:&quot;5&quot;,&quot;greet&quot;:&quot;Rate this product&quot;,&quot;legend&quot;:&quot;0\\\/5 - (0 b\u00ecnh ch\u1ecdn)&quot;,&quot;size&quot;:&quot;24&quot;,&quot;title&quot;:&quot;Frozen Meat Grinder | Meat Mincer&quot;,&quot;width&quot;:&quot;0&quot;,&quot;_legend&quot;:&quot;{score}\\\/{best} - ({count} {votes})&quot;,&quot;font_factor&quot;:&quot;1.25&quot;}'>              <div class=\"kksr-stars\">      <div class=\"kksr-stars-inactive\">             <div class=\"kksr-star\" data-star=\"1\" style=\"padding-right: 5px\">               <div class=\"kksr-icon\" style=\"width: 24px; height: 24px;\"><\/div>         <\/div>             <div class=\"kksr-star\" data-star=\"2\" style=\"padding-right: 5px\">               <div class=\"kksr-icon\" style=\"width: 24px; height: 24px;\"><\/div>         <\/div>             <div class=\"kksr-star\" data-star=\"3\" style=\"padding-right: 5px\">               <div class=\"kksr-icon\" style=\"width: 24px; height: 24px;\"><\/div>         <\/div>             <div class=\"kksr-star\" data-star=\"4\" style=\"padding-right: 5px\">               <div class=\"kksr-icon\" style=\"width: 24px; height: 24px;\"><\/div>         <\/div>             <div class=\"kksr-star\" data-star=\"5\" style=\"padding-right: 5px\">               <div class=\"kksr-icon\" style=\"width: 24px; height: 24px;\"><\/div>         <\/div>     <\/div>      <div class=\"kksr-stars-active\" style=\"width: 0px;\">             <div class=\"kksr-star\" style=\"padding-right: 5px\">               <div class=\"kksr-icon\" style=\"width: 24px; height: 24px;\"><\/div>         <\/div>             <div class=\"kksr-star\" style=\"padding-right: 5px\">               <div class=\"kksr-icon\" style=\"width: 24px; height: 24px;\"><\/div>         <\/div>             <div class=\"kksr-star\" style=\"padding-right: 5px\">               <div class=\"kksr-icon\" style=\"width: 24px; height: 24px;\"><\/div>         <\/div>             <div class=\"kksr-star\" style=\"padding-right: 5px\">               <div class=\"kksr-icon\" style=\"width: 24px; height: 24px;\"><\/div>         <\/div>             <div class=\"kksr-star\" style=\"padding-right: 5px\">               <div class=\"kksr-icon\" style=\"width: 24px; height: 24px;\"><\/div>         <\/div>     <\/div> <\/div>                   <div class=\"kksr-legend\" style=\"font-size: 19.2px;\">             <span class=\"kksr-muted\">\u0110\u00e1nh gi\u00e1 s\u1ea3n ph\u1ea9m n\u00e0y<\/span>     <\/div>     <\/div>  <p>M\u00e1y xay th\u1ecbt \u0111\u00f4ng l\u1ea1nh Taizy l\u00e0 m\u00e1y c\u1eaft th\u1ecbt \u0111\u00f4ng l\u1ea1nh tr\u1ef1c ti\u1ebfp \u0111\u1ec3 t\u1ea1o th\u00e0nh d\u1ea1ng nhuy\u1ec5n. Trong qu\u00e1 tr\u00ecnh s\u1ea3n xu\u1ea5t c\u1ee7a c\u00e1c doanh nghi\u1ec7p ch\u1ebf bi\u1ebfn th\u1ecbt, nguy\u00ean li\u1ec7u th\u00f4 \u0111\u01b0\u1ee3c x\u1eed l\u00fd th\u00e0nh d\u1ea1ng h\u1ea1t theo c\u00e1c y\u00eau c\u1ea7u quy tr\u00ecnh kh\u00e1c nhau. Kh\u00f4ng c\u1ea7n ph\u1ea3i r\u00e3 \u0111\u00f4ng trong qu\u00e1 tr\u00ecnh x\u1eed l\u00fd, \u0111\u1ea3m b\u1ea3o ch\u1ea5t l\u01b0\u1ee3ng th\u1ecbt. <\/p>    <figure class=\"wp-block-image is-resized alignnone wp-image-1969\"><img loading=\"lazy\" decoding=\"async\" width=\"750\" height=\"750\" src=\"https:\/\/www.meatprocessingmachine.org\/wp-content\/uploads\/2018\/10\/Frozen-Meat-Grinder.jpg\" alt=\"M\u00e1y xay th\u1ecbt \u0111\u00f4ng l\u1ea1nh\" class=\"wp-image-1969\" style=\"object-fit:cover;width:720px;height:540px\" title=\"\" srcset=\"https:\/\/www.meatprocessingmachine.org\/wp-content\/uploads\/2018\/10\/Frozen-Meat-Grinder.jpg 750w, https:\/\/www.meatprocessingmachine.org\/wp-content\/uploads\/2018\/10\/Frozen-Meat-Grinder-300x300.jpg 300w, https:\/\/www.meatprocessingmachine.org\/wp-content\/uploads\/2018\/10\/Frozen-Meat-Grinder-150x150.jpg 150w\" sizes=\"auto, (max-width: 750px) 100vw, 750px\" \/><figcaption class=\"wp-element-caption\">M\u00e1y xay th\u1ecbt \u0111\u00f4ng l\u1ea1nh<\/figcaption><\/figure>    <p>Tuy nhi\u00ean, th\u1ecbt c\u00f3 th\u1ec3 x\u1eed l\u00fd b\u1edfi m\u00e1y xay th\u1ecbt \u0111\u00f4ng l\u1ea1nh c\u00f2n c\u00f3 nh\u1eefng y\u00eau c\u1ea7u nh\u1ea5t \u0111\u1ecbnh. Nhi\u1ec7t \u0111\u1ed9 c\u1ee7a th\u1ecbt \u0111\u00f4ng l\u1ea1nh n\u00ean kho\u1ea3ng -5\u00b0C\u201318\u00b0C. Th\u1ecbt kh\u00f4ng n\u00ean qu\u00e1 l\u1edbn, c\u00f3 th\u1ec3 s\u1eed d\u1ee5ng trong c\u00e1c nh\u00e0 m\u00e1y ch\u1ebf bi\u1ebfn th\u1ecbt v\u00e0 nh\u00e0 s\u1ea3n xu\u1ea5t th\u1ef1c ph\u1ea9m. S\u1ea3n xu\u1ea5t x\u00fac x\u00edch, vi\u00ean th\u1ecbt, v\u00e0 c\u00e1c lo\u1ea1i th\u1ef1c ph\u1ea9m kh\u00e1c.<\/p>    <h2 class=\"wp-block-heading\">Hi\u1ec3n th\u1ecb video c\u00f4ng vi\u1ec7c<\/h2>    <figure class=\"wp-block-embed is-type-video is-provider-youtube wp-block-embed-youtube\"><div class=\"wp-block-embed__wrapper\"> <iframe loading=\"lazy\" title=\"M\u00e1y xay th\u1ecbt \u0111\u00f4ng l\u1ea1nh | m\u00e1y xay th\u1ecbt \u0111\u00f4ng l\u1ea1nh| M\u00e1y xay th\u1ecbt \u0111\u00f4ng l\u1ea1nh c\u00f4ng nghi\u1ec7p | M\u00e1y xay th\u1ecbt th\u01b0\u01a1ng m\u1ea1i\" width=\"500\" height=\"281\" src=\"https:\/\/www.youtube.com\/embed\/zeO2cgZV7ZI?feature=oembed\" frameborder=\"0\" allow=\"accelerometer; autoplay; clipboard-write; encrypted-media; gyroscope; picture-in-picture; web-share\" referrerpolicy=\"strict-origin-when-cross-origin\" allowfullscreen><\/iframe> <\/div><figcaption class=\"wp-element-caption\"> Hi\u1ec3n th\u1ecb video c\u00f4ng vi\u1ec7c <\/figcaption><\/figure>    <h2 class=\"wp-block-heading\" id=\"h-the-advantages-of-frozen-meat-grinder\">\u01afu \u0111i\u1ec3m c\u1ee7a m\u00e1y xay th\u1ecbt \u0111\u00f4ng l\u1ea1nh <\/h2>    <ul class=\"wp-block-list\"> <li>B\u1ec1 m\u1eb7t ch\u1ee7 y\u1ebfu l\u00e0m b\u1eb1ng th\u00e9p kh\u00f4ng g\u1ec9, ph\u00f9 h\u1ee3p ti\u00eau chu\u1ea9n v\u1ec7 sinh, kh\u00f4ng g\u00e2y \u00f4 nhi\u1ec5m nguy\u00ean li\u1ec7u ch\u1ebf bi\u1ebfn.<\/li>    <li>D\u1ee5ng c\u1ee5 c\u00f3 kh\u1ea3 n\u0103ng ch\u1ed1ng m\u00e0i m\u00f2n cao v\u00e0 tu\u1ed5i th\u1ecd d\u00e0i.<\/li>    <li>D\u1ec5 v\u1eadn h\u00e0nh, th\u00e1o l\u1eafp, v\u1ec7 sinh, ph\u1ea1m vi x\u1eed l\u00fd r\u1ed9ng, v\u00e0 nguy\u00ean li\u1ec7u c\u00f3 th\u1ec3 gi\u1eef nguy\u00ean c\u00e1c ch\u1ea5t dinh d\u01b0\u1ee1ng v\u00e0 hi\u1ec7u qu\u1ea3 gi\u1eef t\u01b0\u01a1i t\u1ed1t.<\/li>    <li>D\u1ee5ng c\u1ee5 c\u00f3 th\u1ec3 \u0111i\u1ec1u ch\u1ec9nh ho\u1eb7c thay th\u1ebf theo y\u00eau c\u1ea7u s\u1eed d\u1ee5ng th\u1ef1c t\u1ebf.<\/li>    <li>Xay th\u1ecbt \u0111\u00f4ng l\u1ea1nh l\u00e0 thi\u1ebft b\u1ecb c\u1ea7n thi\u1ebft trong ch\u1ebf bi\u1ebfn th\u1ecbt, c\u00f3 th\u1ec3 xay th\u1ecbt \u0111\u00f4ng l\u1ea1nh tr\u1ef1c ti\u1ebfp \u0111\u1ec3 t\u1ea1o h\u00ecnh d\u1ea1ng kh\u00e1c nhau c\u1ee7a th\u1ecbt. Kh\u00f4ng l\u00e0m h\u01b0 h\u1ecfng m\u00f4 s\u1ee3i th\u1ecbt.<\/li>    <li>B\u00e1nh quay \u0111\u01b0\u1ee3c quay b\u1eb1ng v\u00edt \u0111\u1ec3 l\u00e0m cho l\u1ed7 \u0111\u0129a v\u00e0 m\u00e1y xay th\u1ecbt \u1ed5n \u0111\u1ecbnh, \u0111\u1ea3m b\u1ea3o \u0111\u1ed9 \u0111\u1ed3ng \u0111\u1ec1u c\u1ee7a th\u1ecbt. C\u00e1c lo\u1ea1i nh\u00e2n th\u1ecbt kh\u00e1c nhau c\u00f3 th\u1ec3 \u0111\u1ea1t \u0111\u01b0\u1ee3c th\u00f4ng qua c\u00e1c t\u1ed5 h\u1ee3p l\u1ed7 \u0111\u0129a kh\u00e1c nhau.<\/li>    <li>Th\u1eddi gian c\u1eaft ng\u1eafn v\u00e0 nhi\u1ec7t \u0111\u1ed9 th\u1ea5p trong qu\u00e1 tr\u00ecnh c\u1eaft gi\u00fap gi\u1eef \u0111\u1ed9 t\u01b0\u01a1i v\u00e0 k\u00e9o d\u00e0i th\u1eddi h\u1ea1n s\u1eed d\u1ee5ng.<\/li> <\/ul>   <div class=\"wp-block-image\"> <figure class=\"aligncenter size-full\"><img loading=\"lazy\" decoding=\"async\" width=\"720\" height=\"540\" src=\"https:\/\/www.meatprocessingmachine.org\/wp-content\/uploads\/2021\/10\/Frozen-meat-grinder-machine-2.jpg\" alt=\"m\u00e1y xay th\u1ecbt \u0111\u00f4ng l\u1ea1nh\" class=\"wp-image-2234\" title=\"\" srcset=\"https:\/\/www.meatprocessingmachine.org\/wp-content\/uploads\/2021\/10\/Frozen-meat-grinder-machine-2.jpg 720w, https:\/\/www.meatprocessingmachine.org\/wp-content\/uploads\/2021\/10\/Frozen-meat-grinder-machine-2-300x225.jpg 300w\" sizes=\"auto, (max-width: 720px) 100vw, 720px\" \/><figcaption class=\"wp-element-caption\">m\u00e1y xay th\u1ecbt \u0111\u00f4ng l\u1ea1nh<\/figcaption><\/figure> <\/div>   <h2 class=\"wp-block-heading\">Nhu c\u1ea7u c\u1ee7a m\u00e1y xay th\u1ecbt \u0111\u00f4ng l\u1ea1nh<\/h2>    <p>Tr\u01b0\u1edbc ti\u00ean, trong qu\u00e1 tr\u00ecnh ch\u1ebf bi\u1ebfn th\u1ecbt, nhi\u1ec7t \u0111\u1ed9 s\u1ebd t\u0103ng nh\u1eb9. N\u1ebfu d\u00f9ng th\u1ecbt t\u01b0\u01a1i tr\u1ef1c ti\u1ebfp, ch\u1ea5t l\u01b0\u1ee3ng th\u1ecbt c\u00f3 th\u1ec3 b\u1ecb \u1ea3nh h\u01b0\u1edfng sau khi qua m\u00e1y xay th\u1ecbt. Ngo\u00e0i ra, m\u00e1y xay th\u1ecbt \u0111\u00f4ng l\u1ea1nh c\u00f3 \u0111\u1ed9 s\u1eafc b\u00e9n t\u01b0\u01a1ng \u0111\u1ed1i, th\u1eddi gian xay th\u1ecbt ng\u1eafn, thu\u1eadn ti\u1ec7n b\u1ea3o qu\u1ea3n th\u1ecbt.<\/p>    <h2 class=\"wp-block-heading src grammarSection\">\u1ee8ng d\u1ee5ng c\u1ee7a m\u00e1y xay th\u1ecbt \u0111\u00f4ng l\u1ea1nh<\/h2>    <p class=\"src grammarSection translation-block\"><span class=\"transSent\" data-group=\"0-0\">\u0110\u01b0\u1ee3c s\u1eed d\u1ee5ng r\u1ed9ng r\u00e3i trong c\u00e1c ng\u00e0nh c\u00f4ng nghi\u1ec7p <a href=\"https:\/\/en.wikipedia.org\/wiki\/Sausage\" target=\"_blank\" rel=\"noopener\">x\u00fac x\u00edch<\/a>, gi\u0103m b\u00f4ng, th\u1ecbt ngu\u1ed9i, vi\u00ean th\u1ecbt, h\u01b0\u01a1ng v\u1ecb m\u1eb7n, th\u1ee9c \u0103n cho th\u00fa c\u01b0ng v\u00e0 c\u00e1c s\u1ea3n ph\u1ea9m th\u1ecbt kh\u00e1c. C\u00e1c lo\u1ea1i th\u1ecbt \u0111\u00f4ng l\u1ea1nh, th\u1ecbt t\u01b0\u01a1i, x\u01b0\u01a1ng g\u00e0, x\u01b0\u01a1ng v\u1ecbt, da l\u1ee3n, da b\u00f2, da g\u00e0, c\u00e1, tr\u00e1i c\u00e2y, rau qu\u1ea3, v.v.<\/span><\/p>   <div class=\"wp-block-image wp-image-1981\"> <figure class=\"aligncenter size-full\"><img loading=\"lazy\" decoding=\"async\" width=\"720\" height=\"540\" src=\"https:\/\/www.meatprocessingmachine.org\/wp-content\/uploads\/2018\/10\/grozen-meat-grinding-machine.webp\" alt=\"m\u00e1y xay th\u1ecbt \u0111\u00f4ng l\u1ea1nh\" class=\"wp-image-34431\" title=\"\" srcset=\"https:\/\/www.meatprocessingmachine.org\/wp-content\/uploads\/2018\/10\/grozen-meat-grinding-machine.webp 720w, https:\/\/www.meatprocessingmachine.org\/wp-content\/uploads\/2018\/10\/grozen-meat-grinding-machine-300x225.webp 300w, https:\/\/www.meatprocessingmachine.org\/wp-content\/uploads\/2018\/10\/grozen-meat-grinding-machine-16x12.webp 16w\" sizes=\"auto, (max-width: 720px) 100vw, 720px\" \/><figcaption class=\"wp-element-caption\">m\u00e1y xay th\u1ecbt \u0111\u00f4ng l\u1ea1nh<\/figcaption><\/figure> <\/div>   <h2 class=\"wp-block-heading\">Nguy\u00ean l\u00fd ho\u1ea1t \u0111\u1ed9ng c\u1ee7a m\u00e1y xay th\u1ecbt<\/h2>    <p>Nguy\u00ean l\u00fd c\u1ee7a m\u00e1y xay th\u1ecbt l\u00e0 \u0111\u1ea9y th\u1ecbt t\u1edbi dao c\u1eaft qua tr\u1ee5c \u0111\u1ea9y v\u00edt. \u0110\u1ec3 x\u1eed l\u00fd t\u1ed1t h\u01a1n th\u1ecbt c\u1ee9ng h\u01a1n v\u00e0 gi\u1ea3m thi\u1ec3u h\u01b0 h\u1ecfng cho m\u00e1y, m\u00e1y c\u1eaft th\u1ecbt \u0111\u00f4ng l\u1ea1nh c\u00f3 thi\u1ebft l\u1eadp kh\u00e1 tinh vi. \u0110\u1ea7u ti\u00ean, th\u1ecbt \u0111\u01b0\u1ee3c c\u1eaft s\u01a1 b\u1ed9, sau \u0111\u00f3 c\u1eaft nh\u1ecf, cu\u1ed1i c\u00f9ng qua l\u1ed7 \u0111\u0129a. Nguy\u00ean l\u00fd c\u1ee7a m\u00e1y d\u1ef1a tr\u00ean \u00e9p \u0111\u00f9n, tr\u1ee5c \u0111\u1ea9y v\u00edt li\u00ean t\u1ee5c lo\u1ea1i b\u1ecf ph\u1ea7n th\u1ecbt r\u1ea5t nh\u1ecf kh\u1ecfi m\u00e1y.<\/p>    <figure class=\"wp-block-gallery has-nested-images columns-default is-cropped wp-block-gallery-2 is-layout-flex wp-block-gallery-is-layout-flex\"> <figure class=\"wp-block-image size-large\"><img loading=\"lazy\" decoding=\"async\" width=\"540\" height=\"720\" data-id=\"34433\" src=\"https:\/\/www.meatprocessingmachine.org\/wp-content\/uploads\/2018\/10\/accessories.jpg\" alt=\"accessories\" class=\"wp-image-34433\" title=\"\" srcset=\"https:\/\/www.meatprocessingmachine.org\/wp-content\/uploads\/2018\/10\/accessories.jpg 540w, https:\/\/www.meatprocessingmachine.org\/wp-content\/uploads\/2018\/10\/accessories-225x300.jpg 225w, https:\/\/www.meatprocessingmachine.org\/wp-content\/uploads\/2018\/10\/accessories-9x12.jpg 9w\" sizes=\"auto, (max-width: 540px) 100vw, 540px\" \/><figcaption class=\"wp-element-caption\">Ph\u1ee5 ki\u1ec7n<\/figcaption><\/figure>    <figure class=\"wp-block-image size-large\"><img loading=\"lazy\" decoding=\"async\" width=\"540\" height=\"720\" data-id=\"34434\" src=\"https:\/\/www.meatprocessingmachine.org\/wp-content\/uploads\/2018\/10\/interior-structure.jpg\" alt=\"interior structure\" class=\"wp-image-34434\" title=\"\" srcset=\"https:\/\/www.meatprocessingmachine.org\/wp-content\/uploads\/2018\/10\/interior-structure.jpg 540w, https:\/\/www.meatprocessingmachine.org\/wp-content\/uploads\/2018\/10\/interior-structure-225x300.jpg 225w, https:\/\/www.meatprocessingmachine.org\/wp-content\/uploads\/2018\/10\/interior-structure-9x12.jpg 9w\" sizes=\"auto, (max-width: 540px) 100vw, 540px\" \/><figcaption class=\"wp-element-caption\">C\u1ea5u tr\u00fac n\u1ed9i th\u1ea5t<\/figcaption><\/figure>    <figure class=\"wp-block-image size-large\"><img loading=\"lazy\" decoding=\"async\" width=\"540\" height=\"720\" data-id=\"34435\" src=\"https:\/\/www.meatprocessingmachine.org\/wp-content\/uploads\/2018\/10\/machine-parts.jpg\" alt=\"machine parts\" class=\"wp-image-34435\" title=\"\" srcset=\"https:\/\/www.meatprocessingmachine.org\/wp-content\/uploads\/2018\/10\/machine-parts.jpg 540w, https:\/\/www.meatprocessingmachine.org\/wp-content\/uploads\/2018\/10\/machine-parts-225x300.jpg 225w, https:\/\/www.meatprocessingmachine.org\/wp-content\/uploads\/2018\/10\/machine-parts-9x12.jpg 9w\" sizes=\"auto, (max-width: 540px) 100vw, 540px\" \/><figcaption class=\"wp-element-caption\">C\u00e1c b\u1ed9 ph\u1eadn c\u1ee7a m\u00e1y<\/figcaption><\/figure> <\/figure>    <h2 class=\"wp-block-heading\" id=\"h-machine-structure\">C\u1ea5u tr\u00fac m\u00e1y xay th\u1ecbt \u0111\u00f4ng l\u1ea1nh<\/h2>    <p>&nbsp;1. Khung 2. Tr\u1ee5c xoay 3. M\u1eabu \u0111\u00f9n th\u1ecbt 4. N\u1eafp v\u00edt 5. \u1ed0ng ch\u1ee9a h\u1ea1t 6. V\u1ec9 v\u1eaft 7. Ph\u1ec5u 8. B\u1ed9 gi\u1ea3m t\u1ed1c 9. B\u00e1nh \u0111\u00e0 l\u1edbn 10. \u0110\u1ed9ng c\u01a1 11. D\u00e2y \u0111ai tam gi\u00e1c 12. B\u00e1nh \u0111\u00e0 nh\u1ecf.<\/p>    <h2 class=\"wp-block-heading\" id=\"h-technical-parameter-of-commercial-meat-grinder\">Th\u00f4ng s\u1ed1 k\u1ef9 thu\u1eadt c\u1ee7a m\u00e1y xay th\u1ecbt th\u01b0\u01a1ng m\u1ea1i<\/h2>    <figure class=\"wp-block-table\"><table><tbody><tr><td>LO\u1ea0I<\/td><td>SL-100<\/td><td>SL-120<\/td><td>SL-160<\/td><td>SL-200<\/td><td>SL-250<\/td><\/tr><tr><td>C\u00f4ng su\u1ea5t(kg\/h)<\/td><td>500kg\/h<\/td><td>1500kg\/h<\/td><td>2000-3000kg\/h<\/td><td>3000-5000kg\/h<\/td><td>1t-5t<\/td><\/tr><tr><td>C\u00f4ng su\u1ea5t(kW)<\/td><td>5.5<\/td><td>7.5<\/td><td>15<\/td><td>22<\/td><td>37<\/td><\/tr><tr><td>Tr\u1ecdng l\u01b0\u1ee3ng(kg)<\/td><td>182<\/td><td>358<\/td><td>1200<\/td><td>1860<\/td><td>\/<\/td><\/tr><tr><td>K\u00edch th\u01b0\u1edbc(mm)<\/td><td>980*550*900<\/td><td>960*550*1080<\/td><td>1630*1100*1450<\/td><td>1780*1000*1580<\/td><td>1962*1106*1620<\/td><\/tr><\/tbody><\/table><figcaption class=\"wp-element-caption\">Th\u00f4ng s\u1ed1 k\u1ef9 thu\u1eadt c\u1ee7a m\u00e1y xay th\u1ecbt th\u01b0\u01a1ng m\u1ea1i<\/figcaption><\/figure>    <p>M\u00e1y xay th\u1ecbt \u0111\u00f4ng l\u1ea1nh th\u01b0\u01a1ng m\u1ea1i c\u1ee7a ch\u00fang t\u00f4i c\u00f3 th\u1ec3 s\u1ea3n xu\u1ea5t t\u1edbi 5 t\u1ea5n\/h. C\u00f3 5 m\u1eabu b\u00e1n ch\u1ea1y \u0111\u1ec3 b\u1ea1n l\u1ef1a ch\u1ecdn. N\u1ebfu c\u00f3 b\u1ea5t k\u1ef3 c\u00e2u h\u1ecfi n\u00e0o kh\u00e1c v\u1ec1 m\u00e1y n\u00e0y, vui l\u00f2ng li\u00ean h\u1ec7 v\u1edbi ch\u00fang t\u00f4i, ch\u00fang t\u00f4i s\u1ebd ph\u1ea3n h\u1ed3i s\u1edbm nh\u1ea5t c\u00f3 th\u1ec3.<\/p>    <h2 class=\"wp-block-heading\" id=\"h-model-selection\">L\u1ef1a ch\u1ecdn m\u00f4 h\u00ecnh m\u00e1y xay th\u1ecbt \u0111\u00f4ng l\u1ea1nh<\/h2>    <p>N\u1ebfu th\u1ecbt v\u00e0 s\u1ea3n l\u01b0\u1ee3ng c\u1ee7a b\u1ea1n nh\u1ecf, b\u1ea1n c\u00f3 th\u1ec3 ch\u1ecdn SL-100 ho\u1eb7c SL-120, n\u1ebfu l\u1edbn, b\u1ea1n n\u00ean ch\u1ecdn SL-160, SL-200 ho\u1eb7c SL-250.<\/p>   <div class=\"wp-block-image\"> <figure class=\"aligncenter size-full is-resized\"><img loading=\"lazy\" decoding=\"async\" width=\"800\" height=\"600\" src=\"https:\/\/www.meatprocessingmachine.org\/wp-content\/uploads\/2021\/09\/Frozen-Meat-Grinder-5.jpg\" alt=\"\" class=\"wp-image-1980\" style=\"width:720px;height:540px\" title=\"\" srcset=\"https:\/\/www.meatprocessingmachine.org\/wp-content\/uploads\/2021\/09\/Frozen-Meat-Grinder-5.jpg 800w, https:\/\/www.meatprocessingmachine.org\/wp-content\/uploads\/2021\/09\/Frozen-Meat-Grinder-5-300x225.jpg 300w, https:\/\/www.meatprocessingmachine.org\/wp-content\/uploads\/2021\/09\/Frozen-Meat-Grinder-5-768x576.jpg 768w\" sizes=\"auto, (max-width: 800px) 100vw, 800px\" \/><figcaption class=\"wp-element-caption\">M\u00e1y xay th\u1ecbt \u0111\u00f4ng l\u1ea1nh<\/figcaption><\/figure> <\/div>   <h2 class=\"wp-block-heading\">X\u1eed l\u00fd nguy\u00ean li\u1ec7u tr\u01b0\u1edbc khi xay<\/h2>    <p>M\u00e1y xay th\u1ecbt \u0111\u00f4ng l\u1ea1nh c\u00f3 th\u1ec3 x\u1eed l\u00fd th\u1ecbt \u0111\u00f4ng l\u1ea1nh t\u1eeb -5\u00b0C \u0111\u1ebfn -18\u00b0C. Trong qu\u00e1 tr\u00ecnh s\u1eed d\u1ee5ng, nguy\u00ean li\u1ec7u c\u00f3 th\u1ec3 h\u01a1i \u0111\u00f4ng l\u1ea1nh, v\u00e0 n\u00ean \u0111\u1eb7t trong ng\u0103n \u0111\u00f4ng c\u1ee7a t\u1ee7 l\u1ea1nh, kh\u00f4ng ph\u1ea3i ng\u0103n m\u00e1t. B\u1edfi v\u00ec, sau m\u1ed9t th\u1eddi gian ng\u1eafn \u0111\u00f4ng l\u1ea1nh, th\u1ecbt tr\u1edf n\u00ean gi\u00f2n h\u01a1n, t\u00e1ch r\u1eddi m\u1ec1m h\u01a1n, v\u00e0 kh\u00f4ng d\u00ednh. <\/p>    <p class=\"translation-block\">L\u01b0u \u00fd r\u1eb1ng, trong qu\u00e1 tr\u00ecnh \u0111\u00f4ng l\u1ea1nh, c\u1ea7n \u0111\u00f4ng th\u00e0nh mi\u1ebfng nh\u1ecf. N\u1ebfu mi\u1ebfng th\u1ecbt \u0111\u00f4ng l\u1ea1nh l\u1edbn, c\u1ea7n \u0111\u01b0\u1ee3c nghi\u1ec1n b\u1eb1ng <a href=\"https:\/\/www.meatprocessingmachine.org\/vi\/frozen-meat-cutting-machine.html\/\">m\u00e1y nghi\u1ec1n th\u1ecbt<\/a> \u0111\u1ec3 x\u1eed l\u00fd.<\/p>    <h2 class=\"wp-block-heading\">B\u01b0\u1edbc v\u1eadn h\u00e0nh m\u00e1y xay th\u1ecbt \u0111\u00f4ng l\u1ea1nh<\/h2>   <div class=\"wp-block-image\"> <figure class=\"aligncenter size-full is-resized\"><img loading=\"lazy\" decoding=\"async\" width=\"627\" height=\"520\" src=\"https:\/\/www.meatprocessingmachine.org\/wp-content\/uploads\/2021\/09\/Frozen-Meat-Grinder-Operate-step.png\" alt=\"Operate\u00a0step\" class=\"wp-image-1968\" style=\"width:720px;height:540px\" title=\"\" srcset=\"https:\/\/www.meatprocessingmachine.org\/wp-content\/uploads\/2021\/09\/Frozen-Meat-Grinder-Operate-step.png 627w, https:\/\/www.meatprocessingmachine.org\/wp-content\/uploads\/2021\/09\/Frozen-Meat-Grinder-Operate-step-300x249.png 300w\" sizes=\"auto, (max-width: 627px) 100vw, 627px\" \/><figcaption class=\"wp-element-caption\"> B\u01b0\u1edbc v\u1eadn h\u00e0nh <\/figcaption><\/figure> <\/div>   <ol class=\"wp-block-list\" style=\"list-style-type:1\"> <li>Sau khi k\u1ebft n\u1ed1i \u0111i\u1ec7n ba pha, nh\u1ea5n \u201cb\u1eaft \u0111\u1ea7u\u201d.<\/li>    <li>Sau khi s\u1eed d\u1ee5ng xong \/ khi x\u1ea3y ra l\u1ed7i, nh\u1ea5n \u201cd\u1eebng\u201d.<\/li>    <li>Khi v\u1eadt li\u1ec7u b\u1ecb t\u1eafc v\u00e0 m\u00e1y kh\u00f4ng th\u1ec3 x\u1ea3, nh\u1ea5n \u201cng\u01b0\u1ee3c\u201d<\/li> <\/ol>","protected":false},"excerpt":{"rendered":"<p>The frozen meat grinder is a machine that cuts the frozen meat directly to form a puree. In the meat processing enterprises in the production process,the raw meat is processed into granular meat with different specifications according to different process requirements.It does not need to be thawed during the processing process, which ensures the quality of the meat. However, the meat that can be processed by the frozen meat grinder also has certain requirements. The temperature of frozen meat should be around -5\u00b0C&#8211;18\u00b0C. The meat should not be too large, and it can be used in meat processing plants and food manufacturers. . Produce sausages, meatballs and other foods.<\/p>","protected":false},"author":1,"featured_media":1869,"parent":0,"template":"","product-type":[590],"class_list":["post-96","product","type-product","status-publish","has-post-thumbnail","hentry","product-type-meat-grinding-machine"],"_links":{"self":[{"href":"https:\/\/www.meatprocessingmachine.org\/vi\/wp-json\/wp\/v2\/product\/96","targetHints":{"allow":["GET"]}}],"collection":[{"href":"https:\/\/www.meatprocessingmachine.org\/vi\/wp-json\/wp\/v2\/product"}],"about":[{"href":"https:\/\/www.meatprocessingmachine.org\/vi\/wp-json\/wp\/v2\/types\/product"}],"author":[{"embeddable":true,"href":"https:\/\/www.meatprocessingmachine.org\/vi\/wp-json\/wp\/v2\/users\/1"}],"wp:featuredmedia":[{"embeddable":true,"href":"https:\/\/www.meatprocessingmachine.org\/vi\/wp-json\/wp\/v2\/media\/1869"}],"wp:attachment":[{"href":"https:\/\/www.meatprocessingmachine.org\/vi\/wp-json\/wp\/v2\/media?parent=96"}],"wp:term":[{"taxonomy":"product-type","embeddable":true,"href":"https:\/\/www.meatprocessingmachine.org\/vi\/wp-json\/wp\/v2\/product-type?post=96"}],"curies":[{"name":"wp","href":"https:\/\/api.w.org\/{rel}","templated":true}]}}